{"id":253,"date":"2020-08-20T12:07:15","date_gmt":"2020-08-20T10:07:15","guid":{"rendered":"https:\/\/fileboom.info\/experiencias-y-pruebas-de-fileboom\/"},"modified":"2023-10-18T20:05:53","modified_gmt":"2023-10-18T18:05:53","slug":"experiencias-y-pruebas-de-fileboom","status":"publish","type":"page","link":"https:\/\/fileboom.info\/es\/","title":{"rendered":"Experiencias y pruebas de Fileboom"},"content":{"rendered":"\n<div class=\"wp-block-columns is-layout-flex wp-container-core-columns-is-layout-1 wp-block-columns-is-layout-flex\">\n<div class=\"wp-block-column is-layout-flow wp-block-column-is-layout-flow\" style=\"flex-basis:33.33%\">\n<figure class=\"wp-block-image size-full\"><img loading=\"lazy\" decoding=\"async\" width=\"512\" height=\"512\" src=\"https:\/\/fileboom.info\/wp-content\/uploads\/2021\/11\/fileboom.jpg\" alt=\"Fileboom\" class=\"wp-image-598\" srcset=\"https:\/\/fileboom.info\/wp-content\/uploads\/2021\/11\/fileboom.jpg 512w, https:\/\/fileboom.info\/wp-content\/uploads\/2021\/11\/fileboom-300x300.jpg 300w, https:\/\/fileboom.info\/wp-content\/uploads\/2021\/11\/fileboom-150x150.jpg 150w\" sizes=\"(max-width: 512px) 100vw, 512px\" \/><\/figure>\n<\/div>\n\n\n\n<div class=\"wp-block-column is-layout-flow wp-block-column-is-layout-flow\" style=\"flex-basis:66.66%\">\n<p>El filehoster premium Fileboom.me ha sido una plataforma de alojamiento de archivos durante varios a\u00f1os con un n\u00famero cada vez mayor de usuarios y una gran popularidad. Pero, \u00bfrealmente cumple sus promesas? \u00bfCu\u00e1les son las ventajas? \u00bfY qu\u00e9 tan segura y seria es la oferta? Hicimos la prueba detallada y enviamos Fileboom con todas las funciones y los accesos premium al banco de pruebas.<\/p>\n\n\n\n<div class=\"wp-block-buttons is-layout-flex wp-block-buttons-is-layout-flex\">\n<div class=\"wp-block-button\"><a class=\"wp-block-button__link has-white-color has-vivid-cyan-blue-background-color has-text-color has-background\" href=\"https:\/\/fileboom.info\/go\/fileboom\/\" style=\"border-radius:10px\" rel=\"sponsored\"><strong><span class=\"has-inline-color has-white-color\">Ir a Fileboom &gt;&gt;<\/span><\/strong><\/a><\/div>\n<\/div>\n<\/div>\n<\/div>\n\n<h2 class=\"wp-block-heading\">Fileboom present\u00f3 brevemente<\/h2>\n\n<p>Fileboom es un hoster de archivos premium que se especializa en el almacenamiento seguro de datos. El proveedor de Edimburgo, Gran Breta\u00f1a, que ha estado agitando el mercado de filehoster desde 2014, ofrece no solo el almacenamiento, sino tambi\u00e9n la descarga de archivos y datos. Fileboom ofrece una cuenta gratuita. Si desea disfrutar de 5 GB de volumen de almacenamiento y un tiempo de carga y descarga ultrarr\u00e1pido, le recomendamos el rentable paquete premium. El hoster de archivos cumple con los \u00faltimos est\u00e1ndares de seguridad y regulaciones de protecci\u00f3n de datos. El pago se realiza a trav\u00e9s de PayPal y con las principales tarjetas de cr\u00e9dito.<\/p>\n\n<h2 class=\"wp-block-heading\">Las 4 cuentas y ofertas<\/h2>\n\n<p>El acceso Premium est\u00e1 disponible en 4 variantes. Las diferencias radican en el plazo y un precio escalonado. Con un plazo m\u00e1s largo, se pueden hacer ahorros significativos. Los paquetes m\u00e1s atractivos son probablemente de 90 d\u00edas por $ 49.95 o incluso la membres\u00eda anual por $ 129.95.<\/p>\n\n<p>Una descripci\u00f3n detallada <a href=\"#Fileboom-Kosten\" class=\"rank-math-link\">de los costos se puede encontrar aqu\u00ed.<\/a><\/p>\n\n<figure class=\"wp-block-image size-full\"><img loading=\"lazy\" decoding=\"async\" width=\"800\" height=\"600\" src=\"https:\/\/fileboom.info\/wp-content\/uploads\/2022\/09\/Fileboom-Screenshot-Kosten.jpg\" alt=\"Cuentas de Fileboom\" class=\"wp-image-658\" srcset=\"https:\/\/fileboom.info\/wp-content\/uploads\/2022\/09\/Fileboom-Screenshot-Kosten.jpg 800w, https:\/\/fileboom.info\/wp-content\/uploads\/2022\/09\/Fileboom-Screenshot-Kosten-300x225.jpg 300w, https:\/\/fileboom.info\/wp-content\/uploads\/2022\/09\/Fileboom-Screenshot-Kosten-768x576.jpg 768w\" sizes=\"(max-width: 800px) 100vw, 800px\" \/><\/figure>\n\n<div class=\"wp-block-buttons is-layout-flex wp-block-buttons-is-layout-flex\">\n<div class=\"wp-block-button\"><a class=\"wp-block-button__link has-white-color has-vivid-cyan-blue-background-color has-text-color has-background\" href=\"https:\/\/fileboom.info\/go\/fileboom\/\" style=\"border-radius:10px\"><strong><span class=\"has-inline-color has-white-color\">Ir a Fileboom &gt;&gt;<\/span><\/strong><\/a><\/div>\n<\/div>\n\n<h2 class=\"wp-block-heading\">La cuenta Premium de Fileboom de un vistazo<\/h2>\n\n<p>El acceso premium tendr\u00e1 sentido para la mayor\u00eda de los usuarios. Las ventajas sobre el acceso est\u00e1ndar est\u00e1n sobre todo en la velocidad de descarga, el tama\u00f1o del archivo y la posibilidad de ejecutar varias descargas en paralelo. Hemos probado Fileboom Premium para usted y hemos reunido todas las ventajas, funciones y notas sobre la privacidad y la interfaz de usuario.<\/p>\n\n<h3 class=\"wp-block-heading\">Ventajas de Fileboom Premium<\/h3>\n\n<p><b style=\"background-color: transparent; letter-spacing: 0.2px;\">Descarga m\u00e1s r\u00e1pido<\/b><br\/>Con un acceso premium, los usuarios pueden aprovechar al m\u00e1ximo la velocidad de descarga sin restricciones. Aunque actualmente no existe una prueba de velocidad neutral, las tarifas para nuestras propias pruebas de usuario son de aproximadamente 50 kb \/ s en la versi\u00f3n gratuita y en la versi\u00f3n premium en un rango entre <b>750 kb \/ s a 1.5 Mb \/ s.<\/b><\/p>\n\n<p><b>Tama\u00f1o m\u00e1ximo del archivo<\/b><br\/>Fileboom Premium permite archivos mucho m\u00e1s grandes en carga y descarga de <b>hasta un m\u00e1ximo de 5GB.<\/b> Para uso gratuito, el proveedor especifica un l\u00edmite de 500 Mb.<\/p>\n\n<p><b>Gestor <br\/> de descargas<\/b> Los gestores de descargas externos, como .B se pueden encontrar aqu\u00ed en Heise, se pueden utilizar sin ning\u00fan problema. <b>JDownloader tambi\u00e9n<\/b> funciona tan bien como la aplicaci\u00f3n bajo <b>varias VPN y proxies.<\/b> Sin embargo, es de esperar que la velocidad disminuya.<\/p>\n\n<p>VpnS con proxies en oferta se pueden encontrar aqu\u00ed, por ejemplo:<\/p>\n\n<ul class=\"wp-block-list\"><li>PIA<\/li><li>VPN segura<\/li><li>Nvpn<\/li><li>Ovpn<\/li><li>Privacidad perfecta<\/li><li>Ironsocket<\/li><\/ul>\n\n<p><b><br\/> Almacenamiento m\u00e1s largo<\/b> Las descargas incompletas o los archivos inactivos se almacenan durante un per\u00edodo de hasta tres meses, de modo que no se pierde nada incluso durante un descanso.<\/p>\n\n<p><b>M\u00faltiples descargas <br\/> en paralelo<\/b> Un factor no tan insignificante que habla del acceso premium: puedes iniciar varias descargas al mismo tiempo. Esto no es posible en la versi\u00f3n gratuita.<\/p>\n\n<p><b>Sin <br\/> tiempo de espera<\/b> En la cuenta Premium, no hay tiempo de espera de 30 segundos antes de que comience una descarga. Las descargas comienzan inmediatamente y sin demora.<\/p>\n\n<figure class=\"wp-block-image\"><img decoding=\"async\" src=\"https:\/\/fileboom.info\/wp-content\/uploads\/2020\/07\/Fileboom-Screenshot-Funktionen.jpg\" alt=\"Funciones de captura de pantalla de Filehosting\"\/><\/figure>\n\n<h3 class=\"wp-block-heading\">A\u00fan m\u00e1s rendimiento con Premium Pro<\/h3>\n\n<p>La cuenta Premium tambi\u00e9n se puede optimizar a\u00fan m\u00e1s eligiendo la actualizaci\u00f3n a Premium Pro. La nueva cuenta Premium Pro de Fileboom ofrece a\u00fan m\u00e1s rendimiento que la cuenta Premium normal. Adem\u00e1s, hay el siguiente plus en las caracter\u00edsticas:<\/p>\n\n<ul class=\"wp-block-list\"><li>50 GB en lugar de 20 GB de tr\u00e1fico diario<\/li><li>No m\u00e1s limitaci\u00f3n de velocidad<\/li><li>Los videos tambi\u00e9n se pueden ver en l\u00ednea<\/li><li>Las descargas son 100% anonymizadas<\/li><li>El tama\u00f1o m\u00e1ximo del archivo es de 10 GB en lugar de 5 GB<\/li><\/ul>\n\n<figure class=\"wp-block-image size-full\"><img loading=\"lazy\" decoding=\"async\" width=\"950\" height=\"310\" src=\"https:\/\/fileboom.info\/wp-content\/uploads\/2021\/03\/Fileboom-Premium-Pro-Features.jpg\" alt=\"Caracter&#xED;sticas de Fileboom Premium Pro\" class=\"wp-image-320\" srcset=\"https:\/\/fileboom.info\/wp-content\/uploads\/2021\/03\/Fileboom-Premium-Pro-Features.jpg 950w, https:\/\/fileboom.info\/wp-content\/uploads\/2021\/03\/Fileboom-Premium-Pro-Features-300x98.jpg 300w, https:\/\/fileboom.info\/wp-content\/uploads\/2021\/03\/Fileboom-Premium-Pro-Features-768x251.jpg 768w\" sizes=\"(max-width: 950px) 100vw, 950px\" \/><\/figure>\n\n<div class=\"wp-block-buttons is-layout-flex wp-block-buttons-is-layout-flex\">\n<div class=\"wp-block-button\"><a class=\"wp-block-button__link has-white-color has-vivid-cyan-blue-background-color has-text-color has-background\" href=\"https:\/\/fileboom.info\/go\/fileboom\/\" style=\"border-radius:10px\"><strong><span class=\"has-inline-color has-white-color\">Ir a Fileboom &gt;&gt;<\/span><\/strong><\/a><\/div>\n<\/div>\n\n<h3 class=\"wp-block-heading\">Otras funciones<\/h3>\n\n<p><strong>Carga a trav\u00e9s de FTP y HTTP<\/strong><br\/>Las cargas se pueden iniciar convenientemente en cualquier momento a trav\u00e9s de FTP y HTTP.<\/p>\n\n<p><strong>Funci\u00f3n de informe<\/strong><br\/>Los informes predefinidos se pueden recuperar en la cuenta. Por lo tanto, siempre tiene una visi\u00f3n general de las cargas y descargas anteriores por d\u00edas, semanas y meses.<\/p>\n\n<h3 class=\"wp-block-heading\">usabilidad<\/h3>\n\n<p>Fileboom ha sido construido por los desarrolladores en una usabilidad intuitiva. Lo hicieron deliberadamente sin una complicada e incomprensible gu\u00eda de usuario, para que no pierdas tiempo innecesario en entender la herramienta Filehoster.<\/p>\n\n<h3 class=\"wp-block-heading\">Registro<\/h3>\n\n<p>A diferencia de otros alojamientos de archivos, aqu\u00ed tambi\u00e9n se tuvo en cuenta la facilidad de uso: El registro simplemente se realiza a trav\u00e9s de cuentas de Google o Facebook. Si no quieres vincular las cuentas con Fileboom, puedes introducir cualquier direcci\u00f3n de correo electr\u00f3nico y contrase\u00f1a. Esto te llevar\u00e1 a la interfaz de usuario, donde puedes empezar a subir datos de inmediato.<\/p>\n\n<h3 class=\"wp-block-heading\">Privacidad, seguridad y protecci\u00f3n de datos<\/h3>\n\n<p>La seguridad y la protecci\u00f3n de datos son probablemente las razones m\u00e1s importantes por las que uno se decide a favor o en contra de un filehoster. Es por eso que miramos de cerca estos aspectos y los ponemos a prueba con expertos en inform\u00e1tica. Fileboom utiliza las \u00faltimas tecnolog\u00edas de seguridad y encriptaci\u00f3n. As\u00ed que los datos se almacenan de forma absolutamente segura en los servidores de Fileboom. Todos los pagos est\u00e1n a salvo del acceso de terceros gracias a las \u00faltimas tecnolog\u00edas de encriptaci\u00f3n.<\/p>\n\n<div class=\"wp-block-buttons is-layout-flex wp-block-buttons-is-layout-flex\">\n<div class=\"wp-block-button\"><a class=\"wp-block-button__link has-white-color has-vivid-cyan-blue-background-color has-text-color has-background\" href=\"https:\/\/fileboom.info\/go\/fileboom\/\" style=\"border-radius:10px\"><strong><span class=\"has-inline-color has-white-color\">Ir a Fileboom &gt;&gt;<\/span><\/strong><\/a><\/div>\n<\/div>\n\n<h2 class=\"wp-block-heading\" id=\"Fileboom-1\">Costos y pago del fileboom<\/h2>\n\n<p>Los costos son manejables. El hoster de archivos es considerado una de las soluciones m\u00e1s baratas del mercado. Los costos se reducen con tiempos de funcionamiento m\u00e1s largos. Puede obtener un mes entero por $ 19.95. Con solo $ 49.95, la oferta de 3 meses es probablemente el mejor valor para la mayor\u00eda de los usuarios. Por $ 129.95 obtienes un a\u00f1o completo de acceso a Fileboom Premium y obtienes la puntuaci\u00f3n m\u00e1s barata.<\/p>\n\n<p><strong>Todas las cuentas Premium de Fileboom de un vistazo:<\/strong><\/p>\n\n<figure class=\"wp-block-table is-style-regular\"><table><thead><tr><th>30 d\u00edas<\/th><th>90 d\u00edas<\/th><th>365 d\u00edas<\/th><\/tr><\/thead><tbody><tr><td>No hay costes ocultos<br\/><strong>US$ 19.95<\/strong><br\/>(Pro Premium: $29.95)<br\/>30 d\u00edas<\/td><td>No hay costes ocultos<br\/><strong>US$ 49.95<\/strong><br\/>(Pro Premium: $69.95)<br\/>90 d\u00edas<\/td><td>No hay costes ocultos<br\/><strong>US$ 129,95<\/strong><br\/>(Pro Premium: $179.95)<br\/>durante 1 a\u00f1o<\/td><\/tr><tr><td>$0.67\/d\u00eda<\/td><td>$0.55\/d\u00eda<\/td><td>$0.36\/d\u00eda<\/td><\/tr><tr><td><a href=\"https:\/\/fileboom.info\/go\/fileboom\/\">Seleccione<\/a><\/td><td><a href=\"https:\/\/fileboom.info\/go\/fileboom\/\">Seleccione<\/a><\/td><td><a class=\"rank-math-link\" href=\"https:\/\/fileboom.info\/go\/fileboom\/\">Seleccione<\/a><\/td><\/tr><tr><td>Pago 100% seguro<\/td><td>Pago 100% seguro<\/td><td>Pago 100% seguro<\/td><\/tr><\/tbody><\/table><\/figure>\n\n<h3 class=\"wp-block-heading\">Vales y descuentos para el Fileboom<\/h3>\n\n<p>Debido a su clara estructura de precios y bajas tarifas, Fileboom es uno de los proveedores m\u00e1s baratos en el mercado de filehoster. En consecuencia, el anfitri\u00f3n de archivos se abstiene de emitir c\u00f3digos de cup\u00f3n o descuentos, que otros competidores a su vez cotizan. De esta manera, el usuario recibe un precio transparente y justo.<\/p>\n\n<h3 class=\"wp-block-heading\">M\u00e9todos de pago aceptados<\/h3>\n\n<p>En el lado del proveedor, se ofrecen las tarjetas de cr\u00e9dito comunes Visa, Mastercard, American Express, pero tambi\u00e9n Discover y JCB. Adem\u00e1s, puedes pagar en Bitcoin. Los medios de pago locales tambi\u00e9n est\u00e1n cubiertos por los correspondientes enlaces de revendedores, incluidos PayPal.<\/p>\n\n<p><strong>Todas las opciones de pago de un vistazo:<\/strong><\/p>\n<div class=\"wp-block-image\">\n<figure class=\"aligncenter size-full\"><img loading=\"lazy\" decoding=\"async\" width=\"900\" height=\"290\" src=\"https:\/\/fileboom.info\/wp-content\/uploads\/2021\/03\/Fileboom-Payments.jpg\" alt=\"Pagos de Fileboom\" class=\"wp-image-333\" srcset=\"https:\/\/fileboom.info\/wp-content\/uploads\/2021\/03\/Fileboom-Payments.jpg 900w, https:\/\/fileboom.info\/wp-content\/uploads\/2021\/03\/Fileboom-Payments-300x97.jpg 300w, https:\/\/fileboom.info\/wp-content\/uploads\/2021\/03\/Fileboom-Payments-768x247.jpg 768w\" sizes=\"(max-width: 900px) 100vw, 900px\" \/><\/figure><\/div>\n<h3 class=\"wp-block-heading\">Use Fileboom de forma gratuita<\/h3>\n\n<p>La versi\u00f3n b\u00e1sica de Fileboom es gratuita. Si desea aceptar algunas restricciones en comparaci\u00f3n con la versi\u00f3n premium, se recomienda la versi\u00f3n b\u00e1sica. Las restricciones se componen de los siguientes puntos:<\/p>\n\n<ul class=\"wp-block-list\"><li>Solo una descarga: la versi\u00f3n b\u00e1sica no se descarga en paralelo<\/li><li>Mayor tiempo de espera: Hay que esperar un poco hasta que se inicie la descarga, pero hasta 30 segundos<\/li><li>Velocidad acelerada: Fileboom en la versi\u00f3n b\u00e1sica es m\u00e1s lento que en la versi\u00f3n premium<\/li><li>Menor tiempo de almacenamiento: los datos inactivos solo se almacenan durante 30 d\u00edas<\/li><li>Consultas de publicidad y captcha: Para poder ofrecer la versi\u00f3n gratuita, Fileboom muestra publicidad en Internet. Adem\u00e1s, las consultas de Captcha se producen regularmente<\/li><li>Sin gestor de descargas: La versi\u00f3n gratuita no ofrece un gestor de descargas.<\/li><\/ul>\n\n<div class=\"wp-block-buttons is-layout-flex wp-block-buttons-is-layout-flex\">\n<div class=\"wp-block-button\"><a class=\"wp-block-button__link has-white-color has-vivid-cyan-blue-background-color has-text-color has-background\" href=\"https:\/\/fileboom.info\/go\/fileboom\/\" style=\"border-radius:10px\"><strong><span class=\"has-inline-color has-white-color\">Ir a Fileboom &gt;&gt;<\/span><\/strong><\/a><\/div>\n<\/div>\n\n<p>As\u00ed que si necesita un poco m\u00e1s de potencia, usted est\u00e1 bien aconsejado con la versi\u00f3n premium pagada pero barata.<\/p>\n\n<h2 class=\"wp-block-heading\">Support &amp; Servicio de atenci\u00f3n al cliente<\/h2>\n\n<p>El servicio de atenci\u00f3n al cliente de Fileboom ofrece un \u00e1rea de ayuda en desuso para las preguntas m\u00e1s frecuentes, que deber\u00eda responder al 95% de las preguntas de los usuarios. En caso de que el problema sea un poco m\u00e1s complicado, puede contactar directamente con el proveedor con su solicitud. Hemos hecho la experiencia de que Fimeboom le dar\u00e1 una soluci\u00f3n en muy poco tiempo. El \u00e1rea auxiliar se puede encontrar bajo HELP en el pie de p\u00e1gina del sitio.<\/p>\n\n<h2 class=\"wp-block-heading\">Alternativas al Fileboom<\/h2>\n\n<p>Hay una lista muy larga de diferentes hosts de archivos. Dado que Fileboom viene de la misma casa que Keep 2 Share, definitivamente vale la pena echar un vistazo al \u00abhermano mayor\u00bb. Otro portal de hospedaje de archivos del proveedor se puede encontrar en TezFiles. <\/p>\n\n<p><a role=\"button\" class=\"rank-math-link\" href=\"https:\/\/fileboom.info\/go\/keep2share\/\"><br\/>Ir a Keep 2 Share<br\/><\/a><br\/><a role=\"button\" class=\"rank-math-link\" href=\"https:\/\/fileboom.info\/go\/tezfiles\/\"><br\/>Ir a TezFiles<br\/><\/a><\/p>\n\n<h2 class=\"wp-block-heading\">Nuestra conclusi\u00f3n sobre Fileboom<\/h2>\n\n<p>Nuestra experiencia con Fileboom ha sido consistentemente positiva. En t\u00e9rminos de utilidad, precio, seguridad y privacidad, el filehoster en Escocia no ha dejado mucho que desear. Nos convenci\u00f3 el paquete b\u00e1sico gratuito para que puedas probar Fileboom y sus funciones en paz y tranquilidad. Si necesitas una velocidad de descarga muy alta y al mismo tiempo ejecutar descargas, el paquete premium es muy bueno para ti. Nos gust\u00f3 el sencillo proceso de registro as\u00ed como la facilidad de uso en el d\u00eda a d\u00eda, que prescinde de aparatos innecesarios y que consumen mucho tiempo. La oferta se completa con la afirmaci\u00f3n inflexible de Fileboom de ofrecer a sus clientes los m\u00e1s modernos y seguros protocolos de encriptaci\u00f3n.<\/p>\n\n<div class=\"wp-block-buttons is-layout-flex wp-block-buttons-is-layout-flex\">\n<div class=\"wp-block-button\"><a class=\"wp-block-button__link has-white-color has-vivid-cyan-blue-background-color has-text-color has-background\" href=\"https:\/\/fileboom.info\/go\/fileboom\/\" style=\"border-radius:10px\"><strong><span class=\"has-inline-color has-white-color\">Ir a Fileboom &gt;&gt;<\/span><\/strong><\/a><\/div>\n<\/div>\n\n<h2 class=\"wp-block-heading\">Videos relevantes sobre Fileboom<\/h2>\n\n<div class=\"wp-block-columns is-layout-flex wp-container-core-columns-is-layout-2 wp-block-columns-is-layout-flex\">\n<div class=\"wp-block-column is-layout-flow wp-block-column-is-layout-flow\">\n<figure class=\"wp-block-image size-large\"><a href=\"https:\/\/www.youtube.com\/embed\/CuXqwaUPgOM?feature=oembed&amp;autoplay=1&amp;rel=0&amp;controls=0\" target=\"_blank\" rel=\"noopener\"><img loading=\"lazy\" decoding=\"async\" width=\"400\" height=\"250\" src=\"https:\/\/fileboom.info\/wp-content\/uploads\/2020\/07\/FILEBOOM-VIDEO1.jpg\" alt=\"Video n&#xBA; 1\" class=\"wp-image-125\" srcset=\"https:\/\/fileboom.info\/wp-content\/uploads\/2020\/07\/FILEBOOM-VIDEO1.jpg 400w, https:\/\/fileboom.info\/wp-content\/uploads\/2020\/07\/FILEBOOM-VIDEO1-300x188.jpg 300w\" sizes=\"(max-width: 400px) 100vw, 400px\" \/><\/a><figcaption>Video 1<\/figcaption><\/figure>\n<\/div>\n\n\n\n<div class=\"wp-block-column is-layout-flow wp-block-column-is-layout-flow\">\n<figure class=\"wp-block-image size-large\"><a href=\"https:\/\/www.youtube.com\/embed\/UAQlEPPeYZQ?feature=oembed&amp;autoplay=1&amp;rel=0&amp;controls=0\" target=\"_blank\" rel=\"noopener\"><img loading=\"lazy\" decoding=\"async\" width=\"400\" height=\"250\" src=\"https:\/\/fileboom.info\/wp-content\/uploads\/2020\/07\/FILEBOOM-VIDEO2.jpg\" alt=\"Video N&#xBA; 2\" class=\"wp-image-126\" srcset=\"https:\/\/fileboom.info\/wp-content\/uploads\/2020\/07\/FILEBOOM-VIDEO2.jpg 400w, https:\/\/fileboom.info\/wp-content\/uploads\/2020\/07\/FILEBOOM-VIDEO2-300x188.jpg 300w\" sizes=\"(max-width: 400px) 100vw, 400px\" \/><\/a><figcaption>Video 2<\/figcaption><\/figure>\n<\/div>\n\n\n\n<div class=\"wp-block-column is-layout-flow wp-block-column-is-layout-flow\">\n<figure class=\"wp-block-image size-large\"><a href=\"https:\/\/www.youtube.com\/embed\/CuXqwaUPgOM?feature=oembed&amp;autoplay=1&amp;rel=0&amp;controls=0\" target=\"_blank\" rel=\"noopener\"><img loading=\"lazy\" decoding=\"async\" width=\"400\" height=\"250\" src=\"https:\/\/fileboom.info\/wp-content\/uploads\/2020\/07\/FILEBOOM-VIDEO3.jpg\" alt=\"Video N&#xBA; 3\" class=\"wp-image-127\" srcset=\"https:\/\/fileboom.info\/wp-content\/uploads\/2020\/07\/FILEBOOM-VIDEO3.jpg 400w, https:\/\/fileboom.info\/wp-content\/uploads\/2020\/07\/FILEBOOM-VIDEO3-300x188.jpg 300w\" sizes=\"(max-width: 400px) 100vw, 400px\" \/><\/a><figcaption>Video 3<\/figcaption><\/figure>\n<\/div>\n<\/div>\n\n<h2 class=\"wp-block-heading\">Preguntas frecuentes sobre Fileboom &#8211; preguntas frecuentes<\/h2>\n<div id=\"rank-math-faq\" class=\"rank-math-block\">\n<div class=\"rank-math-list \">\n<div id=\"faq-question-1617026611607\" class=\"rank-math-list-item\">\n<h3 class=\"rank-math-question \">\u00bfCu\u00e1nto cuesta Fileboom?<\/h3>\n<div class=\"rank-math-answer \">\n\n<p>Fileboom es gratuito en la versi\u00f3n b\u00e1sica. Adem\u00e1s, est\u00e1n las cuentas premium que cuestan algo:<br \/>30 d\u00edas por $19.95<br \/>90 d\u00edas por $49.95<br \/>365 d\u00edas por $129.95<\/p>\n\n<\/div>\n<\/div>\n<div id=\"faq-question-1617026643406\" class=\"rank-math-list-item\">\n<h3 class=\"rank-math-question \">\u00bfQu\u00e9 tan seguro es Fileboom?<\/h3>\n<div class=\"rank-math-answer \">\n\n<p>Fileboom es uno de los proveedores m\u00e1s seguros del mercado y ha puesto las regulaciones de protecci\u00f3n de datos adecuadas. Tambi\u00e9n existen directrices para el derecho de autor y la propiedad de los datos.<\/p>\n\n<\/div>\n<\/div>\n<div id=\"faq-question-1617026661351\" class=\"rank-math-list-item\">\n<h3 class=\"rank-math-question \">\u00bfQu\u00e9 es Fileboom?<\/h3>\n<div class=\"rank-math-answer \">\n\n<p>Fileboom es un llamado Hoster de archivos en el que los datos se pueden almacenar y compartir si es necesario.<\/p>\n\n<\/div>\n<\/div>\n<\/div>\n<\/div>\n<p><\/p>\n<div style='text-align:center' class='yasr-auto-insert-overall'><!--Yasr Overall Rating Shortcode--><div class='yasr-custom-text-before-overall' id='yasr-custom-text-before-overall'>Our Score<\/div><div class=\"yasr-overall-rating\"><div class=' yasr-rater-stars'\r\n                           id='yasr-overall-rating-rater-12cac966ee190'\r\n                           data-rating='4.7'\r\n                           data-rater-starsize='24'>\r\n                       <\/div><\/div><!--End Yasr Overall Rating Shortcode--><\/div><div style='text-align:center' class='yasr-auto-insert-visitor'><!--Yasr Visitor Votes Shortcode--><div id='yasr_visitor_votes_caed6126ae90c' class='yasr-visitor-votes'><div class=\"yasr-custom-text-vv-before yasr-custom-text-vv-before-253\">Click to rate this post!<\/div><div id='yasr-vv-second-row-container-caed6126ae90c'\r\n                                        class='yasr-vv-second-row-container'><div id='yasr-visitor-votes-rater-caed6126ae90c'\r\n                                      class='yasr-rater-stars-vv'\r\n                                      data-rater-postid='253'\r\n                                      data-rating='4.8'\r\n                                      data-rater-starsize='24'\r\n                                      data-rater-readonly='false'\r\n                                      data-rater-nonce='cb2c0eecbe'\r\n                                      data-issingular='false'\r\n                                    ><\/div><div class=\"yasr-vv-stats-text-container\" id=\"yasr-vv-stats-text-container-caed6126ae90c\"><svg xmlns=\"https:\/\/www.w3.org\/2000\/svg\" width=\"20\" height=\"20\"\r\n                                   class=\"yasr-dashicons-visitor-stats\"\r\n                                   data-postid=\"253\"\r\n                                   id=\"yasr-stats-dashicon-caed6126ae90c\">\r\n                                   <path d=\"M18 18v-16h-4v16h4zM12 18v-11h-4v11h4zM6 18v-8h-4v8h4z\"><\/path>\r\n                               <\/svg><span id=\"yasr-vv-text-container-caed6126ae90c\" class=\"yasr-vv-text-container\">[Total: <span id=\"yasr-vv-votes-number-container-caed6126ae90c\">5<\/span>  Average: <span id=\"yasr-vv-average-container-caed6126ae90c\">4.8<\/span>]<\/span><\/div><div id='yasr-vv-loader-caed6126ae90c' class='yasr-vv-container-loader'><\/div><\/div><div id='yasr-vv-bottom-container-caed6126ae90c' class='yasr-vv-bottom-container'><\/div><\/div><!--End Yasr Visitor Votes Shortcode--><\/div>","protected":false},"excerpt":{"rendered":"<p>El filehoster premium Fileboom.me ha sido una plataforma de alojamiento de archivos durante varios a\u00f1os con un n\u00famero cada vez mayor de usuarios y una gran popularidad. Pero, \u00bfrealmente cumple sus promesas? \u00bfCu\u00e1les son las ventajas? \u00bfY qu\u00e9 tan segura y seria es la oferta? Hicimos la prueba detallada y enviamos Fileboom con todas las &#8230; <a title=\"Experiencias y pruebas de Fileboom\" class=\"read-more\" href=\"https:\/\/fileboom.info\/es\/\" aria-label=\"Leer m\u00e1s sobre Experiencias y pruebas de Fileboom\">Leer m\u00e1s<\/a><\/p>\n","protected":false},"author":1,"featured_media":0,"parent":0,"menu_order":0,"comment_status":"closed","ping_status":"closed","template":"","meta":{"yasr_overall_rating":4.7,"yasr_post_is_review":"","yasr_auto_insert_disabled":"","yasr_review_type":"BlogPosting","footnotes":""},"class_list":["post-253","page","type-page","status-publish"],"yasr_visitor_votes":{"stars_attributes":{"read_only":false,"span_bottom":false},"number_of_votes":5,"sum_votes":24},"_links":{"self":[{"href":"https:\/\/fileboom.info\/es\/wp-json\/wp\/v2\/pages\/253"}],"collection":[{"href":"https:\/\/fileboom.info\/es\/wp-json\/wp\/v2\/pages"}],"about":[{"href":"https:\/\/fileboom.info\/es\/wp-json\/wp\/v2\/types\/page"}],"author":[{"embeddable":true,"href":"https:\/\/fileboom.info\/es\/wp-json\/wp\/v2\/users\/1"}],"replies":[{"embeddable":true,"href":"https:\/\/fileboom.info\/es\/wp-json\/wp\/v2\/comments?post=253"}],"version-history":[{"count":19,"href":"https:\/\/fileboom.info\/es\/wp-json\/wp\/v2\/pages\/253\/revisions"}],"predecessor-version":[{"id":737,"href":"https:\/\/fileboom.info\/es\/wp-json\/wp\/v2\/pages\/253\/revisions\/737"}],"wp:attachment":[{"href":"https:\/\/fileboom.info\/es\/wp-json\/wp\/v2\/media?parent=253"}],"curies":[{"name":"wp","href":"https:\/\/api.w.org\/{rel}","templated":true}]}}