{"id":276,"date":"2020-08-20T12:08:49","date_gmt":"2020-08-20T10:08:49","guid":{"rendered":"https:\/\/fileboom.info\/proteccion-de-datos\/"},"modified":"2020-08-20T12:08:49","modified_gmt":"2020-08-20T10:08:49","slug":"proteccion-de-datos","status":"publish","type":"page","link":"https:\/\/fileboom.info\/es\/proteccion-de-datos\/","title":{"rendered":"Protecci\u00f3n de datos"},"content":{"rendered":"<h2>Datenschutz<\/h2>\n<p><strong>Protecci\u00f3n de datos<\/strong><\/p>\n<p>Los operadores de estas p\u00e1ginas se toman muy en serio la protecci\u00f3n de sus datos personales. Tratamos sus datos personales de forma confidencial y de acuerdo con las normas legales de protecci\u00f3n de datos y esta declaraci\u00f3n de protecci\u00f3n de datos.<\/p>\n<p>El uso de nuestro sitio web suele ser posible sin proporcionar datos personales. En la medida en que en nuestras p\u00e1ginas se recogen datos personales (por ejemplo, nombre, direcci\u00f3n o direcciones de correo electr\u00f3nico), esto se hace siempre de forma voluntaria, en la medida de lo posible. Estos datos no se transmitir\u00e1n a terceros sin su consentimiento expreso.<\/p>\n<p>Quisi\u00e9ramos se\u00f1alar que la transmisi\u00f3n de datos por Internet (por ejemplo, la comunicaci\u00f3n por correo electr\u00f3nico) puede tener lagunas de seguridad. No es posible una protecci\u00f3n completa de los datos contra el acceso de terceros.<\/p>\n<p><strong>Pol\u00edtica de privacidad para el uso de los plugins de Facebook (Like-Button)<\/strong><\/p>\n<p>Nuestras p\u00e1ginas integran plugins de la red social Facebook, proveedor Facebook Inc. 1 Hacker Way, Menlo Park, California 94025, USA. Puedes reconocer los plugins de Facebook por el logo de Facebook o el \u00abBot\u00f3n de Me gusta\u00bb (\u00abLike\u00bb) en nuestro sitio. Puedes encontrar una visi\u00f3n general de los plugins de Facebook aqu\u00ed: http:\/\/developers.facebook.com\/docs\/plugins\/.<\/p>\n<p>Cuando visitas nuestras p\u00e1ginas, el plugin establece una conexi\u00f3n directa entre tu navegador y el servidor de Facebook. Facebook recibe as\u00ed la informaci\u00f3n de que usted ha visitado nuestro sitio con su direcci\u00f3n IP. Si haces clic en el bot\u00f3n \u00abMe gusta\u00bb de Facebook mientras est\u00e1s conectado a tu cuenta de Facebook, puedes enlazar el contenido de nuestras p\u00e1ginas en tu perfil de Facebook. Esto permite a Facebook asociar su visita a nuestras p\u00e1ginas con su cuenta de usuario. Queremos se\u00f1alar que nosotros, como proveedores de las P\u00e1ginas, no tenemos conocimiento del contenido de los datos transmitidos ni de su uso por Facebook. Puede encontrar m\u00e1s informaci\u00f3n al respecto en la pol\u00edtica de privacidad de Facebook en http:\/\/de-de.facebook.com\/policy.php.<\/p>\n<p>Si no quieres que Facebook pueda asignar las visitas a nuestras p\u00e1ginas a tu cuenta de usuario de Facebook, cierra la sesi\u00f3n de tu cuenta de usuario de Facebook.<\/p>\n<p>Pol\u00edtica de privacidad para el uso de Google Analytics<\/p>\n<p>Este sitio web utiliza funciones del servicio de an\u00e1lisis web Google Analytics. El proveedor es Google Inc. 1600 Amphitheatre Parkway Mountain View, CA 94043, USA. Google Analytics utiliza las llamadas \u00abcookies\u00bb. Se trata de archivos de texto que se almacenan en su ordenador y que permiten un an\u00e1lisis de su uso del sitio web. La informaci\u00f3n generada por la cookie sobre el uso de este sitio web se transfiere generalmente a un servidor de Google en los EE.UU. y se almacena all\u00ed.<\/p>\n<p>Sin embargo, en el caso de que se active la anonimizaci\u00f3n de la IP en este sitio web, su direcci\u00f3n IP ser\u00e1 acortada por Google dentro de los estados miembros de la Uni\u00f3n Europea o en otros estados signatarios del Acuerdo sobre el Espacio Econ\u00f3mico Europeo antes de que esto ocurra. S\u00f3lo en casos excepcionales la direcci\u00f3n IP completa ser\u00e1 transferida a un servidor de Google en los EE.UU. y acortada all\u00ed. En nombre del operador de este sitio web, Google utilizar\u00e1 esta informaci\u00f3n para evaluar su uso del sitio web, para recopilar informes sobre las actividades del sitio web y para prestar otros servicios al operador del sitio web en relaci\u00f3n con el uso del sitio web y de Internet. La direcci\u00f3n IP transmitida por su navegador en el \u00e1mbito de Google Analytics no se combina con otros datos de Google.<\/p>\n<p>Puede rechazar el uso de cookies seleccionando la configuraci\u00f3n apropiada de su navegador, sin embargo, tenga en cuenta que si lo hace es posible que no pueda utilizar toda la funcionalidad de este sitio web. Tambi\u00e9n puede impedir la recopilaci\u00f3n de datos generados por la cookie y relacionados con su uso del sitio web (incluida su direcci\u00f3n IP) a Google y el procesamiento de estos datos por parte de Google mediante la descarga e instalaci\u00f3n del complemento del navegador disponible en el siguiente enlace: http:\/\/tools.google.com\/dlpage\/gaoptout?hl=de<\/p>\n<p>Pol\u00edtica de privacidad para el uso de Google +1<\/p>\n<p>Nuestras p\u00e1ginas usan funciones de Google +1, el proveedor es Google Inc. 1600 Amphitheatre Parkway Mountain View, CA 94043, USA.<\/p>\n<p>Recopilaci\u00f3n e intercambio de informaci\u00f3n: El bot\u00f3n Google +1 permite publicar informaci\u00f3n en todo el mundo. El bot\u00f3n Google +1 permite que usted y otros reciban contenido personalizado de Google y de nuestros socios. Google almacena tanto la informaci\u00f3n que has proporcionado para un contenido +1 como la informaci\u00f3n sobre la p\u00e1gina que has visto al hacer clic en +1. Tu +1 puede aparecer como pistas junto con el nombre y la foto de tu perfil en los servicios de Google, como en los resultados de b\u00fasqueda o en tu perfil de Google, o en cualquier otro lugar de los sitios web y de los anuncios en la web. Google registra informaci\u00f3n sobre tu actividad +1 para mejorar los servicios de Google para ti y para los dem\u00e1s. Para poder utilizar el bot\u00f3n Google +1, debes tener un perfil p\u00fablico de Google que sea visible en todo el mundo y que contenga al menos el nombre elegido para el perfil. Este nombre se utiliza en todos los servicios de Google. En algunos casos, este nombre tambi\u00e9n puede sustituir a otro nombre que hayas utilizado al compartir contenido a trav\u00e9s de tu cuenta de Google. La identidad de su perfil de Google puede mostrarse a los usuarios que conozcan su direcci\u00f3n de correo electr\u00f3nico o que tengan otra informaci\u00f3n de identificaci\u00f3n sobre usted.<\/p>\n<p>Uso de la informaci\u00f3n recogida: Adem\u00e1s de los usos descritos anteriormente, la informaci\u00f3n que usted proporcione se utilizar\u00e1 para los siguientes fines<\/p>\n<div style='text-align:center' class='yasr-auto-insert-overall'><!--Yasr Overall Rating Shortcode--><div class='yasr-custom-text-before-overall' id='yasr-custom-text-before-overall'>Our Score<\/div><div class=\"yasr-overall-rating\"><div class=' yasr-rater-stars'\r\n                           id='yasr-overall-rating-rater-b6afd9fcece61'\r\n                           data-rating='0'\r\n                           data-rater-starsize='24'>\r\n                       <\/div><\/div><!--End Yasr Overall Rating Shortcode--><\/div><div style='text-align:center' class='yasr-auto-insert-visitor'><!--Yasr Visitor Votes Shortcode--><div id='yasr_visitor_votes_f7ded66ec1f9a' class='yasr-visitor-votes'><div class=\"yasr-custom-text-vv-before yasr-custom-text-vv-before-276\">Click to rate this post!<\/div><div id='yasr-vv-second-row-container-f7ded66ec1f9a'\r\n                                        class='yasr-vv-second-row-container'><div id='yasr-visitor-votes-rater-f7ded66ec1f9a'\r\n                                      class='yasr-rater-stars-vv'\r\n                                      data-rater-postid='276'\r\n                                      data-rating='0'\r\n                                      data-rater-starsize='24'\r\n                                      data-rater-readonly='false'\r\n                                      data-rater-nonce='cb2c0eecbe'\r\n                                      data-issingular='false'\r\n                                    ><\/div><div class=\"yasr-vv-stats-text-container\" id=\"yasr-vv-stats-text-container-f7ded66ec1f9a\"><svg xmlns=\"https:\/\/www.w3.org\/2000\/svg\" width=\"20\" height=\"20\"\r\n                                   class=\"yasr-dashicons-visitor-stats\"\r\n                                   data-postid=\"276\"\r\n                                   id=\"yasr-stats-dashicon-f7ded66ec1f9a\">\r\n                                   <path d=\"M18 18v-16h-4v16h4zM12 18v-11h-4v11h4zM6 18v-8h-4v8h4z\"><\/path>\r\n                               <\/svg><span id=\"yasr-vv-text-container-f7ded66ec1f9a\" class=\"yasr-vv-text-container\">[Total: <span id=\"yasr-vv-votes-number-container-f7ded66ec1f9a\">0<\/span>  Average: <span id=\"yasr-vv-average-container-f7ded66ec1f9a\">0<\/span>]<\/span><\/div><div id='yasr-vv-loader-f7ded66ec1f9a' class='yasr-vv-container-loader'><\/div><\/div><div id='yasr-vv-bottom-container-f7ded66ec1f9a' class='yasr-vv-bottom-container'><\/div><\/div><!--End Yasr Visitor Votes Shortcode--><\/div>","protected":false},"excerpt":{"rendered":"<p>Datenschutz Protecci\u00f3n de datos Los operadores de estas p\u00e1ginas se toman muy en serio la protecci\u00f3n de sus datos personales. Tratamos sus datos personales de forma confidencial y de acuerdo con las normas legales de protecci\u00f3n de datos y esta declaraci\u00f3n de protecci\u00f3n de datos. El uso de nuestro sitio web suele ser posible sin &#8230; <a title=\"Protecci\u00f3n de datos\" class=\"read-more\" href=\"https:\/\/fileboom.info\/es\/proteccion-de-datos\/\" aria-label=\"Leer m\u00e1s sobre Protecci\u00f3n de datos\">Leer m\u00e1s<\/a><\/p>\n","protected":false},"author":1,"featured_media":0,"parent":0,"menu_order":0,"comment_status":"closed","ping_status":"closed","template":"","meta":{"yasr_overall_rating":0,"yasr_post_is_review":"","yasr_auto_insert_disabled":"","yasr_review_type":"","footnotes":""},"class_list":["post-276","page","type-page","status-publish"],"yasr_visitor_votes":{"stars_attributes":{"read_only":false,"span_bottom":false},"number_of_votes":0,"sum_votes":0},"_links":{"self":[{"href":"https:\/\/fileboom.info\/es\/wp-json\/wp\/v2\/pages\/276"}],"collection":[{"href":"https:\/\/fileboom.info\/es\/wp-json\/wp\/v2\/pages"}],"about":[{"href":"https:\/\/fileboom.info\/es\/wp-json\/wp\/v2\/types\/page"}],"author":[{"embeddable":true,"href":"https:\/\/fileboom.info\/es\/wp-json\/wp\/v2\/users\/1"}],"replies":[{"embeddable":true,"href":"https:\/\/fileboom.info\/es\/wp-json\/wp\/v2\/comments?post=276"}],"version-history":[{"count":1,"href":"https:\/\/fileboom.info\/es\/wp-json\/wp\/v2\/pages\/276\/revisions"}],"predecessor-version":[{"id":277,"href":"https:\/\/fileboom.info\/es\/wp-json\/wp\/v2\/pages\/276\/revisions\/277"}],"wp:attachment":[{"href":"https:\/\/fileboom.info\/es\/wp-json\/wp\/v2\/media?parent=276"}],"curies":[{"name":"wp","href":"https:\/\/api.w.org\/{rel}","templated":true}]}}