{"id":278,"date":"2020-08-20T12:09:28","date_gmt":"2020-08-20T10:09:28","guid":{"rendered":"https:\/\/fileboom.info\/imprenta\/"},"modified":"2020-08-20T12:18:58","modified_gmt":"2020-08-20T10:18:58","slug":"imprenta","status":"publish","type":"page","link":"https:\/\/fileboom.info\/es\/imprenta\/","title":{"rendered":"Imprenta"},"content":{"rendered":"<h2>Imprenta<\/h2>\n<p>\t\t\t\t\t\t\t\t\t\t<img decoding=\"async\" width=\"146\" height=\"82\" src=\"https:\/\/fileboom.info\/wp-content\/uploads\/2020\/07\/imprint.png\" alt=\"\" loading=\"lazy\" \/>\t\t\t\t\t\t\t\t\t\t\t<\/p>\n<p>Descargo de responsabilidad<\/p>\n<p>Responsabilidad por el contenido<\/p>\n<p>Como proveedor de servicios, somos responsables de nuestros propios contenidos en estas p\u00e1ginas de acuerdo con el \u00a7 7 p\u00e1rrafo 1 TMG (Ley alemana de telemedios) y las leyes generales. De conformidad con los art\u00edculos 8 a 10 de la Ley de Marcas, no estamos obligados a vigilar la informaci\u00f3n transmitida o almacenada de terceros ni a investigar las circunstancias que indiquen una actividad ilegal. Las obligaciones de eliminar o bloquear el uso de la informaci\u00f3n de acuerdo con las leyes generales no se ven afectadas por ello. Sin embargo, la responsabilidad a este respecto s\u00f3lo es posible a partir del momento en que se tiene conocimiento de una infracci\u00f3n concreta. Si tenemos conocimiento de alguna de estas infracciones legales, eliminaremos el contenido en cuesti\u00f3n inmediatamente.<\/p>\n<p>Responsabilidad por los enlaces<\/p>\n<p>Nuestra oferta contiene enlaces a p\u00e1ginas web externas de terceros, sobre cuyos contenidos no tenemos ninguna influencia. Por lo tanto, no podemos asumir ninguna responsabilidad por estos contenidos externos. El respectivo proveedor u operador de los sitios es siempre responsable de los contenidos de los sitios enlazados. Las p\u00e1ginas enlazadas fueron comprobadas para detectar posibles violaciones legales en el momento de la vinculaci\u00f3n. Los contenidos ilegales no se identificaron en el momento de la vinculaci\u00f3n. Sin embargo, no es razonable un control permanente del contenido de las p\u00e1ginas enlazadas sin pruebas concretas de una violaci\u00f3n de la ley. Si nos enteramos de alguna infracci\u00f3n, eliminaremos esos enlaces inmediatamente.<\/p>\n<p>Derechos de autor<\/p>\n<p>Los contenidos y las obras de estas p\u00e1ginas creadas por los operadores del sitio est\u00e1n sujetos a la ley alemana de derechos de autor. La reproducci\u00f3n, edici\u00f3n, distribuci\u00f3n y cualquier tipo de uso fuera de los l\u00edmites de la ley de derechos de autor requieren el consentimiento por escrito del respectivo autor o creador. Las descargas y copias de estas p\u00e1ginas s\u00f3lo se permiten para uso privado y no comercial. En la medida en que el contenido de este sitio no haya sido creado por el operador, se respetan los derechos de autor de terceros. En particular, el contenido de terceros se identifica como tal. Si a pesar de ello, se entera de una infracci\u00f3n de derechos de autor, por favor inf\u00f3rmenos. Si nos enteramos de alguna infracci\u00f3n, eliminaremos ese contenido inmediatamente.<\/p>\n<div style='text-align:center' class='yasr-auto-insert-overall'><!--Yasr Overall Rating Shortcode--><div class='yasr-custom-text-before-overall' id='yasr-custom-text-before-overall'>Our Score<\/div><div class=\"yasr-overall-rating\"><div class=' yasr-rater-stars'\r\n                           id='yasr-overall-rating-rater-24bce67a942ff'\r\n                           data-rating='0'\r\n                           data-rater-starsize='24'>\r\n                       <\/div><\/div><!--End Yasr Overall Rating Shortcode--><\/div><div style='text-align:center' class='yasr-auto-insert-visitor'><!--Yasr Visitor Votes Shortcode--><div id='yasr_visitor_votes_96c27fb52a0ee' class='yasr-visitor-votes'><div class=\"yasr-custom-text-vv-before yasr-custom-text-vv-before-278\">Click to rate this post!<\/div><div id='yasr-vv-second-row-container-96c27fb52a0ee'\r\n                                        class='yasr-vv-second-row-container'><div id='yasr-visitor-votes-rater-96c27fb52a0ee'\r\n                                      class='yasr-rater-stars-vv'\r\n                                      data-rater-postid='278'\r\n                                      data-rating='0'\r\n                                      data-rater-starsize='24'\r\n                                      data-rater-readonly='false'\r\n                                      data-rater-nonce='cb2c0eecbe'\r\n                                      data-issingular='false'\r\n                                    ><\/div><div class=\"yasr-vv-stats-text-container\" id=\"yasr-vv-stats-text-container-96c27fb52a0ee\"><svg xmlns=\"https:\/\/www.w3.org\/2000\/svg\" width=\"20\" height=\"20\"\r\n                                   class=\"yasr-dashicons-visitor-stats\"\r\n                                   data-postid=\"278\"\r\n                                   id=\"yasr-stats-dashicon-96c27fb52a0ee\">\r\n                                   <path d=\"M18 18v-16h-4v16h4zM12 18v-11h-4v11h4zM6 18v-8h-4v8h4z\"><\/path>\r\n                               <\/svg><span id=\"yasr-vv-text-container-96c27fb52a0ee\" class=\"yasr-vv-text-container\">[Total: <span id=\"yasr-vv-votes-number-container-96c27fb52a0ee\">0<\/span>  Average: <span id=\"yasr-vv-average-container-96c27fb52a0ee\">0<\/span>]<\/span><\/div><div id='yasr-vv-loader-96c27fb52a0ee' class='yasr-vv-container-loader'><\/div><\/div><div id='yasr-vv-bottom-container-96c27fb52a0ee' class='yasr-vv-bottom-container'><\/div><\/div><!--End Yasr Visitor Votes Shortcode--><\/div>","protected":false},"excerpt":{"rendered":"<p>Imprenta Descargo de responsabilidad Responsabilidad por el contenido Como proveedor de servicios, somos responsables de nuestros propios contenidos en estas p\u00e1ginas de acuerdo con el \u00a7 7 p\u00e1rrafo 1 TMG (Ley alemana de telemedios) y las leyes generales. De conformidad con los art\u00edculos 8 a 10 de la Ley de Marcas, no estamos obligados a &#8230; <a title=\"Imprenta\" class=\"read-more\" href=\"https:\/\/fileboom.info\/es\/imprenta\/\" aria-label=\"Leer m\u00e1s sobre Imprenta\">Leer m\u00e1s<\/a><\/p>\n","protected":false},"author":1,"featured_media":0,"parent":0,"menu_order":0,"comment_status":"closed","ping_status":"closed","template":"","meta":{"yasr_overall_rating":0,"yasr_post_is_review":"","yasr_auto_insert_disabled":"","yasr_review_type":"","footnotes":""},"class_list":["post-278","page","type-page","status-publish"],"yasr_visitor_votes":{"stars_attributes":{"read_only":false,"span_bottom":false},"number_of_votes":0,"sum_votes":0},"_links":{"self":[{"href":"https:\/\/fileboom.info\/es\/wp-json\/wp\/v2\/pages\/278"}],"collection":[{"href":"https:\/\/fileboom.info\/es\/wp-json\/wp\/v2\/pages"}],"about":[{"href":"https:\/\/fileboom.info\/es\/wp-json\/wp\/v2\/types\/page"}],"author":[{"embeddable":true,"href":"https:\/\/fileboom.info\/es\/wp-json\/wp\/v2\/users\/1"}],"replies":[{"embeddable":true,"href":"https:\/\/fileboom.info\/es\/wp-json\/wp\/v2\/comments?post=278"}],"version-history":[{"count":1,"href":"https:\/\/fileboom.info\/es\/wp-json\/wp\/v2\/pages\/278\/revisions"}],"predecessor-version":[{"id":279,"href":"https:\/\/fileboom.info\/es\/wp-json\/wp\/v2\/pages\/278\/revisions\/279"}],"wp:attachment":[{"href":"https:\/\/fileboom.info\/es\/wp-json\/wp\/v2\/media?parent=278"}],"curies":[{"name":"wp","href":"https:\/\/api.w.org\/{rel}","templated":true}]}}