{"id":203,"date":"2020-08-09T19:09:52","date_gmt":"2020-08-09T17:09:52","guid":{"rendered":"https:\/\/fileboom.info\/protection-des-donnees\/"},"modified":"2020-08-09T19:09:52","modified_gmt":"2020-08-09T17:09:52","slug":"protection-des-donnees","status":"publish","type":"page","link":"https:\/\/fileboom.info\/fr\/protection-des-donnees\/","title":{"rendered":"Protection des donn\u00e9es"},"content":{"rendered":"<h2>Protection des donn\u00e9es<\/h2>\n<p>Protection des donn\u00e9es<\/p>\n<p>Les op\u00e9rateurs de ces pages prennent tr\u00e8s au s\u00e9rieux la protection de vos donn\u00e9es personnelles. Nous traitons vos donn\u00e9es personnelles de mani\u00e8re confidentielle et conform\u00e9ment aux dispositions l\u00e9gales en mati\u00e8re de protection des donn\u00e9es et \u00e0 la pr\u00e9sente d\u00e9claration de protection des donn\u00e9es.<\/p>\n<p>L&rsquo;utilisation de notre site web est g\u00e9n\u00e9ralement possible sans avoir \u00e0 fournir de donn\u00e9es personnelles. Dans la mesure o\u00f9 des donn\u00e9es personnelles (par exemple le nom, l&rsquo;adresse ou les adresses \u00e9lectroniques) sont collect\u00e9es sur nos pages, cela se fait toujours sur une base volontaire, dans la mesure du possible. Ces donn\u00e9es ne seront pas transmises \u00e0 des tiers sans votre consentement explicite.<\/p>\n<p>Nous tenons \u00e0 souligner que la transmission de donn\u00e9es sur Internet (par exemple, la communication par courrier \u00e9lectronique) peut pr\u00e9senter des lacunes en mati\u00e8re de s\u00e9curit\u00e9. Une protection compl\u00e8te des donn\u00e9es contre l&rsquo;acc\u00e8s par des tiers n&rsquo;est pas possible.<\/p>\n<p>Politique de confidentialit\u00e9 pour l&rsquo;utilisation des plugins Facebook (Like-Button)<\/p>\n<p>Nos pages int\u00e8grent des plugins du r\u00e9seau social Facebook, fournisseur de Facebook Inc. 1 Hacker Way, Menlo Park, California 94025, USA. Vous pouvez reconna\u00eetre les plugins Facebook gr\u00e2ce au logo Facebook ou au bouton \u00ab\u00a0Like\u00a0\u00bb (\u00ab\u00a0J&rsquo;aime\u00a0\u00bb) sur notre site. Un aper\u00e7u des plugins Facebook se trouve ici : http:\/\/developers.facebook.com\/docs\/plugins\/.<\/p>\n<p>Lorsque vous visitez nos pages, le plugin \u00e9tablit une connexion directe entre votre navigateur et le serveur de Facebook. Facebook re\u00e7oit ainsi l&rsquo;information que vous avez visit\u00e9 notre site avec votre adresse IP. Si vous cliquez sur le \u00ab\u00a0Like-Button\u00a0\u00bb de Facebook lorsque vous \u00eates connect\u00e9 \u00e0 votre compte Facebook, vous pouvez relier le contenu de nos pages \u00e0 votre profil Facebook. Cela permet \u00e0 Facebook d&rsquo;associer votre visite sur nos pages \u00e0 votre compte d&rsquo;utilisateur. Nous tenons \u00e0 souligner que nous, en tant que fournisseur des pages, n&rsquo;avons aucune connaissance du contenu des donn\u00e9es transmises ou de leur utilisation par Facebook. Vous pouvez trouver plus d&rsquo;informations \u00e0 ce sujet dans la politique de confidentialit\u00e9 de Facebook \u00e0 l&rsquo;adresse http:\/\/de-de.facebook.com\/policy.php.<\/p>\n<p>Si vous ne souhaitez pas que Facebook puisse attribuer les visites de nos pages \u00e0 votre compte d&rsquo;utilisateur Facebook, veuillez vous d\u00e9connecter de votre compte d&rsquo;utilisateur Facebook.<\/p>\n<p>Politique de confidentialit\u00e9 pour l&rsquo;utilisation de Google Analytics<\/p>\n<p>Ce site web utilise les fonctions du service d&rsquo;analyse web Google Analytics. Le fournisseur est Google Inc. 1600 Amphitheatre Parkway Mountain View, CA 94043, USA. Google Analytics utilise ce qu&rsquo;on appelle des \u00ab\u00a0cookies\u00a0\u00bb. Il s&rsquo;agit de fichiers texte qui sont stock\u00e9s sur votre ordinateur et qui permettent d&rsquo;analyser votre utilisation du site web. Les informations g\u00e9n\u00e9r\u00e9es par le cookie concernant votre utilisation de ce site web sont g\u00e9n\u00e9ralement transf\u00e9r\u00e9es \u00e0 un serveur de Google aux \u00c9tats-Unis et y sont stock\u00e9es.<\/p>\n<p>Toutefois, si l&rsquo;anonymisation des adresses IP est activ\u00e9e sur ce site, votre adresse IP sera pr\u00e9alablement raccourcie par Google dans les \u00c9tats membres de l&rsquo;Union europ\u00e9enne ou dans d&rsquo;autres \u00c9tats signataires de l&rsquo;accord sur l&rsquo;Espace \u00e9conomique europ\u00e9en. Ce n&rsquo;est que dans des cas exceptionnels que l&rsquo;adresse IP compl\u00e8te sera transf\u00e9r\u00e9e \u00e0 un serveur de Google aux \u00c9tats-Unis et y sera raccourcie. Sur demande de l&rsquo;exploitant de ce site web, Google utilisera ces informations pour \u00e9valuer votre utilisation du site web, pour \u00e9tablir des rapports sur les activit\u00e9s du site web et pour fournir d&rsquo;autres services \u00e0 l&rsquo;exploitant du site web en rapport avec l&rsquo;utilisation du site web et d&rsquo;Internet. L&rsquo;adresse IP transmise par votre navigateur dans le cadre de Google Analytics n&rsquo;est pas combin\u00e9e avec d&rsquo;autres donn\u00e9es de Google.<\/p>\n<p>Vous pouvez refuser l&rsquo;utilisation de cookies en s\u00e9lectionnant les param\u00e8tres appropri\u00e9s de votre navigateur, mais veuillez noter que si vous le faites, vous risquez de ne pas pouvoir utiliser toutes les fonctionnalit\u00e9s de ce site web. Vous pouvez \u00e9galement emp\u00eacher la collecte des donn\u00e9es g\u00e9n\u00e9r\u00e9es par le cookie et li\u00e9es \u00e0 votre utilisation du site web (y compris votre adresse IP) par Google et le traitement de ces donn\u00e9es par Google en t\u00e9l\u00e9chargeant et en installant le plugin du navigateur disponible sur le lien suivant : http:\/\/tools.google.com\/dlpage\/gaoptout?hl=de<\/p>\n<p>Politique de confidentialit\u00e9 pour l&rsquo;utilisation de Google +1<\/p>\n<p>Nos pages utilisent les fonctions de Google +1, le fournisseur est Google Inc. 1600 Amphitheatre Parkway Mountain View, CA 94043, USA.<\/p>\n<p>Collecte et partage d&rsquo;informations : Le bouton Google +1 vous permet de publier des informations dans le monde entier. Le bouton Google +1 vous permet, ainsi qu&rsquo;\u00e0 d&rsquo;autres, de recevoir du contenu personnalis\u00e9 de la part de Google et de nos partenaires. Google stocke \u00e0 la fois les informations que vous avez fournies pour un contenu +1 et les informations relatives \u00e0 la page que vous avez consult\u00e9e lorsque vous avez cliqu\u00e9 sur +1. Votre +1 peut \u00eatre utilis\u00e9 comme r\u00e9f\u00e9rence avec votre nom de profil et votre photo dans les services Google, tels que les r\u00e9sultats de recherche ou votre profil Google, ou ailleurs sur les sites Web<\/p>\n<div style='text-align:center' class='yasr-auto-insert-overall'><!--Yasr Overall Rating Shortcode--><div class='yasr-custom-text-before-overall' id='yasr-custom-text-before-overall'>Our Score<\/div><div class=\"yasr-overall-rating\"><div class=' yasr-rater-stars'\r\n                           id='yasr-overall-rating-rater-6d029b69c7c86'\r\n                           data-rating='0'\r\n                           data-rater-starsize='24'>\r\n                       <\/div><\/div><!--End Yasr Overall Rating Shortcode--><\/div><div style='text-align:center' class='yasr-auto-insert-visitor'><!--Yasr Visitor Votes Shortcode--><div id='yasr_visitor_votes_8667e60dbc997' class='yasr-visitor-votes'><div class=\"yasr-custom-text-vv-before yasr-custom-text-vv-before-203\">Click to rate this post!<\/div><div id='yasr-vv-second-row-container-8667e60dbc997'\r\n                                        class='yasr-vv-second-row-container'><div id='yasr-visitor-votes-rater-8667e60dbc997'\r\n                                      class='yasr-rater-stars-vv'\r\n                                      data-rater-postid='203'\r\n                                      data-rating='0'\r\n                                      data-rater-starsize='24'\r\n                                      data-rater-readonly='false'\r\n                                      data-rater-nonce='dbdd01c080'\r\n                                      data-issingular='false'\r\n                                    ><\/div><div class=\"yasr-vv-stats-text-container\" id=\"yasr-vv-stats-text-container-8667e60dbc997\"><svg xmlns=\"https:\/\/www.w3.org\/2000\/svg\" width=\"20\" height=\"20\"\r\n                                   class=\"yasr-dashicons-visitor-stats\"\r\n                                   data-postid=\"203\"\r\n                                   id=\"yasr-stats-dashicon-8667e60dbc997\">\r\n                                   <path d=\"M18 18v-16h-4v16h4zM12 18v-11h-4v11h4zM6 18v-8h-4v8h4z\"><\/path>\r\n                               <\/svg><span id=\"yasr-vv-text-container-8667e60dbc997\" class=\"yasr-vv-text-container\">[Total: <span id=\"yasr-vv-votes-number-container-8667e60dbc997\">0<\/span>  Average: <span id=\"yasr-vv-average-container-8667e60dbc997\">0<\/span>]<\/span><\/div><div id='yasr-vv-loader-8667e60dbc997' class='yasr-vv-container-loader'><\/div><\/div><div id='yasr-vv-bottom-container-8667e60dbc997' class='yasr-vv-bottom-container'><\/div><\/div><!--End Yasr Visitor Votes Shortcode--><\/div>","protected":false},"excerpt":{"rendered":"<p>Protection des donn\u00e9es Protection des donn\u00e9es Les op\u00e9rateurs de ces pages prennent tr\u00e8s au s\u00e9rieux la protection de vos donn\u00e9es personnelles. Nous traitons vos donn\u00e9es personnelles de mani\u00e8re confidentielle et conform\u00e9ment aux dispositions l\u00e9gales en mati\u00e8re de protection des donn\u00e9es et \u00e0 la pr\u00e9sente d\u00e9claration de protection des donn\u00e9es. L&rsquo;utilisation de notre site web est &#8230; <a title=\"Protection des donn\u00e9es\" class=\"read-more\" href=\"https:\/\/fileboom.info\/fr\/protection-des-donnees\/\" aria-label=\"En savoir plus sur Protection des donn\u00e9es\">Lire la suite<\/a><\/p>\n","protected":false},"author":1,"featured_media":0,"parent":0,"menu_order":0,"comment_status":"closed","ping_status":"closed","template":"","meta":{"yasr_overall_rating":0,"yasr_post_is_review":"","yasr_auto_insert_disabled":"","yasr_review_type":"","footnotes":""},"class_list":["post-203","page","type-page","status-publish"],"yasr_visitor_votes":{"stars_attributes":{"read_only":false,"span_bottom":false},"number_of_votes":0,"sum_votes":0},"_links":{"self":[{"href":"https:\/\/fileboom.info\/fr\/wp-json\/wp\/v2\/pages\/203"}],"collection":[{"href":"https:\/\/fileboom.info\/fr\/wp-json\/wp\/v2\/pages"}],"about":[{"href":"https:\/\/fileboom.info\/fr\/wp-json\/wp\/v2\/types\/page"}],"author":[{"embeddable":true,"href":"https:\/\/fileboom.info\/fr\/wp-json\/wp\/v2\/users\/1"}],"replies":[{"embeddable":true,"href":"https:\/\/fileboom.info\/fr\/wp-json\/wp\/v2\/comments?post=203"}],"version-history":[{"count":1,"href":"https:\/\/fileboom.info\/fr\/wp-json\/wp\/v2\/pages\/203\/revisions"}],"predecessor-version":[{"id":204,"href":"https:\/\/fileboom.info\/fr\/wp-json\/wp\/v2\/pages\/203\/revisions\/204"}],"wp:attachment":[{"href":"https:\/\/fileboom.info\/fr\/wp-json\/wp\/v2\/media?parent=203"}],"curies":[{"name":"wp","href":"https:\/\/api.w.org\/{rel}","templated":true}]}}