{"id":392,"date":"2021-05-05T17:11:33","date_gmt":"2021-05-05T15:11:33","guid":{"rendered":"https:\/\/fileboom.info\/esperienze-e-test-di-fileboom\/"},"modified":"2023-10-18T20:01:26","modified_gmt":"2023-10-18T18:01:26","slug":"esperienze-e-test-di-fileboom","status":"publish","type":"page","link":"https:\/\/fileboom.info\/it\/","title":{"rendered":"Esperienze e test di Fileboom"},"content":{"rendered":"\n<div class=\"wp-block-columns is-layout-flex wp-container-core-columns-is-layout-1 wp-block-columns-is-layout-flex\">\n<div class=\"wp-block-column is-layout-flow wp-block-column-is-layout-flow\" style=\"flex-basis:33.33%\">\n<figure class=\"wp-block-image size-full\"><img loading=\"lazy\" decoding=\"async\" width=\"512\" height=\"512\" src=\"https:\/\/fileboom.info\/wp-content\/uploads\/2021\/11\/fileboom.jpg\" alt=\"Fileboom\" class=\"wp-image-598\" srcset=\"https:\/\/fileboom.info\/wp-content\/uploads\/2021\/11\/fileboom.jpg 512w, https:\/\/fileboom.info\/wp-content\/uploads\/2021\/11\/fileboom-300x300.jpg 300w, https:\/\/fileboom.info\/wp-content\/uploads\/2021\/11\/fileboom-150x150.jpg 150w\" sizes=\"(max-width: 512px) 100vw, 512px\" \/><\/figure>\n<\/div>\n\n\n\n<div class=\"wp-block-column is-layout-flow wp-block-column-is-layout-flow\" style=\"flex-basis:66.66%\">\n<p>Il Filehoster Premium Fileboom.me \u00e8 stata una piattaforma di file hosting con un numero sempre crescente di utenti e una grande popolarit\u00e0 per diversi anni. Ma mantiene davvero ci\u00f2 che promette? Quali sono i vantaggi? E quanto \u00e8 sicura e seria l&#8217;offerta? Abbiamo fatto il test dettagliato e messo Fileboom alla prova con tutte le funzioni e le aggiunte premium.<\/p>\n\n\n\n<div class=\"wp-block-buttons is-layout-flex wp-block-buttons-is-layout-flex\">\n<div class=\"wp-block-button\"><a class=\"wp-block-button__link has-white-color has-vivid-cyan-blue-background-color has-text-color has-background\" href=\"https:\/\/fileboom.info\/go\/fileboom\/\" style=\"border-radius:10px\" rel=\"sponsored\"><strong><span class=\"has-inline-color has-white-color\">Vai a Fileboom  &gt;&gt;<\/span><\/strong><\/a><\/div>\n<\/div>\n<\/div>\n<\/div>\n\n<h2 class=\"wp-block-heading\">Fileboom presentato brevemente<\/h2>\n\n<p>Fileboom \u00e8 un hoster di file premium specializzato nella conservazione sicura dei dati. Il fornitore di Edimburgo, nel Regno Unito, che dal 2014 mescola il mercato degli host di file, offre non solo lo spazio di archiviazione, ma anche il download di file e dati. Fileboom offre un account gratuito. Se vuoi goderti 5 GB di volume di archiviazione e un tempo di ricarica e download fulmineo, ti consigliamo il pacchetto premium conveniente. L&#8217;hoster dei file \u00e8 conforme ai pi\u00f9 recenti standard di sicurezza e alle normative sulla privacy. Il pagamento viene effettuato tramite PayPal con tutte le principali carte di credito.<\/p>\n\n<h2 class=\"wp-block-heading\">Tutti e 4 gli account e le offerte<\/h2>\n\n<p>Gli accessi premium sono disponibili in 4 varianti. Le differenze sono nella durata e un prezzo scaglionato. A pi\u00f9 lungo termine, \u00e8 possibile risparmiare in modo significativo. I pacchetti pi\u00f9 interessanti sono probabilmente 90 giorni per $ 49,95 o anche l&#8217;abbonamento annuale per $ 129,95.<\/p>\n\n<p>Una panoramica <a href=\"#Fileboom-1\" class=\"rank-math-link\">dettagliata dei costi \u00e8 disponibile qui.<\/a><\/p>\n\n<figure class=\"wp-block-image size-full\"><img loading=\"lazy\" decoding=\"async\" width=\"800\" height=\"600\" src=\"https:\/\/fileboom.info\/wp-content\/uploads\/2022\/09\/Fileboom-Screenshot-Kosten.jpg\" alt=\"Account Fileboom\" class=\"wp-image-658\" srcset=\"https:\/\/fileboom.info\/wp-content\/uploads\/2022\/09\/Fileboom-Screenshot-Kosten.jpg 800w, https:\/\/fileboom.info\/wp-content\/uploads\/2022\/09\/Fileboom-Screenshot-Kosten-300x225.jpg 300w, https:\/\/fileboom.info\/wp-content\/uploads\/2022\/09\/Fileboom-Screenshot-Kosten-768x576.jpg 768w\" sizes=\"(max-width: 800px) 100vw, 800px\" \/><\/figure>\n\n<div class=\"wp-block-buttons is-layout-flex wp-block-buttons-is-layout-flex\">\n<div class=\"wp-block-button\"><a class=\"wp-block-button__link has-white-color has-vivid-cyan-blue-background-color has-text-color has-background\" href=\"https:\/\/fileboom.info\/go\/fileboom\/\" style=\"border-radius:10px\"><strong><span class=\"has-inline-color has-white-color\">Vai a Fileboom  &gt;&gt;<\/span><\/strong><\/a><\/div>\n<\/div>\n\n<h2 class=\"wp-block-heading\">Account Fileboom Premium in sintesi<\/h2>\n\n<p>L&#8217;accesso premium avr\u00e0 senso per la maggior parte degli utenti. I vantaggi rispetto all&#8217;accesso standard sono principalmente nella velocit\u00e0 di download, nelle dimensioni del file e nella possibilit\u00e0 di eseguire diversi download in parallelo. Abbiamo testato Fileboom Premium per te e messo insieme tutti i vantaggi, le funzionalit\u00e0 e i suggerimenti sulla privacy e sull&#8217;interfaccia utente.<\/p>\n\n<h3 class=\"wp-block-heading\">Vantaggi di Fileboom Premium<\/h3>\n\n<p><b style=\"background-color: transparent; letter-spacing: 0.2px;\">Download rapido<\/b><br\/>Con l&#8217;accesso premium, gli utenti possono sfruttare appieno la velocit\u00e0 di download senza limiti. Sebbene attualmente non vi sia un test di velocit\u00e0 neutro, le tariffe nei nostri test utente sono nella versione gratuita a circa 50 kb\/s e nella versione premium in un intervallo <b>compreso tra 750 kb\/s e 1,5 Mb\/s<\/b>.<\/p>\n\n<p><b>Dimensione massima del file<\/b><br\/>Fileboom Premium consente di scaricare e scaricare file molto pi\u00f9 grandi fino a un massimo di <b>5 GB.<\/b> Per l&#8217;uso gratuito, il provider specifica un limite di 500 Mb.<\/p>\n\n<p><b>Gestione <br\/> download<\/b> I download manager esterni, come .B possono essere trovati qui a Heise, possono essere utilizzati senza problemi. <b>JDownloader funziona<\/b> anche cos\u00ec come <b>l&#8217;applicazione sotto varie VPN e proxy<\/b>. Tuttavia, si prevede che la velocit\u00e0 diminuir\u00e0.<\/p>\n\n<p>Ad esempio, VPNS con proxy in offerta pu\u00f2 essere trovato qui:<\/p>\n\n<ul class=\"wp-block-list\"><li>Pia<\/li><li>VPN sicura<\/li><li>Nvpn<\/li><li>Ovpn<\/li><li>Privacy perfetta<\/li><li>Pugno di ferro<\/li><\/ul>\n\n<p><b>Archiviazione pi\u00f9 <br\/> lunga<\/b> Download incompleti o file inattivi vengono archiviati per un massimo di tre mesi, in modo che nulla si perdi anche durante una pausa.<\/p>\n\n<p><b>Download multipli <br\/> in parallelo<\/b> Un fattore non insignificante che parla di accesso premium: puoi avviare pi\u00f9 download contemporaneamente. Questo non \u00e8 possibile nella versione gratuita.<\/p>\n\n<p><b>Nessun <br\/> tempo di attesa<\/b> Nell&#8217;account Premium, non c&#8217;\u00e8 tempo di attesa di 30 secondi prima dell&#8217;inizio di un download. I download iniziano immediatamente e senza indugio.<\/p>\n\n<figure class=\"wp-block-image\"><img decoding=\"async\" src=\"https:\/\/fileboom.info\/wp-content\/uploads\/2020\/07\/Fileboom-Screenshot-Funktionen.jpg\" alt=\"Funzioni screenshot di Filehosting\"\/><\/figure>\n\n<h3 class=\"wp-block-heading\">Ancora pi\u00f9 prestazioni con Premium Pro<\/h3>\n\n<p>L&#8217;account Premium pu\u00f2 anche essere ulteriormente ottimizzato scegliendo l&#8217;upgrade a Premium Pro. Il nuovo account Premium Pro di Fileboom offre prestazioni ancora maggiori rispetto al normale account Premium. Inoltre, c&#8217;\u00e8 il seguente vantaggio per le funzionalit\u00e0:<\/p>\n\n<ul class=\"wp-block-list\"><li>50 GB invece di 20 GB di traffico giornaliero<\/li><li>Niente pi\u00f9 limitazioni di velocit\u00e0<\/li><li>I video possono anche essere guardati online<\/li><li>I download sono anonimizzati al 100%<\/li><li>La dimensione massima del file \u00e8 di 10 GB anzich\u00e9 di 5 GB<\/li><\/ul>\n\n<figure class=\"wp-block-image size-full\"><img loading=\"lazy\" decoding=\"async\" width=\"950\" height=\"310\" src=\"https:\/\/fileboom.info\/wp-content\/uploads\/2021\/03\/Fileboom-Premium-Pro-Features.jpg\" alt=\"Funzionalit&#xE0; di Fileboom Premium Pro\" class=\"wp-image-320\" srcset=\"https:\/\/fileboom.info\/wp-content\/uploads\/2021\/03\/Fileboom-Premium-Pro-Features.jpg 950w, https:\/\/fileboom.info\/wp-content\/uploads\/2021\/03\/Fileboom-Premium-Pro-Features-300x98.jpg 300w, https:\/\/fileboom.info\/wp-content\/uploads\/2021\/03\/Fileboom-Premium-Pro-Features-768x251.jpg 768w\" sizes=\"(max-width: 950px) 100vw, 950px\" \/><\/figure>\n\n<div class=\"wp-block-buttons is-layout-flex wp-block-buttons-is-layout-flex\">\n<div class=\"wp-block-button\"><a class=\"wp-block-button__link has-white-color has-vivid-cyan-blue-background-color has-text-color has-background\" href=\"https:\/\/fileboom.info\/go\/fileboom\/\" style=\"border-radius:10px\"><strong><span class=\"has-inline-color has-white-color\">Vai a Fileboom  &gt;&gt;<\/span><\/strong><\/a><\/div>\n<\/div>\n\n<h3 class=\"wp-block-heading\">Altre caratteristiche<\/h3>\n\n<p><strong>Carica tramite FTP e HTTP<\/strong><br\/>I caricamenti possono essere comodamente avviati in qualsiasi momento tramite FTP e HTTP.<\/p>\n\n<p><strong>Funzione report<\/strong><br\/>I report predefiniti possono essere recuperati nell&#8217;account. In questo modo, hai sempre una panoramica dei caricamenti e dei download passati per giorni, settimane e mesi.<\/p>\n\n<h3 class=\"wp-block-heading\">usabilit\u00e0<\/h3>\n\n<p>Fileboom \u00e8 stato creato dagli sviluppatori su un&#8217;esperienza utente intuitiva. Consapevolmente, \u00e8 stata esente da una guida utente ingombrante e incomprensibile, in modo da non perdere tempo inutile per comprendere lo strumento Filehoster.<\/p>\n\n<h3 class=\"wp-block-heading\">registrazione<\/h3>\n\n<p>A differenza di altri host di file, l&#8217;attenzione \u00e8 stata rivolta alla facilit\u00e0 d&#8217;uso: la registrazione viene effettuata semplicemente tramite gli account di Google o Facebook. Se non si desidera collegare gli account a Fileboom, \u00e8 possibile immettere qualsiasi indirizzo e-mail e password. Puoi gi\u00e0 accedere all&#8217;interfaccia utente, dove puoi iniziare subito a caricare i dati.<\/p>\n\n<h3 class=\"wp-block-heading\">Privacy, sicurezza e protezione dei dati<\/h3>\n\n<p>La sicurezza e la protezione dei dati sono probabilmente i motivi pi\u00f9 importanti per cui decidi a favore o contro un host di file. Ecco perch\u00e9 abbiamo dato un&#8217;occhiata da vicino a questi aspetti e li abbiamo messi al passo con gli esperti IT. Fileboom si basa sulle pi\u00f9 recenti tecnologie di sicurezza e crittografia. Pertanto, i dati vengono memorizzati in modo assolutamente sicuro sui server di Fileboom. Tutti i pagamenti sono sicuri dall&#8217;accesso di terze parti grazie a tecnologie di crittografia all&#8217;avanguardia.<\/p>\n\n<div class=\"wp-block-buttons is-layout-flex wp-block-buttons-is-layout-flex\">\n<div class=\"wp-block-button\"><a class=\"wp-block-button__link has-white-color has-vivid-cyan-blue-background-color has-text-color has-background\" href=\"https:\/\/fileboom.info\/go\/fileboom\/\" style=\"border-radius:10px\"><strong><span class=\"has-inline-color has-white-color\">Vai a Fileboom  &gt;&gt;<\/span><\/strong><\/a><\/div>\n<\/div>\n\n<h2 class=\"wp-block-heading\" id=\"Fileboom-1\">Costi e pagamenti di Fileboom<\/h2>\n\n<p>I costi sono gestibili. Il file hoster \u00e8 considerato una delle soluzioni pi\u00f9 economiche sul mercato. I costi vengono ridotti con scadenze pi\u00f9 lunghe. Puoi ottenere un mese intero per $ 19.95. A soli $ 49.95, l&#8217;offerta di 3 mesi \u00e8 probabilmente il miglior valore per la maggior parte degli utenti. Per $ 129.95 ottieni un anno intero di accesso a Fileboom Premium e ottieni il punteggio pi\u00f9 economico.<\/p>\n\n<p><strong>Tutti gli account Fileboom Premium in sintesi:<\/strong><\/p>\n\n<figure class=\"wp-block-table is-style-regular\"><table><thead><tr><th>30 giorni<\/th><th>90 giorni<\/th><th>365 giorni<\/th><\/tr><\/thead><tbody><tr><td>Nessun costo nascosto<br\/><strong>US$ 19,95<\/strong><br\/>(Premium PRO: $ 29,95)<br\/>per 30 giorni<\/td><td>Nessun costo nascosto<br\/><strong>US$ 49,95<\/strong><br\/>(Premium PRO: $ 69,95)<br\/>per 90 giorni<\/td><td>Nessun costo nascosto<br\/><strong>$ 129,95<\/strong><br\/>(Premium PRO: $ 179,95)<br\/>per 1 anno<\/td><\/tr><tr><td>$0.67\/giorno<\/td><td>$0.55\/giorno<\/td><td>$0.36\/giorno<\/td><\/tr><tr><td><a href=\"https:\/\/fileboom.info\/go\/fileboom\/\">scegliere<\/a><\/td><td><a href=\"https:\/\/fileboom.info\/go\/fileboom\/\">scegliere<\/a><\/td><td><a class=\"rank-math-link\" href=\"https:\/\/fileboom.info\/go\/fileboom\/\">scegliere<\/a><\/td><\/tr><tr><td>Pagamento sicuro al 100%<\/td><td>Pagamento sicuro al 100%<\/td><td>Pagamento sicuro al 100%<\/td><\/tr><\/tbody><\/table><\/figure>\n\n<h3 class=\"wp-block-heading\">Buono fileboom e sconto<\/h3>\n\n<p>Grazie alla sua chiara struttura dei prezzi e alle basse commissioni, Fileboom \u00e8 uno dei fornitori pi\u00f9 economici sul mercato degli host di file. Di conseguenza, il file hoster rinuncia all&#8217;emissione di codici coupon o sconti, che altri concorrenti a loro volta valutano. In questo modo, l&#8217;utente riceve un prezzo trasparente ed equo.<\/p>\n\n<h3 class=\"wp-block-heading\">Opzioni di pagamento accettate<\/h3>\n\n<p>Dal lato del fornitore, vengono offerte le principali carte di credito Visa, Mastercard, American Express e Discover e JCB. Puoi anche pagare in Bitcoin. Anche i mezzi di pagamento locali sono coperti dai corrispondenti collegamenti con i rivenditori, compresi i PayPal.<\/p>\n\n<p><strong>Tutte le opzioni di pagamento a colpo d&#8217;occhio:<\/strong><\/p>\n<div class=\"wp-block-image\">\n<figure class=\"aligncenter size-full\"><img loading=\"lazy\" decoding=\"async\" width=\"900\" height=\"290\" src=\"https:\/\/fileboom.info\/wp-content\/uploads\/2021\/03\/Fileboom-Payments.jpg\" alt=\"Pagamenti fileboom\" class=\"wp-image-333\" srcset=\"https:\/\/fileboom.info\/wp-content\/uploads\/2021\/03\/Fileboom-Payments.jpg 900w, https:\/\/fileboom.info\/wp-content\/uploads\/2021\/03\/Fileboom-Payments-300x97.jpg 300w, https:\/\/fileboom.info\/wp-content\/uploads\/2021\/03\/Fileboom-Payments-768x247.jpg 768w\" sizes=\"(max-width: 900px) 100vw, 900px\" \/><\/figure><\/div>\n<h3 class=\"wp-block-heading\">Usa Fileboom gratuitamente<\/h3>\n\n<p>La versione base di Fileboom \u00e8 gratuita. Se ti piace accettare alcune limitazioni rispetto alla versione premium, si consiglia la versione base. Le limitazioni consistono nei seguenti punti:<\/p>\n\n<ul class=\"wp-block-list\"><li>Un solo download: la versione base non ha download paralleli su<\/li><li>Tempo di attesa pi\u00f9 lungo: l&#8217;uomo deve aspettare un po &#8216;per iniziare il download, ma fino a 30 secondi<\/li><li>Velocit\u00e0 limitata: Fileboom nella versione base \u00e8 pi\u00f9 lento rispetto alla versione premium<\/li><li>Tempo di archiviazione pi\u00f9 breve: i dati inattivi vengono archiviati solo per 30 giorni<\/li><li>Pubblicit\u00e0 e domande Captcha: per offrire la versione gratuita, Fileboom visualizza la pubblicit\u00e0 su Internet. Inoltre, le query Captcha si verificano regolarmente<\/li><li>Nessun download manager: la versione gratuita non offre un download manager.<\/li><\/ul>\n\n<div class=\"wp-block-buttons is-layout-flex wp-block-buttons-is-layout-flex\">\n<div class=\"wp-block-button\"><a class=\"wp-block-button__link has-white-color has-vivid-cyan-blue-background-color has-text-color has-background\" href=\"https:\/\/fileboom.info\/go\/fileboom\/\" style=\"border-radius:10px\"><strong><span class=\"has-inline-color has-white-color\">Vai a Fileboom  &gt;&gt;<\/span><\/strong><\/a><\/div>\n<\/div>\n\n<p>Quindi, se hai bisogno di un po &#8216;pi\u00f9 di potenza, sei ben consigliato con la versione premium a pagamento ma economica.<\/p>\n\n<h2 class=\"wp-block-heading\">Supporto e servizio clienti<\/h2>\n\n<p>Il servizio clienti di Fileboom fornisce un&#8217;area di supporto in disuso per le domande frequenti, che dovrebbe rispondere al 95% delle domande degli utenti. Se il problema \u00e8 un po &#8216;pi\u00f9 complicato, puoi utilizzare la tua richiesta direttamente al provider. Abbiamo imparato che Fimeboom \u00e8 tornata con una soluzione in breve tempo. L&#8217;area ausiliaria pu\u00f2 essere trovata sotto HELP nel pi\u00e8 di pagina del sito.<\/p>\n\n<h2 class=\"wp-block-heading\">Alternative fileboom<\/h2>\n\n<p>C&#8217;\u00e8 un elenco molto lungo di diversi host di file. Dal momento che Fileboom proviene dalla stessa casa di Keep 2 Share, vale sicuramente la pena dare un&#8217;occhiata al &#8220;fratello maggiore&#8221;. Un altro portale di file hosting del provider \u00e8 disponibile in TezFiles. <\/p>\n\n<p><a role=\"button\" class=\"rank-math-link\" href=\"https:\/\/fileboom.info\/go\/keep2share\/\"><br\/>Vai a Keep 2 Share<br\/><\/a><br\/><a role=\"button\" class=\"rank-math-link\" href=\"https:\/\/fileboom.info\/go\/tezfiles\/\"><br\/>Vai a TezFiles<br\/><\/a><\/p>\n\n<h2 class=\"wp-block-heading\">La nostra conclusione su Fileboom<\/h2>\n\n<p>La nostra esperienza con Fileboom \u00e8 costantemente positiva. In termini di facilit\u00e0 d&#8217;uso, prezzi, sicurezza e protezione dei dati, l&#8217;host di file non ha nulla a che fare con la Scozia. Siamo stati convinti dal pacchetto di base gratuito, in modo che tu possa provare Fileboom e le sue funzioni in pace. Se hai bisogno di una velocit\u00e0 di download molto elevata e di download in esecuzione allo stesso tempo, sei molto ben fornito con il pacchetto premium. Ci \u00e8 piaciuto il semplice processo di registrazione e la facilit\u00e0 d&#8217;uso nell&#8217;uso quotidiano, che rinuncia a gadget inutili e dispendiosi in termini di tempo. L&#8217;offerta \u00e8 completata dall&#8217;ambizione senza compromessi di Fileboom di fornire ai tuoi clienti i protocolli di crittografia pi\u00f9 moderni e sicuri.<\/p>\n\n<div class=\"wp-block-buttons is-layout-flex wp-block-buttons-is-layout-flex\">\n<div class=\"wp-block-button\"><a class=\"wp-block-button__link has-white-color has-vivid-cyan-blue-background-color has-text-color has-background\" href=\"https:\/\/fileboom.info\/go\/fileboom\/\" style=\"border-radius:10px\"><strong><span class=\"has-inline-color has-white-color\">Vai a Fileboom  &gt;&gt;<\/span><\/strong><\/a><\/div>\n<\/div>\n\n<h2 class=\"wp-block-heading\">Video rilevanti su Fileboom<\/h2>\n\n<div class=\"wp-block-columns is-layout-flex wp-container-core-columns-is-layout-2 wp-block-columns-is-layout-flex\">\n<div class=\"wp-block-column is-layout-flow wp-block-column-is-layout-flow\">\n<figure class=\"wp-block-image size-large\"><a href=\"https:\/\/www.youtube.com\/embed\/CuXqwaUPgOM?feature=oembed&amp;autoplay=1&amp;rel=0&amp;controls=0\" target=\"_blank\" rel=\"noopener\"><img loading=\"lazy\" decoding=\"async\" width=\"400\" height=\"250\" src=\"https:\/\/fileboom.info\/wp-content\/uploads\/2020\/07\/FILEBOOM-VIDEO1.jpg\" alt=\"Video n. 1\" class=\"wp-image-125\" srcset=\"https:\/\/fileboom.info\/wp-content\/uploads\/2020\/07\/FILEBOOM-VIDEO1.jpg 400w, https:\/\/fileboom.info\/wp-content\/uploads\/2020\/07\/FILEBOOM-VIDEO1-300x188.jpg 300w\" sizes=\"(max-width: 400px) 100vw, 400px\" \/><\/a><figcaption>Video 1<\/figcaption><\/figure>\n<\/div>\n\n\n\n<div class=\"wp-block-column is-layout-flow wp-block-column-is-layout-flow\">\n<figure class=\"wp-block-image size-large\"><a href=\"https:\/\/www.youtube.com\/embed\/UAQlEPPeYZQ?feature=oembed&amp;autoplay=1&amp;rel=0&amp;controls=0\" target=\"_blank\" rel=\"noopener\"><img loading=\"lazy\" decoding=\"async\" width=\"400\" height=\"250\" src=\"https:\/\/fileboom.info\/wp-content\/uploads\/2020\/07\/FILEBOOM-VIDEO2.jpg\" alt=\"Video n. 2\" class=\"wp-image-126\" srcset=\"https:\/\/fileboom.info\/wp-content\/uploads\/2020\/07\/FILEBOOM-VIDEO2.jpg 400w, https:\/\/fileboom.info\/wp-content\/uploads\/2020\/07\/FILEBOOM-VIDEO2-300x188.jpg 300w\" sizes=\"(max-width: 400px) 100vw, 400px\" \/><\/a><figcaption>Video 2<\/figcaption><\/figure>\n<\/div>\n\n\n\n<div class=\"wp-block-column is-layout-flow wp-block-column-is-layout-flow\">\n<figure class=\"wp-block-image size-large\"><a href=\"https:\/\/www.youtube.com\/embed\/CuXqwaUPgOM?feature=oembed&amp;autoplay=1&amp;rel=0&amp;controls=0\" target=\"_blank\" rel=\"noopener\"><img loading=\"lazy\" decoding=\"async\" width=\"400\" height=\"250\" src=\"https:\/\/fileboom.info\/wp-content\/uploads\/2020\/07\/FILEBOOM-VIDEO3.jpg\" alt=\"Video n. 3\" class=\"wp-image-127\" srcset=\"https:\/\/fileboom.info\/wp-content\/uploads\/2020\/07\/FILEBOOM-VIDEO3.jpg 400w, https:\/\/fileboom.info\/wp-content\/uploads\/2020\/07\/FILEBOOM-VIDEO3-300x188.jpg 300w\" sizes=\"(max-width: 400px) 100vw, 400px\" \/><\/a><figcaption>Video 3<\/figcaption><\/figure>\n<\/div>\n<\/div>\n\n<h2 class=\"wp-block-heading\">Domande frequenti su Fileboom &#8211; domande frequenti<\/h2>\n<div id=\"rank-math-faq\" class=\"rank-math-block\">\n<div class=\"rank-math-list \">\n<div id=\"faq-question-1617026611607\" class=\"rank-math-list-item\">\n<h3 class=\"rank-math-question \">Quanto costa Fileboom?<\/h3>\n<div class=\"rank-math-answer \">\n\n<p>Fileboom \u00e8 gratuito nella versione base. Inoltre, ci sono i conti premium che costano qualcosa:<br \/>30 giorni per $19.95<br \/>90 giorni per $49.95<br \/>365 giorni per $129.95<\/p>\n\n<\/div>\n<\/div>\n<div id=\"faq-question-1617026643406\" class=\"rank-math-list-item\">\n<h3 class=\"rank-math-question \">Quanto \u00e8 sicuro Fileboom?<\/h3>\n<div class=\"rank-math-answer \">\n\n<p>Fileboom \u00e8 uno dei fornitori pi\u00f9 sicuri sul mercato e ha inserito adeguate normative sulla protezione dei dati. Ci sono anche linee guida per il diritto d&#8217;autore e la propriet\u00e0 dei dati.<\/p>\n\n<\/div>\n<\/div>\n<div id=\"faq-question-1617026661351\" class=\"rank-math-list-item\">\n<h3 class=\"rank-math-question \">Che cos&#8217;\u00e8 Fileboom?<\/h3>\n<div class=\"rank-math-answer \">\n\n<p>Fileboom \u00e8 un cosiddetto File Hoster su cui i dati possono essere memorizzati e condivisi se necessario.<\/p>\n\n<\/div>\n<\/div>\n<\/div>\n<\/div>\n<p><\/p>\n<div style='text-align:center' class='yasr-auto-insert-overall'><!--Yasr Overall Rating Shortcode--><div class='yasr-custom-text-before-overall' id='yasr-custom-text-before-overall'>Our Score<\/div><div class=\"yasr-overall-rating\"><div class=' yasr-rater-stars'\r\n                           id='yasr-overall-rating-rater-b8e5e9e996bbc'\r\n                           data-rating='4.8'\r\n                           data-rater-starsize='24'>\r\n                       <\/div><\/div><!--End Yasr Overall Rating Shortcode--><\/div><div style='text-align:center' class='yasr-auto-insert-visitor'><!--Yasr Visitor Votes Shortcode--><div id='yasr_visitor_votes_bec67ab85ee59' class='yasr-visitor-votes'><div class=\"yasr-custom-text-vv-before yasr-custom-text-vv-before-392\">Click to rate this post!<\/div><div id='yasr-vv-second-row-container-bec67ab85ee59'\r\n                                        class='yasr-vv-second-row-container'><div id='yasr-visitor-votes-rater-bec67ab85ee59'\r\n                                      class='yasr-rater-stars-vv'\r\n                                      data-rater-postid='392'\r\n                                      data-rating='5'\r\n                                      data-rater-starsize='24'\r\n                                      data-rater-readonly='false'\r\n                                      data-rater-nonce='cb2c0eecbe'\r\n                                      data-issingular='false'\r\n                                    ><\/div><div class=\"yasr-vv-stats-text-container\" id=\"yasr-vv-stats-text-container-bec67ab85ee59\"><svg xmlns=\"https:\/\/www.w3.org\/2000\/svg\" width=\"20\" height=\"20\"\r\n                                   class=\"yasr-dashicons-visitor-stats\"\r\n                                   data-postid=\"392\"\r\n                                   id=\"yasr-stats-dashicon-bec67ab85ee59\">\r\n                                   <path d=\"M18 18v-16h-4v16h4zM12 18v-11h-4v11h4zM6 18v-8h-4v8h4z\"><\/path>\r\n                               <\/svg><span id=\"yasr-vv-text-container-bec67ab85ee59\" class=\"yasr-vv-text-container\">[Total: <span id=\"yasr-vv-votes-number-container-bec67ab85ee59\">2<\/span>  Average: <span id=\"yasr-vv-average-container-bec67ab85ee59\">5<\/span>]<\/span><\/div><div id='yasr-vv-loader-bec67ab85ee59' class='yasr-vv-container-loader'><\/div><\/div><div id='yasr-vv-bottom-container-bec67ab85ee59' class='yasr-vv-bottom-container'><\/div><\/div><!--End Yasr Visitor Votes Shortcode--><\/div>","protected":false},"excerpt":{"rendered":"<p>Il Filehoster Premium Fileboom.me \u00e8 stata una piattaforma di file hosting con un numero sempre crescente di utenti e una grande popolarit\u00e0 per diversi anni. Ma mantiene davvero ci\u00f2 che promette? Quali sono i vantaggi? E quanto \u00e8 sicura e seria l&#8217;offerta? Abbiamo fatto il test dettagliato e messo Fileboom alla prova con tutte le &#8230; <a title=\"Esperienze e test di Fileboom\" class=\"read-more\" href=\"https:\/\/fileboom.info\/it\/\" aria-label=\"Per saperne di pi\u00f9 su Esperienze e test di Fileboom\">Leggi tutto<\/a><\/p>\n","protected":false},"author":1,"featured_media":0,"parent":0,"menu_order":0,"comment_status":"closed","ping_status":"closed","template":"","meta":{"yasr_overall_rating":4.8,"yasr_post_is_review":"","yasr_auto_insert_disabled":"","yasr_review_type":"BlogPosting","footnotes":""},"class_list":["post-392","page","type-page","status-publish"],"yasr_visitor_votes":{"stars_attributes":{"read_only":false,"span_bottom":false},"number_of_votes":2,"sum_votes":10},"_links":{"self":[{"href":"https:\/\/fileboom.info\/it\/wp-json\/wp\/v2\/pages\/392"}],"collection":[{"href":"https:\/\/fileboom.info\/it\/wp-json\/wp\/v2\/pages"}],"about":[{"href":"https:\/\/fileboom.info\/it\/wp-json\/wp\/v2\/types\/page"}],"author":[{"embeddable":true,"href":"https:\/\/fileboom.info\/it\/wp-json\/wp\/v2\/users\/1"}],"replies":[{"embeddable":true,"href":"https:\/\/fileboom.info\/it\/wp-json\/wp\/v2\/comments?post=392"}],"version-history":[{"count":19,"href":"https:\/\/fileboom.info\/it\/wp-json\/wp\/v2\/pages\/392\/revisions"}],"predecessor-version":[{"id":715,"href":"https:\/\/fileboom.info\/it\/wp-json\/wp\/v2\/pages\/392\/revisions\/715"}],"wp:attachment":[{"href":"https:\/\/fileboom.info\/it\/wp-json\/wp\/v2\/media?parent=392"}],"curies":[{"name":"wp","href":"https:\/\/api.w.org\/{rel}","templated":true}]}}