{"id":450,"date":"2021-05-18T09:08:51","date_gmt":"2021-05-18T07:08:51","guid":{"rendered":"https:\/\/fileboom.info\/fileboom-experiencias-e-testes\/"},"modified":"2023-10-18T20:04:21","modified_gmt":"2023-10-18T18:04:21","slug":"fileboom-experiencias-e-testes","status":"publish","type":"page","link":"https:\/\/fileboom.info\/pt-br\/","title":{"rendered":"Fileboom experi\u00eancias e testes"},"content":{"rendered":"\n<div class=\"wp-block-columns is-layout-flex wp-container-core-columns-is-layout-1 wp-block-columns-is-layout-flex\">\n<div class=\"wp-block-column is-layout-flow wp-block-column-is-layout-flow\" style=\"flex-basis:33.33%\">\n<figure class=\"wp-block-image size-full\"><img loading=\"lazy\" decoding=\"async\" width=\"512\" height=\"512\" src=\"https:\/\/fileboom.info\/wp-content\/uploads\/2021\/11\/fileboom.jpg\" alt=\"Fileboom\" class=\"wp-image-598\" srcset=\"https:\/\/fileboom.info\/wp-content\/uploads\/2021\/11\/fileboom.jpg 512w, https:\/\/fileboom.info\/wp-content\/uploads\/2021\/11\/fileboom-300x300.jpg 300w, https:\/\/fileboom.info\/wp-content\/uploads\/2021\/11\/fileboom-150x150.jpg 150w\" sizes=\"(max-width: 512px) 100vw, 512px\" \/><\/figure>\n<\/div>\n\n\n\n<div class=\"wp-block-column is-layout-flow wp-block-column-is-layout-flow\" style=\"flex-basis:66.66%\">\n<p>O Fileboom.me de Filehoster Premium tem sido uma plataforma de hospedagem de arquivos com um n\u00famero cada vez maior de usu\u00e1rios e grande popularidade por v\u00e1rios anos. Mas \u00e9 realmente manter o que promete? Quais s\u00e3o as vantagens? E qu\u00e3o segura e s\u00e9ria \u00e9 a oferta? Fizemos o teste detalhado e colocamos Fileboom \u00e0 prova com todas as fun\u00e7\u00f5es e adi\u00e7\u00f5es premium.<\/p>\n\n\n\n<div class=\"wp-block-buttons is-layout-flex wp-block-buttons-is-layout-flex\">\n<div class=\"wp-block-button\"><a class=\"wp-block-button__link has-white-color has-vivid-cyan-blue-background-color has-text-color has-background\" href=\"https:\/\/fileboom.info\/go\/fileboom\/\" style=\"border-radius:10px\" rel=\"sponsored\"><strong><span class=\"has-inline-color has-white-color\">V\u00e1 para Fileboom  &gt;&gt;<\/span><\/strong><\/a><\/div>\n<\/div>\n<\/div>\n<\/div>\n\n<h2 class=\"wp-block-heading\">Fileboom brevemente apresentado<\/h2>\n\n<p>Fileboom \u00e9 um hoster de arquivos premium especializado no armazenamento seguro de dados. O provedor de Edimburgo, Reino Unido, que vem misturando o mercado de host de arquivos desde 2014, oferece n\u00e3o apenas o armazenamento, mas tamb\u00e9m o download de arquivos e dados. Fileboom oferece uma conta gratuita. Se voc\u00ea quiser desfrutar de 5 GB de volume de armazenamento e um tempo de download r\u00e1pido, recomendamos o pacote premium econ\u00f4mico. O hoster de arquivos est\u00e1 em conformidade com as normas de seguran\u00e7a e regulamentos de privacidade mais recentes. O pagamento \u00e9 feito via PayPal e com todos os principais cart\u00f5es de cr\u00e9dito.<\/p>\n\n<h2 class=\"wp-block-heading\">Todas as 4 contas e ofertas<\/h2>\n\n<p>Os acessos premium est\u00e3o dispon\u00edveis em 4 variantes. As diferen\u00e7as s\u00e3o na dura\u00e7\u00e3o e um pre\u00e7o escalonado. Com um longo prazo, voc\u00ea pode economizar significativamente. Os pacotes mais atrativos provavelmente ser\u00e3o de 90 dias por US$ 49,95 ou at\u00e9 mesmo a ades\u00e3o anual por US$ 129,95.<\/p>\n\n<p>Uma vis\u00e3o geral detalhada <a href=\"#Fileboom-Kosten\" class=\"rank-math-link\">dos custos pode ser encontrada aqui.<\/a><\/p>\n\n<figure class=\"wp-block-image size-full\"><img loading=\"lazy\" decoding=\"async\" width=\"800\" height=\"600\" src=\"https:\/\/fileboom.info\/wp-content\/uploads\/2022\/09\/Fileboom-Screenshot-Kosten.jpg\" alt=\"Contas Fileboom\" class=\"wp-image-658\" srcset=\"https:\/\/fileboom.info\/wp-content\/uploads\/2022\/09\/Fileboom-Screenshot-Kosten.jpg 800w, https:\/\/fileboom.info\/wp-content\/uploads\/2022\/09\/Fileboom-Screenshot-Kosten-300x225.jpg 300w, https:\/\/fileboom.info\/wp-content\/uploads\/2022\/09\/Fileboom-Screenshot-Kosten-768x576.jpg 768w\" sizes=\"(max-width: 800px) 100vw, 800px\" \/><\/figure>\n\n<div class=\"wp-block-buttons is-layout-flex wp-block-buttons-is-layout-flex\">\n<div class=\"wp-block-button\"><a class=\"wp-block-button__link has-white-color has-vivid-cyan-blue-background-color has-text-color has-background\" href=\"https:\/\/fileboom.info\/go\/fileboom\/\" style=\"border-radius:10px\"><strong><span class=\"has-inline-color has-white-color\">V\u00e1 para Fileboom  &gt;&gt;<\/span><\/strong><\/a><\/div>\n<\/div>\n\n<h2 class=\"wp-block-heading\">Fileboom Conta Premium em um relance<\/h2>\n\n<p>O acesso premium far\u00e1 sentido para a maioria dos usu\u00e1rios. As vantagens sobre o acesso padr\u00e3o est\u00e3o principalmente na velocidade de download, no tamanho do arquivo e na possibilidade de executar v\u00e1rios downloads em paralelo. Testamos o Fileboom Premium para voc\u00ea e reunimos todas as vantagens, recursos e dicas sobre privacidade e interface do usu\u00e1rio.<\/p>\n\n<h3 class=\"wp-block-heading\">Benef\u00edcios do Fileboom Premium<\/h3>\n\n<p><b style=\"background-color: transparent; letter-spacing: 0.2px;\">Download r\u00e1pido<\/b><br\/>Com acesso premium, os usu\u00e1rios podem aproveitar ao m\u00e1ximo a velocidade de download n\u00e3o furada. Embora atualmente n\u00e3o haja um teste de velocidade neutro, as taxas em nossos pr\u00f3prios testes de usu\u00e1rio est\u00e3o na vers\u00e3o gratuita em cerca de 50 kb\/s e na vers\u00e3o premium em uma faixa entre <b>750 kb\/s a 1,5 Mb\/s<\/b>.<\/p>\n\n<p><b>Tamanho m\u00e1ximo do arquivo<\/b><br\/>Fileboom Premium permite que arquivos muito maiores sejam baixados e baixados at\u00e9 um m\u00e1ximo de <b>5GB.<\/b> Para uso gratuito, o provedor especifica um limite de 500 Mb.<\/p>\n\n<p><b>Gerente <br\/> de Download<\/b> Os gerentes de download externos, como .B podem ser encontrados aqui na Heise, podem ser usados sem problemas. <b>JDownloader tamb\u00e9m<\/b> funciona bem como o aplicativo em v\u00e1rias <b>VPNs e proxies<\/b>. No entanto, espera-se que a velocidade diminua.<\/p>\n\n<p>Por exemplo, VPNS com proxies em oferta podem ser encontrados aqui:<\/p>\n\n<ul class=\"wp-block-list\"><li>Pia<\/li><li>VPN segura<\/li><li>Nvpn<\/li><li>Ovpn<\/li><li>Privacidade perfeita<\/li><li>Ironsocket<\/li><\/ul>\n\n<p><b><br\/> Armazenamento mais longo<\/b> Downloads incompletos ou arquivos inativos s\u00e3o armazenados por at\u00e9 tr\u00eas meses, de modo que nada seja perdido mesmo durante uma pausa.<\/p>\n\n<p><b>V\u00e1rios downloads <br\/> em paralelo<\/b> Um fator n\u00e3o insignificante que fala para acesso premium: voc\u00ea pode iniciar v\u00e1rios downloads ao mesmo tempo. Isso n\u00e3o \u00e9 poss\u00edvel na vers\u00e3o gratuita.<\/p>\n\n<p><b>Sem <br\/> tempo de espera<\/b> Na Conta Premium, n\u00e3o h\u00e1 tempo de espera de 30 segundos antes do in\u00edcio do download. Os downloads come\u00e7am imediatamente e sem demora.<\/p>\n\n<figure class=\"wp-block-image\"><img decoding=\"async\" src=\"https:\/\/fileboom.info\/wp-content\/uploads\/2020\/07\/Fileboom-Screenshot-Funktionen.jpg\" alt=\"Fun&#xE7;&#xF5;es de captura de tela do Filehosting\"\/><\/figure>\n\n<h3 class=\"wp-block-heading\">Ainda mais desempenho com Premium Pro<\/h3>\n\n<p>A Conta Premium tamb\u00e9m pode ser otimizada escolhendo a atualiza\u00e7\u00e3o para o Premium Pro. A nova conta Premium Pro do Fileboom oferece ainda mais desempenho do que a conta Premium regular. Al\u00e9m disso, h\u00e1 o seguinte plus para os recursos:<\/p>\n\n<ul class=\"wp-block-list\"><li>50 GB em vez de 20 GB de tr\u00e1fego di\u00e1rio<\/li><li>Sem mais limita\u00e7\u00e3o na velocidade<\/li><li>V\u00eddeos tamb\u00e9m podem ser assistidos online<\/li><li>Downloads s\u00e3o 100% anonimizados<\/li><li>O tamanho m\u00e1ximo do arquivo \u00e9 de 10 GB em vez de 5 GB<\/li><\/ul>\n\n<figure class=\"wp-block-image size-full\"><img loading=\"lazy\" decoding=\"async\" width=\"950\" height=\"310\" src=\"https:\/\/fileboom.info\/wp-content\/uploads\/2021\/03\/Fileboom-Premium-Pro-Features.jpg\" alt=\"Fileboom Premium Pro Features\" class=\"wp-image-320\" srcset=\"https:\/\/fileboom.info\/wp-content\/uploads\/2021\/03\/Fileboom-Premium-Pro-Features.jpg 950w, https:\/\/fileboom.info\/wp-content\/uploads\/2021\/03\/Fileboom-Premium-Pro-Features-300x98.jpg 300w, https:\/\/fileboom.info\/wp-content\/uploads\/2021\/03\/Fileboom-Premium-Pro-Features-768x251.jpg 768w\" sizes=\"(max-width: 950px) 100vw, 950px\" \/><\/figure>\n\n<div class=\"wp-block-buttons is-layout-flex wp-block-buttons-is-layout-flex\">\n<div class=\"wp-block-button\"><a class=\"wp-block-button__link has-white-color has-vivid-cyan-blue-background-color has-text-color has-background\" href=\"https:\/\/fileboom.info\/go\/fileboom\/\" style=\"border-radius:10px\"><strong><span class=\"has-inline-color has-white-color\">V\u00e1 para Fileboom  &gt;&gt;<\/span><\/strong><\/a><\/div>\n<\/div>\n\n<h3 class=\"wp-block-heading\">Outras caracter\u00edsticas<\/h3>\n\n<p><strong>Carregar via FTP e HTTP<\/strong><br\/>Os uploads podem ser convenientemente iniciados a qualquer momento via FTP e HTTP.<\/p>\n\n<p><strong>Fun\u00e7\u00e3o de relat\u00f3rio<\/strong><br\/>Relat\u00f3rios predefinidos podem ser recuperados na conta. Dessa forma, voc\u00ea sempre tem uma vis\u00e3o geral de uploads e downloads passados por dias, semanas e meses.<\/p>\n\n<h3 class=\"wp-block-heading\">usabilidade<\/h3>\n\n<p>Fileboom foi constru\u00eddo pelos desenvolvedores em uma experi\u00eancia intuitiva do usu\u00e1rio. Conscientemente, uma orienta\u00e7\u00e3o de usu\u00e1rio complicada e incompreens\u00edvel foi dispensada, de modo que n\u00e3o se perca tempo desnecess\u00e1rio para entender a ferramenta Filehoster.<\/p>\n\n<h3 class=\"wp-block-heading\">inscri\u00e7\u00e3o<\/h3>\n\n<p>Em contraste com outros hosts de arquivos, a aten\u00e7\u00e3o foi dada \u00e0 simpatia do usu\u00e1rio: o registro \u00e9 feito simplesmente atrav\u00e9s das contas do Google ou Facebook. Se voc\u00ea n\u00e3o quiser vincular as contas ao Fileboom, voc\u00ea pode inserir qualquer endere\u00e7o de e-mail e senha. Voc\u00ea j\u00e1 pode chegar \u00e0 interface do usu\u00e1rio, onde voc\u00ea pode come\u00e7ar a carregar dados imediatamente.<\/p>\n\n<h3 class=\"wp-block-heading\">Privacidade, seguran\u00e7a e prote\u00e7\u00e3o de dados<\/h3>\n\n<p>Seguran\u00e7a e prote\u00e7\u00e3o de dados s\u00e3o provavelmente as raz\u00f5es mais importantes pelas quais voc\u00ea decide a favor ou contra um host de arquivos. \u00c9 por isso que demos uma olhada de perto nesses aspectos e os colocamos em seus passos com especialistas em TI. Fileboom conta com as mais recentes tecnologias de seguran\u00e7a e criptografia. Assim, os dados s\u00e3o armazenados de forma absolutamente segura nos servidores do Fileboom. Todos os pagamentos s\u00e3o seguros a partir do acesso de terceiros gra\u00e7as a tecnologias de criptografia de \u00faltima gera\u00e7\u00e3o.<\/p>\n\n<div class=\"wp-block-buttons is-layout-flex wp-block-buttons-is-layout-flex\">\n<div class=\"wp-block-button\"><a class=\"wp-block-button__link has-white-color has-vivid-cyan-blue-background-color has-text-color has-background\" href=\"https:\/\/fileboom.info\/go\/fileboom\/\" style=\"border-radius:10px\"><strong><span class=\"has-inline-color has-white-color\">V\u00e1 para Fileboom  &gt;&gt;<\/span><\/strong><\/a><\/div>\n<\/div>\n\n<h2 class=\"wp-block-heading\" id=\"Fileboom-1\">Custos e Pagamento do Fileboom<\/h2>\n\n<p>Os custos s\u00e3o gerenci\u00e1veis. O hoster de arquivos \u00e9 considerado uma das solu\u00e7\u00f5es mais baratas do mercado. Os custos s\u00e3o reduzidos com vencimentos mais longos. Voc\u00ea pode ter um m\u00eas inteiro por $19.95. Por apenas US$ 49,95, a oferta de 3 meses \u00e9 provavelmente o melhor valor para a maioria dos usu\u00e1rios. Por $129.95 voc\u00ea recebe um ano inteiro de acesso Fileboom Premium e marca o mais barato.<\/p>\n\n<p><strong>Todas as contas premium do Fileboom rapidamente:<\/strong><\/p>\n\n<figure class=\"wp-block-table is-style-regular\"><table><thead><tr><th>30 dias<\/th><th>90 dias<\/th><th>365 dias<\/th><\/tr><\/thead><tbody><tr><td>Sem custos ocultos<br\/><strong>$19.95<\/strong><br\/>(Premium PRO: $29.95)<br\/>por 30 dias<\/td><td>Sem custos ocultos<br\/><strong>$49.95<\/strong><br\/>(Premium PRO: $69.95)<br\/>por 90 dias<\/td><td>Sem custos ocultos<br\/><strong>$ 129,95<\/strong><br\/>(Premium PRO: $179.95)<br\/>por 1 ano<\/td><\/tr><tr><td>$0,67\/dia<\/td><td>$0,55\/dia<\/td><td>$0,36\/dia<\/td><\/tr><tr><td><a href=\"https:\/\/fileboom.info\/go\/fileboom\/\">escolher<\/a><\/td><td><a href=\"https:\/\/fileboom.info\/go\/fileboom\/\">escolher<\/a><\/td><td><a class=\"rank-math-link\" href=\"https:\/\/fileboom.info\/go\/fileboom\/\">escolher<\/a><\/td><\/tr><tr><td>Pagamento 100% seguro<\/td><td>Pagamento 100% seguro<\/td><td>Pagamento 100% seguro<\/td><\/tr><\/tbody><\/table><\/figure>\n\n<h3 class=\"wp-block-heading\">Voucher e Desconto fileboom<\/h3>\n\n<p>Devido \u00e0 sua estrutura de pre\u00e7os claras e baixas taxas, a Fileboom \u00e9 um dos provedores mais baratos do mercado de host de arquivos. Assim, o hoster de arquivos dispensa a emiss\u00e3o de c\u00f3digos de cupom ou descontos, que outros concorrentes por sua vez precificam. Dessa forma, o usu\u00e1rio recebe um pre\u00e7o transparente e justo.<\/p>\n\n<h3 class=\"wp-block-heading\">Op\u00e7\u00f5es de pagamento aceitas<\/h3>\n\n<p>Do lado do provedor, s\u00e3o oferecidos os principais cart\u00f5es de cr\u00e9dito Visa, Mastercard, American Express, bem como Discover e JCB. Voc\u00ea tamb\u00e9m pode pagar em Bitcoin. Os meios de pagamento locais tamb\u00e9m s\u00e3o cobertos por links de revenda correspondentes, incluindo PayPal.<\/p>\n\n<p><strong>Todas as op\u00e7\u00f5es de pagamento rapidamente:<\/strong><\/p>\n<div class=\"wp-block-image\">\n<figure class=\"aligncenter size-full\"><img loading=\"lazy\" decoding=\"async\" width=\"900\" height=\"290\" src=\"https:\/\/fileboom.info\/wp-content\/uploads\/2021\/03\/Fileboom-Payments.jpg\" alt=\"Pagamentos Fileboom\" class=\"wp-image-333\" srcset=\"https:\/\/fileboom.info\/wp-content\/uploads\/2021\/03\/Fileboom-Payments.jpg 900w, https:\/\/fileboom.info\/wp-content\/uploads\/2021\/03\/Fileboom-Payments-300x97.jpg 300w, https:\/\/fileboom.info\/wp-content\/uploads\/2021\/03\/Fileboom-Payments-768x247.jpg 768w\" sizes=\"(max-width: 900px) 100vw, 900px\" \/><\/figure><\/div>\n<h3 class=\"wp-block-heading\">Use Fileboom gratuitamente<\/h3>\n\n<p>A vers\u00e3o b\u00e1sica do Fileboom \u00e9 gratuita. Se voc\u00ea gosta de aceitar algumas limita\u00e7\u00f5es em compara\u00e7\u00e3o com a vers\u00e3o premium, a vers\u00e3o b\u00e1sica \u00e9 recomendada. As limita\u00e7\u00f5es consistem nos seguintes pontos:<\/p>\n\n<ul class=\"wp-block-list\"><li>Apenas um download: A vers\u00e3o b\u00e1sica n\u00e3o tem downloads paralelos em<\/li><li>Tempo de espera mais longo: O homem tem que esperar um pouco para o download come\u00e7ar, mas at\u00e9 30 segundos<\/li><li>Velocidade estrangulada: Fileboom na vers\u00e3o b\u00e1sica \u00e9 mais lento do que na vers\u00e3o premium<\/li><li>Menor tempo de armazenamento: os dados inativos s\u00e3o armazenados por apenas 30 dias<\/li><li>Consultas publicit\u00e1rias e captcha: Para oferecer a vers\u00e3o gratuita, o Fileboom exibe publicidade na Internet. Al\u00e9m disso, as consultas de Captcha ocorrem regularmente<\/li><li>Sem gerente de download: A vers\u00e3o gratuita n\u00e3o oferece um gerenciador de downloads.<\/li><\/ul>\n\n<div class=\"wp-block-buttons is-layout-flex wp-block-buttons-is-layout-flex\">\n<div class=\"wp-block-button\"><a class=\"wp-block-button__link has-white-color has-vivid-cyan-blue-background-color has-text-color has-background\" href=\"https:\/\/fileboom.info\/go\/fileboom\/\" style=\"border-radius:10px\"><strong><span class=\"has-inline-color has-white-color\">V\u00e1 para Fileboom  &gt;&gt;<\/span><\/strong><\/a><\/div>\n<\/div>\n\n<p>Ent\u00e3o, se voc\u00ea precisa de um pouco mais de pot\u00eancia, voc\u00ea \u00e9 bem aconselhado com a vers\u00e3o premium paga, mas barata.<\/p>\n\n<h2 class=\"wp-block-heading\">Suporte &amp; Atendimento ao Cliente<\/h2>\n\n<p>O atendimento ao cliente do Fileboom fornece uma \u00e1rea de ajuda em desuso para perguntas frequentes, que devem responder a 95% das perguntas dos usu\u00e1rios. Se o problema for um pouco mais complicado, voc\u00ea pode usar sua solicita\u00e7\u00e3o diretamente para o provedor. Aprendemos que Fimeboom est\u00e1 de volta com uma solu\u00e7\u00e3o em pouco tempo. A \u00e1rea auxiliar pode ser encontrada sob ajuda no rodap\u00e9 do local.<\/p>\n\n<h2 class=\"wp-block-heading\">Alternativas fileboom<\/h2>\n\n<p>H\u00e1 uma lista muito longa de diferentes hosts de arquivos. Como Fileboom vem da mesma casa que Keep 2 Share, definitivamente vale a pena dar uma olhada no &#8220;irm\u00e3o mais velho&#8221;. Outro portal de hospedagem de arquivos do provedor pode ser encontrado sob TezFiles. <\/p>\n\n<p><a role=\"button\" class=\"rank-math-link\" href=\"https:\/\/fileboom.info\/go\/keep2share\/\"><br\/>V\u00e1 para Manter 2 A\u00e7\u00f5es<br\/><\/a><br\/><a role=\"button\" class=\"rank-math-link\" href=\"https:\/\/fileboom.info\/go\/tezfiles\/\"><br\/>V\u00e1 para TezFiles<br\/><\/a><\/p>\n\n<h2 class=\"wp-block-heading\">Nossa conclus\u00e3o sobre Fileboom<\/h2>\n\n<p>Nossa experi\u00eancia com Fileboom \u00e9 consistentemente positiva. Em termos de facilidade de uso, pre\u00e7os, seguran\u00e7a e prote\u00e7\u00e3o de dados, o host de arquivos n\u00e3o tem nada a ver com a Esc\u00f3cia. Fomos convencidos pelo pacote b\u00e1sico gratuito, para que voc\u00ea possa experimentar Fileboom e suas fun\u00e7\u00f5es em paz. Se voc\u00ea precisa de uma velocidade de download muito alta e fazer downloads ao mesmo tempo, voc\u00ea est\u00e1 muito bem abastecido com o pacote premium. Gostamos do simples processo de registro, bem como da simpatia do usu\u00e1rio no uso di\u00e1rio, que dispensa aparelhos desnecess\u00e1rios e demorados. A oferta \u00e9 arredondada pela ambi\u00e7\u00e3o intransigente da Fileboom de fornecer aos seus clientes os protocolos de criptografia mais modernos e seguros.<\/p>\n\n<div class=\"wp-block-buttons is-layout-flex wp-block-buttons-is-layout-flex\">\n<div class=\"wp-block-button\"><a class=\"wp-block-button__link has-white-color has-vivid-cyan-blue-background-color has-text-color has-background\" href=\"https:\/\/fileboom.info\/go\/fileboom\/\" style=\"border-radius:10px\"><strong><span class=\"has-inline-color has-white-color\">V\u00e1 para Fileboom  &gt;&gt;<\/span><\/strong><\/a><\/div>\n<\/div>\n\n<h2 class=\"wp-block-heading\">V\u00eddeos relevantes sobre Fileboom<\/h2>\n\n<div class=\"wp-block-columns is-layout-flex wp-container-core-columns-is-layout-2 wp-block-columns-is-layout-flex\">\n<div class=\"wp-block-column is-layout-flow wp-block-column-is-layout-flow\">\n<figure class=\"wp-block-image size-large\"><a href=\"https:\/\/www.youtube.com\/embed\/CuXqwaUPgOM?feature=oembed&amp;autoplay=1&amp;rel=0&amp;controls=0\" target=\"_blank\" rel=\"noopener\"><img loading=\"lazy\" decoding=\"async\" width=\"400\" height=\"250\" src=\"https:\/\/fileboom.info\/wp-content\/uploads\/2020\/07\/FILEBOOM-VIDEO1.jpg\" alt=\"V&#xED;deo n&#xBA; 1\" class=\"wp-image-125\" srcset=\"https:\/\/fileboom.info\/wp-content\/uploads\/2020\/07\/FILEBOOM-VIDEO1.jpg 400w, https:\/\/fileboom.info\/wp-content\/uploads\/2020\/07\/FILEBOOM-VIDEO1-300x188.jpg 300w\" sizes=\"(max-width: 400px) 100vw, 400px\" \/><\/a><figcaption>V\u00eddeo 1<\/figcaption><\/figure>\n<\/div>\n\n\n\n<div class=\"wp-block-column is-layout-flow wp-block-column-is-layout-flow\">\n<figure class=\"wp-block-image size-large\"><a href=\"https:\/\/www.youtube.com\/embed\/UAQlEPPeYZQ?feature=oembed&amp;autoplay=1&amp;rel=0&amp;controls=0\" target=\"_blank\" rel=\"noopener\"><img loading=\"lazy\" decoding=\"async\" width=\"400\" height=\"250\" src=\"https:\/\/fileboom.info\/wp-content\/uploads\/2020\/07\/FILEBOOM-VIDEO2.jpg\" alt=\"V&#xED;deo n&#xBA; 2\" class=\"wp-image-126\" srcset=\"https:\/\/fileboom.info\/wp-content\/uploads\/2020\/07\/FILEBOOM-VIDEO2.jpg 400w, https:\/\/fileboom.info\/wp-content\/uploads\/2020\/07\/FILEBOOM-VIDEO2-300x188.jpg 300w\" sizes=\"(max-width: 400px) 100vw, 400px\" \/><\/a><figcaption>V\u00eddeo 2<\/figcaption><\/figure>\n<\/div>\n\n\n\n<div class=\"wp-block-column is-layout-flow wp-block-column-is-layout-flow\">\n<figure class=\"wp-block-image size-large\"><a href=\"https:\/\/www.youtube.com\/embed\/CuXqwaUPgOM?feature=oembed&amp;autoplay=1&amp;rel=0&amp;controls=0\" target=\"_blank\" rel=\"noopener\"><img loading=\"lazy\" decoding=\"async\" width=\"400\" height=\"250\" src=\"https:\/\/fileboom.info\/wp-content\/uploads\/2020\/07\/FILEBOOM-VIDEO3.jpg\" alt=\"V&#xED;deo n&#xBA; 3\" class=\"wp-image-127\" srcset=\"https:\/\/fileboom.info\/wp-content\/uploads\/2020\/07\/FILEBOOM-VIDEO3.jpg 400w, https:\/\/fileboom.info\/wp-content\/uploads\/2020\/07\/FILEBOOM-VIDEO3-300x188.jpg 300w\" sizes=\"(max-width: 400px) 100vw, 400px\" \/><\/a><figcaption>V\u00eddeo 3<\/figcaption><\/figure>\n<\/div>\n<\/div>\n\n<h2 class=\"wp-block-heading\">Fileboom FAQ &#8211; perguntas frequentemente feitas<\/h2>\n<div id=\"rank-math-faq\" class=\"rank-math-block\">\n<div class=\"rank-math-list \">\n<div id=\"faq-question-1617026611607\" class=\"rank-math-list-item\">\n<h3 class=\"rank-math-question \">Quanto custa o Fileboom?<\/h3>\n<div class=\"rank-math-answer \">\n\n<p>Fileboom \u00e9 gratuito na vers\u00e3o b\u00e1sica. Al\u00e9m disso, h\u00e1 as contas premium que custam algo:<br \/>30 dias por $19.95<br \/>90 dias por $49.95<br \/>365 dias por $129.95<\/p>\n\n<\/div>\n<\/div>\n<div id=\"faq-question-1617026643406\" class=\"rank-math-list-item\">\n<h3 class=\"rank-math-question \">Qu\u00e3o seguro \u00e9 o Fileboom?<\/h3>\n<div class=\"rank-math-answer \">\n\n<p>O Fileboom \u00e9 um dos provedores mais seguros do mercado e colocou regulamentos apropriados de prote\u00e7\u00e3o de dados. H\u00e1 tamb\u00e9m diretrizes para direitos autorais e propriedade de dados.<\/p>\n\n<\/div>\n<\/div>\n<div id=\"faq-question-1617026661351\" class=\"rank-math-list-item\">\n<h3 class=\"rank-math-question \">O que \u00e9 Fileboom?<\/h3>\n<div class=\"rank-math-answer \">\n\n<p>Fileboom \u00e9 o chamado Hoster de arquivos sobre o qual os dados podem ser armazenados e compartilhados, se necess\u00e1rio.<\/p>\n\n<\/div>\n<\/div>\n<\/div>\n<\/div>\n<p><\/p>\n<div style='text-align:center' class='yasr-auto-insert-overall'><!--Yasr Overall Rating Shortcode--><div class='yasr-custom-text-before-overall' id='yasr-custom-text-before-overall'>Our Score<\/div><div class=\"yasr-overall-rating\"><div class=' yasr-rater-stars'\r\n                           id='yasr-overall-rating-rater-94e040f9056de'\r\n                           data-rating='4.7'\r\n                           data-rater-starsize='24'>\r\n                       <\/div><\/div><!--End Yasr Overall Rating Shortcode--><\/div><div style='text-align:center' class='yasr-auto-insert-visitor'><!--Yasr Visitor Votes Shortcode--><div id='yasr_visitor_votes_94f054ea196d1' class='yasr-visitor-votes'><div class=\"yasr-custom-text-vv-before yasr-custom-text-vv-before-450\">Click to rate this post!<\/div><div id='yasr-vv-second-row-container-94f054ea196d1'\r\n                                        class='yasr-vv-second-row-container'><div id='yasr-visitor-votes-rater-94f054ea196d1'\r\n                                      class='yasr-rater-stars-vv'\r\n                                      data-rater-postid='450'\r\n                                      data-rating='5'\r\n                                      data-rater-starsize='24'\r\n                                      data-rater-readonly='false'\r\n                                      data-rater-nonce='001f784794'\r\n                                      data-issingular='false'\r\n                                    ><\/div><div class=\"yasr-vv-stats-text-container\" id=\"yasr-vv-stats-text-container-94f054ea196d1\"><svg xmlns=\"https:\/\/www.w3.org\/2000\/svg\" width=\"20\" height=\"20\"\r\n                                   class=\"yasr-dashicons-visitor-stats\"\r\n                                   data-postid=\"450\"\r\n                                   id=\"yasr-stats-dashicon-94f054ea196d1\">\r\n                                   <path d=\"M18 18v-16h-4v16h4zM12 18v-11h-4v11h4zM6 18v-8h-4v8h4z\"><\/path>\r\n                               <\/svg><span id=\"yasr-vv-text-container-94f054ea196d1\" class=\"yasr-vv-text-container\">[Total: <span id=\"yasr-vv-votes-number-container-94f054ea196d1\">1<\/span>  Average: <span id=\"yasr-vv-average-container-94f054ea196d1\">5<\/span>]<\/span><\/div><div id='yasr-vv-loader-94f054ea196d1' class='yasr-vv-container-loader'><\/div><\/div><div id='yasr-vv-bottom-container-94f054ea196d1' class='yasr-vv-bottom-container'><\/div><\/div><!--End Yasr Visitor Votes Shortcode--><\/div>","protected":false},"excerpt":{"rendered":"<p>O Fileboom.me de Filehoster Premium tem sido uma plataforma de hospedagem de arquivos com um n\u00famero cada vez maior de usu\u00e1rios e grande popularidade por v\u00e1rios anos. Mas \u00e9 realmente manter o que promete? Quais s\u00e3o as vantagens? E qu\u00e3o segura e s\u00e9ria \u00e9 a oferta? Fizemos o teste detalhado e colocamos Fileboom \u00e0 prova &#8230; <a title=\"Fileboom experi\u00eancias e testes\" class=\"read-more\" href=\"https:\/\/fileboom.info\/pt-br\/\" aria-label=\"Read more about Fileboom experi\u00eancias e testes\">Ler mais<\/a><\/p>\n","protected":false},"author":1,"featured_media":0,"parent":0,"menu_order":0,"comment_status":"closed","ping_status":"closed","template":"","meta":{"yasr_overall_rating":4.7,"yasr_post_is_review":"","yasr_auto_insert_disabled":"","yasr_review_type":"BlogPosting","footnotes":""},"class_list":["post-450","page","type-page","status-publish"],"yasr_visitor_votes":{"stars_attributes":{"read_only":false,"span_bottom":false},"number_of_votes":1,"sum_votes":5},"_links":{"self":[{"href":"https:\/\/fileboom.info\/pt-br\/wp-json\/wp\/v2\/pages\/450"}],"collection":[{"href":"https:\/\/fileboom.info\/pt-br\/wp-json\/wp\/v2\/pages"}],"about":[{"href":"https:\/\/fileboom.info\/pt-br\/wp-json\/wp\/v2\/types\/page"}],"author":[{"embeddable":true,"href":"https:\/\/fileboom.info\/pt-br\/wp-json\/wp\/v2\/users\/1"}],"replies":[{"embeddable":true,"href":"https:\/\/fileboom.info\/pt-br\/wp-json\/wp\/v2\/comments?post=450"}],"version-history":[{"count":20,"href":"https:\/\/fileboom.info\/pt-br\/wp-json\/wp\/v2\/pages\/450\/revisions"}],"predecessor-version":[{"id":726,"href":"https:\/\/fileboom.info\/pt-br\/wp-json\/wp\/v2\/pages\/450\/revisions\/726"}],"wp:attachment":[{"href":"https:\/\/fileboom.info\/pt-br\/wp-json\/wp\/v2\/media?parent=450"}],"curies":[{"name":"wp","href":"https:\/\/api.w.org\/{rel}","templated":true}]}}