{"id":477,"date":"2021-05-18T09:29:46","date_gmt":"2021-05-18T07:29:46","guid":{"rendered":"https:\/\/fileboom.info\/fileboom-experiencias-e-testes\/"},"modified":"2023-10-18T20:04:48","modified_gmt":"2023-10-18T18:04:48","slug":"fileboom-experiencias-e-testes","status":"publish","type":"page","link":"https:\/\/fileboom.info\/pt-pt\/","title":{"rendered":"Fileboom experi\u00eancias e Testes"},"content":{"rendered":"\n<div class=\"wp-block-columns is-layout-flex wp-container-core-columns-is-layout-1 wp-block-columns-is-layout-flex\">\n<div class=\"wp-block-column is-layout-flow wp-block-column-is-layout-flow\" style=\"flex-basis:33.33%\">\n<figure class=\"wp-block-image size-full\"><img loading=\"lazy\" decoding=\"async\" width=\"512\" height=\"512\" src=\"https:\/\/fileboom.info\/wp-content\/uploads\/2021\/11\/fileboom.jpg\" alt=\"Fileboom\" class=\"wp-image-598\" srcset=\"https:\/\/fileboom.info\/wp-content\/uploads\/2021\/11\/fileboom.jpg 512w, https:\/\/fileboom.info\/wp-content\/uploads\/2021\/11\/fileboom-300x300.jpg 300w, https:\/\/fileboom.info\/wp-content\/uploads\/2021\/11\/fileboom-150x150.jpg 150w\" sizes=\"(max-width: 512px) 100vw, 512px\" \/><\/figure>\n<\/div>\n\n\n\n<div class=\"wp-block-column is-layout-flow wp-block-column-is-layout-flow\" style=\"flex-basis:66.66%\">\n<p>O Premium Filehoster Fileboom.me tem sido uma plataforma de hospedagem de ficheiros com um n\u00famero cada vez maior de utilizadores e grande popularidade h\u00e1 v\u00e1rios anos. Mas ser\u00e1 que realmente cumpre o que promete? Quais s\u00e3o as vantagens? E qu\u00e3o segura e s\u00e9ria \u00e9 a oferta? Fizemos o teste detalhado e colocamos Fileboom \u00e0 prova com todas as fun\u00e7\u00f5es e adi\u00e7\u00f5es premium.<\/p>\n\n\n\n<div class=\"wp-block-buttons is-layout-flex wp-block-buttons-is-layout-flex\">\n<div class=\"wp-block-button\"><a class=\"wp-block-button__link has-white-color has-vivid-cyan-blue-background-color has-text-color has-background\" href=\"https:\/\/fileboom.info\/go\/fileboom\/\" style=\"border-radius:10px\" rel=\"sponsored\"><strong><span class=\"has-inline-color has-white-color\">Ir a Fileboom &gt;&gt;<\/span><\/strong><\/a><\/div>\n<\/div>\n<\/div>\n<\/div>\n\n<h2 class=\"wp-block-heading\">Fileboom brevemente apresentado<\/h2>\n\n<p>Fileboom \u00e9 um anfitri\u00e3o de ficheiros premium especializado no armazenamento seguro de dados. O fornecedor de Edimburgo, Reino Unido, que tem vindo a misturar o mercado de anfitri\u00f5es de ficheiros desde 2014, oferece n\u00e3o s\u00f3 o armazenamento, mas tamb\u00e9m o descarregamento de ficheiros e dados. Fileboom oferece uma conta gratuita. Se voc\u00ea quiser desfrutar de 5 GB de volume de armazenamento e um tempo de alta velocidade e descarregamento, recomendamos o pacote premium rent\u00e1vel. O anfitri\u00e3o de ficheiros est\u00e1 em conformidade com os mais recentes padr\u00f5es de seguran\u00e7a e regulamentos de privacidade. O pagamento \u00e9 feito atrav\u00e9s de PayPal e com todos os principais cart\u00f5es de cr\u00e9dito.<\/p>\n\n<h2 class=\"wp-block-heading\">Todas as 4 contas e ofertas<\/h2>\n\n<p>Os acessos premium est\u00e3o dispon\u00edveis em 4 variantes. As diferen\u00e7as s\u00e3o de dura\u00e7\u00e3o e um pre\u00e7o escalonado. A um prazo mais longo, pode poupar significativamente. Os pacotes mais atraentes s\u00e3o provavelmente 90 dias por $49,95 ou mesmo a ades\u00e3o anual por $129,95.<\/p>\n\n<p>Uma <a href=\"#Fileboom-Kosten\" class=\"rank-math-link\">vis\u00e3o geral detalhada dos custos pode ser consultada aqui.<\/a><\/p>\n\n<figure class=\"wp-block-image size-full\"><img loading=\"lazy\" decoding=\"async\" width=\"800\" height=\"600\" src=\"https:\/\/fileboom.info\/wp-content\/uploads\/2022\/09\/Fileboom-Screenshot-Kosten.jpg\" alt=\"Contas Fileboom\" class=\"wp-image-658\" srcset=\"https:\/\/fileboom.info\/wp-content\/uploads\/2022\/09\/Fileboom-Screenshot-Kosten.jpg 800w, https:\/\/fileboom.info\/wp-content\/uploads\/2022\/09\/Fileboom-Screenshot-Kosten-300x225.jpg 300w, https:\/\/fileboom.info\/wp-content\/uploads\/2022\/09\/Fileboom-Screenshot-Kosten-768x576.jpg 768w\" sizes=\"(max-width: 800px) 100vw, 800px\" \/><\/figure>\n\n<div class=\"wp-block-buttons is-layout-flex wp-block-buttons-is-layout-flex\">\n<div class=\"wp-block-button\"><a class=\"wp-block-button__link has-white-color has-vivid-cyan-blue-background-color has-text-color has-background\" href=\"https:\/\/fileboom.info\/go\/fileboom\/\" style=\"border-radius:10px\"><strong><span class=\"has-inline-color has-white-color\">Ir a Fileboom &gt;&gt;<\/span><\/strong><\/a><\/div>\n<\/div>\n\n<h2 class=\"wp-block-heading\">Conta Premium Fileboom num \u00e1pice<\/h2>\n\n<p>O acesso premium far\u00e1 sentido para a maioria dos utilizadores. As vantagens sobre o acesso padr\u00e3o est\u00e3o principalmente na velocidade de descarregamento, no tamanho do ficheiro e na possibilidade de executar v\u00e1rios downloads em paralelo. Test\u00e1mos o Fileboom Premium para si e reunimos todas as vantagens, funcionalidades e dicas sobre privacidade e a interface do utilizador.<\/p>\n\n<h3 class=\"wp-block-heading\">Benef\u00edcios do Fileboom Premium<\/h3>\n\n<p><b style=\"background-color: transparent; letter-spacing: 0.2px;\">Download r\u00e1pido<\/b><br\/>Com acesso premium, os utilizadores podem aproveitar ao m\u00e1ximo a velocidade de descarregamento desmesudas. Embora n\u00e3o exista atualmente um teste de velocidade neutro, as taxas nos nossos pr\u00f3prios testes de utilizador est\u00e3o na vers\u00e3o gratuita a cerca de 50 kb\/s e na vers\u00e3o premium numa gama entre <b>750 kb\/s a 1,5 Mb\/s<\/b>.<\/p>\n\n<p><b>Tamanho m\u00e1ximo do ficheiro<\/b><br\/>Fileboom Premium permite que ficheiros muito maiores sejam descarregados e descarregados at\u00e9 um m\u00e1ximo de <b>5GB.<\/b> Para uso gratuito, o fornecedor especifica um limite de 500 Mb.<\/p>\n\n<p><b>Gestor <br\/> de Descarregamento<\/b> Gestores de descarregamento externos, como .B podem ser encontrados aqui em Heise, podem ser usados sem qualquer problema. <b>JDownloader tamb\u00e9m<\/b> funciona bem como a aplica\u00e7\u00e3o sob <b>v\u00e1rias VPNs e proxies<\/b>. No entanto, espera-se que a velocidade diminua.<\/p>\n\n<p>Por exemplo, VPNS com proxies em oferta pode ser consultado aqui:<\/p>\n\n<ul class=\"wp-block-list\"><li>Pia<\/li><li>VPN seguro<\/li><li>Nvpn<\/li><li>Ovpn<\/li><li>Privacidade Perfeita<\/li><li>Ironsocket<\/li><\/ul>\n\n<p><b><br\/> Armazenamento mais longo<\/b> Os downloads incompletos ou ficheiros inativos s\u00e3o armazenados por um per\u00edodo de at\u00e9 tr\u00eas meses, de modo a que nada se perca mesmo durante um intervalo.<\/p>\n\n<p><b>V\u00e1rios downloads <br\/> em paralelo<\/b> Um fator n\u00e3o insignificante que fala por acesso premium: pode iniciar v\u00e1rios downloads ao mesmo tempo. Isto n\u00e3o \u00e9 poss\u00edvel na vers\u00e3o gratuita.<\/p>\n\n<p><b>Sem <br\/> tempo de espera<\/b> Na Conta Premium, n\u00e3o h\u00e1 tempo de espera de 30 segundos antes do in\u00edcio do download. As transfer\u00eancias come\u00e7am imediatamente e sem demora.<\/p>\n\n<figure class=\"wp-block-image\"><img decoding=\"async\" src=\"https:\/\/fileboom.info\/wp-content\/uploads\/2020\/07\/Fileboom-Screenshot-Funktionen.jpg\" alt=\"Fun&#xE7;&#xF5;es screenshot de filehosting\"\/><\/figure>\n\n<h3 class=\"wp-block-heading\">Ainda mais desempenho com Premium Pro<\/h3>\n\n<p>A Conta Premium tamb\u00e9m pode ser otimizada atrav\u00e9s da escolha da atualiza\u00e7\u00e3o para Premium Pro. A nova conta Premium Pro da Fileboom oferece ainda mais desempenho do que a conta Premium regular. Al\u00e9m disso, h\u00e1 o seguinte mais para as caracter\u00edsticas:<\/p>\n\n<ul class=\"wp-block-list\"><li>50 GB em vez de 20 GB de tr\u00e1fego di\u00e1rio<\/li><li>Sem mais limita\u00e7\u00f5es na velocidade<\/li><li>Os v\u00eddeos tamb\u00e9m podem ser vistos online<\/li><li>Os downloads s\u00e3o 100% anonimizados<\/li><li>O tamanho m\u00e1ximo do ficheiro \u00e9 de 10 GB em vez de 5 GB<\/li><\/ul>\n\n<figure class=\"wp-block-image size-full\"><img loading=\"lazy\" decoding=\"async\" width=\"950\" height=\"310\" src=\"https:\/\/fileboom.info\/wp-content\/uploads\/2021\/03\/Fileboom-Premium-Pro-Features.jpg\" alt=\"Funcionalidades Fileboom Premium Pro\" class=\"wp-image-320\" srcset=\"https:\/\/fileboom.info\/wp-content\/uploads\/2021\/03\/Fileboom-Premium-Pro-Features.jpg 950w, https:\/\/fileboom.info\/wp-content\/uploads\/2021\/03\/Fileboom-Premium-Pro-Features-300x98.jpg 300w, https:\/\/fileboom.info\/wp-content\/uploads\/2021\/03\/Fileboom-Premium-Pro-Features-768x251.jpg 768w\" sizes=\"(max-width: 950px) 100vw, 950px\" \/><\/figure>\n\n<div class=\"wp-block-buttons is-layout-flex wp-block-buttons-is-layout-flex\">\n<div class=\"wp-block-button\"><a class=\"wp-block-button__link has-white-color has-vivid-cyan-blue-background-color has-text-color has-background\" href=\"https:\/\/fileboom.info\/go\/fileboom\/\" style=\"border-radius:10px\"><strong><span class=\"has-inline-color has-white-color\">Ir a Fileboom &gt;&gt;<\/span><\/strong><\/a><\/div>\n<\/div>\n\n<h3 class=\"wp-block-heading\">Outras caracter\u00edsticas<\/h3>\n\n<p><strong>Upload via FTP e HTTP<\/strong><br\/>Os uploads podem ser convenientemente iniciados a qualquer momento atrav\u00e9s de FTP e HTTP.<\/p>\n\n<p><strong>Fun\u00e7\u00e3o de relat\u00f3rio<\/strong><br\/>Relat\u00f3rios predefinidos podem ser recuperados na conta. Desta forma, tem sempre uma vis\u00e3o geral de uploads e downloads passados por dias, semanas e meses.<\/p>\n\n<h3 class=\"wp-block-heading\">usabilidade<\/h3>\n\n<p>Fileboom foi constru\u00eddo pelos desenvolvedores com uma experi\u00eancia intuitiva do utilizador. Conscientemente, foi dispensada uma orienta\u00e7\u00e3o pesada e incompreens\u00edvel do utilizador, para que n\u00e3o se perca tempo desnecess\u00e1rio para compreender a ferramenta Filehoster.<\/p>\n\n<h3 class=\"wp-block-heading\">registo<\/h3>\n\n<p>Em contraste com outros anfitri\u00f5es de ficheiros, foi dada aten\u00e7\u00e3o \u00e0 simpatia do utilizador: o registo \u00e9 feito simplesmente atrav\u00e9s das contas do Google ou facebook. Se n\u00e3o quiser ligar as contas ao Fileboom, pode introduzir qualquer endere\u00e7o de e-mail e senha. J\u00e1 pode chegar \u00e0 interface do utilizador, onde pode come\u00e7ar a carregar dados imediatamente.<\/p>\n\n<h3 class=\"wp-block-heading\">Privacidade, seguran\u00e7a e prote\u00e7\u00e3o de dados<\/h3>\n\n<p>A seguran\u00e7a e a prote\u00e7\u00e3o de dados s\u00e3o provavelmente as raz\u00f5es mais importantes pelas quais decide a favor ou contra um anfitri\u00e3o de ficheiros. \u00c9 por isso que olhamos de perto para estes aspetos e os colocamos nos seus ritmos com especialistas em TI. Fileboom baseia-se nas mais recentes tecnologias de seguran\u00e7a e encripta\u00e7\u00e3o. Assim, os dados s\u00e3o armazenados de forma absolutamente segura nos servidores do Fileboom. Todos os pagamentos s\u00e3o seguros a partir do acesso de terceiros gra\u00e7as a tecnologias de encripta\u00e7\u00e3o de \u00faltima gera\u00e7\u00e3o.<\/p>\n\n<div class=\"wp-block-buttons is-layout-flex wp-block-buttons-is-layout-flex\">\n<div class=\"wp-block-button\"><a class=\"wp-block-button__link has-white-color has-vivid-cyan-blue-background-color has-text-color has-background\" href=\"https:\/\/fileboom.info\/go\/fileboom\/\" style=\"border-radius:10px\"><strong><span class=\"has-inline-color has-white-color\">Ir a Fileboom &gt;&gt;<\/span><\/strong><\/a><\/div>\n<\/div>\n\n<h2 class=\"wp-block-heading\" id=\"Fileboom-1\">Custos e Pagamentos de Fileboom<\/h2>\n\n<p>Os custos s\u00e3o manej\u00e1veis. O anfitri\u00e3o de ficheiros \u00e9 considerado uma das solu\u00e7\u00f5es mais baratas do mercado. Os custos s\u00e3o reduzidos com maturidades mais longas. Podes receber um m\u00eas inteiro por $19,95. Por apenas $49.95, a oferta de 3 meses \u00e9 provavelmente o melhor valor para a maioria dos utilizadores. Por $129.95 voc\u00ea obt\u00e9m um ano inteiro de acesso Fileboom Premium e pontua o mais barato.<\/p>\n\n<p><strong>Todas as contas premium fileboom num \u00e1pice:<\/strong><\/p>\n\n<figure class=\"wp-block-table is-style-regular\"><table><thead><tr><th>30 dias<\/th><th>90 dias<\/th><th>365 dias<\/th><\/tr><\/thead><tbody><tr><td>Sem custos escondidos<br\/><strong>$19.95<\/strong><br\/>(Premium PRO: $29.95)<br\/>por 30 dias<\/td><td>Sem custos escondidos<br\/><strong>$49.95<\/strong><br\/>(Premium PRO: $69.95)<br\/>por 90 dias<\/td><td>Sem custos escondidos<br\/><strong>$ 129,95<\/strong><br\/>(Premium PRO: $179.95)<br\/>por 1 ano<\/td><\/tr><tr><td>$0,67\/dia<\/td><td>$0,55\/dia<\/td><td>$0,36\/dia<\/td><\/tr><tr><td><a href=\"https:\/\/fileboom.info\/go\/fileboom\/\">escolher<\/a><\/td><td><a href=\"https:\/\/fileboom.info\/go\/fileboom\/\">escolher<\/a><\/td><td><a class=\"rank-math-link\" href=\"https:\/\/fileboom.info\/go\/fileboom\/\">escolher<\/a><\/td><\/tr><tr><td>Pagamento 100% seguro<\/td><td>Pagamento 100% seguro<\/td><td>Pagamento 100% seguro<\/td><\/tr><\/tbody><\/table><\/figure>\n\n<h3 class=\"wp-block-heading\">Voucher fileboom e desconto<\/h3>\n\n<p>Devido \u00e0 sua clara estrutura de pre\u00e7os e baixas taxas, a Fileboom \u00e9 um dos fornecedores mais baratos no mercado de anfitri\u00f5es de ficheiros. Assim, o anfitri\u00e3o do ficheiro renuncia \u00e0 emiss\u00e3o de c\u00f3digos ou descontos de cup\u00f5es, que outros concorrentes, por sua vez, t\u00eam pre\u00e7o. Desta forma, o utilizador recebe um pre\u00e7o transparente e justo.<\/p>\n\n<h3 class=\"wp-block-heading\">Op\u00e7\u00f5es de pagamento aceites<\/h3>\n\n<p>Do lado do fornecedor, s\u00e3o oferecidos os principais cart\u00f5es de cr\u00e9dito Visa, Mastercard, American Express, bem como Discover e JCB. Tamb\u00e9m pode pagar em Bitcoin. Os meios de pagamento locais tamb\u00e9m s\u00e3o cobertos por links de revendedores correspondentes, incluindo PayPal.<\/p>\n\n<p><strong>Todas as op\u00e7\u00f5es de pagamento num \u00e1pice:<\/strong><\/p>\n<div class=\"wp-block-image\">\n<figure class=\"aligncenter size-full\"><img loading=\"lazy\" decoding=\"async\" width=\"900\" height=\"290\" src=\"https:\/\/fileboom.info\/wp-content\/uploads\/2021\/03\/Fileboom-Payments.jpg\" alt=\"Pagamentos fileboom\" class=\"wp-image-333\" srcset=\"https:\/\/fileboom.info\/wp-content\/uploads\/2021\/03\/Fileboom-Payments.jpg 900w, https:\/\/fileboom.info\/wp-content\/uploads\/2021\/03\/Fileboom-Payments-300x97.jpg 300w, https:\/\/fileboom.info\/wp-content\/uploads\/2021\/03\/Fileboom-Payments-768x247.jpg 768w\" sizes=\"(max-width: 900px) 100vw, 900px\" \/><\/figure><\/div>\n<h3 class=\"wp-block-heading\">Use fileboom gratuitamente<\/h3>\n\n<p>A vers\u00e3o b\u00e1sica do Fileboom \u00e9 gratuita. Se gosta de aceitar algumas limita\u00e7\u00f5es em compara\u00e7\u00e3o com a vers\u00e3o premium, recomenda-se a vers\u00e3o b\u00e1sica. As limita\u00e7\u00f5es consistem nos seguintes pontos:<\/p>\n\n<ul class=\"wp-block-list\"><li>Apenas um download: A vers\u00e3o b\u00e1sica n\u00e3o tem downloads paralelos em<\/li><li>Tempo de espera mais longo: O homem tem de esperar um pouco para o download come\u00e7ar, mas at\u00e9 30 segundos<\/li><li>Velocidade acelerada: Fileboom na vers\u00e3o b\u00e1sica \u00e9 mais lento do que na vers\u00e3o premium<\/li><li>Tempo de armazenamento mais curto: Os dados inativos s\u00e3o armazenados por apenas 30 dias<\/li><li>Consultas de publicidade e Captcha: Para oferecer a vers\u00e3o gratuita, a Fileboom exibe publicidade \u00e0 Internet. Al\u00e9m disso, as consultas de Captcha ocorrem regularmente<\/li><li>Sem gestor de descarregamento: A vers\u00e3o gratuita n\u00e3o oferece um gestor de descarregamento.<\/li><\/ul>\n\n<div class=\"wp-block-buttons is-layout-flex wp-block-buttons-is-layout-flex\">\n<div class=\"wp-block-button\"><a class=\"wp-block-button__link has-white-color has-vivid-cyan-blue-background-color has-text-color has-background\" href=\"https:\/\/fileboom.info\/go\/fileboom\/\" style=\"border-radius:10px\"><strong><span class=\"has-inline-color has-white-color\">Ir a Fileboom &gt;&gt;<\/span><\/strong><\/a><\/div>\n<\/div>\n\n<p>Portanto, se precisar de um pouco mais de energia, \u00e9 bem aconselh\u00e1vel com a vers\u00e3o premium paga mas barata.<\/p>\n\n<h2 class=\"wp-block-heading\">Apoio &amp; Atendimento ao Cliente<\/h2>\n\n<p>O atendimento ao cliente da Fileboom fornece uma \u00e1rea de ajuda desafetada para perguntas frequentes, que deve responder a 95% das perguntas dos utilizadores. Se o problema for um pouco mais complicado, pode utilizar o seu pedido diretamente ao fornecedor. Soubemos que Fimeboom est\u00e1 de volta com uma solu\u00e7\u00e3o num instante. A \u00e1rea auxiliar pode ser encontrada sob AJUDA no rodap\u00e9 do local.<\/p>\n\n<h2 class=\"wp-block-heading\">Alternativas fileboom<\/h2>\n\n<p>H\u00e1 uma longa lista de anfitri\u00f5es de ficheiros diferentes. Uma vez que Fileboom vem da mesma casa que o Keep 2 Share, vale definitivamente a pena olhar para o &#8220;irm\u00e3o mais velho&#8221;. Outro portal de hospedagem de ficheiros do fornecedor pode ser encontrado no \u00e2mbito do TezFiles. <\/p>\n\n<p><a role=\"button\" class=\"rank-math-link\" href=\"https:\/\/fileboom.info\/go\/keep2share\/\"><br\/>Ir para manter 2 partilhas<br\/><\/a><br\/><a role=\"button\" class=\"rank-math-link\" href=\"https:\/\/fileboom.info\/go\/tezfiles\/\"><br\/>Ir ao TezFiles<br\/><\/a><\/p>\n\n<h2 class=\"wp-block-heading\">A nossa conclus\u00e3o sobre Fileboom<\/h2>\n\n<p>A nossa experi\u00eancia com a Fileboom \u00e9 consistentemente positiva. Em termos de facilidade de utiliza\u00e7\u00e3o, pre\u00e7os, seguran\u00e7a e prote\u00e7\u00e3o de dados, o anfitri\u00e3o dos ficheiros n\u00e3o tem nada a ver com a Esc\u00f3cia. Est\u00e1vamos convencidos pelo pacote b\u00e1sico gratuito, para que pudesse experimentar Fileboom e as suas fun\u00e7\u00f5es em paz. Se voc\u00ea precisa de uma velocidade de download muito alta e executar downloads ao mesmo tempo, voc\u00ea est\u00e1 muito bem fornecido com o pacote premium. Gost\u00e1mos do processo de registo simples, bem como da simpatia do utilizador no uso di\u00e1rio, que dispensa gadgets desnecess\u00e1rios e demorados. A oferta \u00e9 completada pela ambi\u00e7\u00e3o intransigente da Fileboom de fornecer aos seus clientes os protocolos de encripta\u00e7\u00e3o mais modernos e seguros.<\/p>\n\n<div class=\"wp-block-buttons is-layout-flex wp-block-buttons-is-layout-flex\">\n<div class=\"wp-block-button\"><a class=\"wp-block-button__link has-white-color has-vivid-cyan-blue-background-color has-text-color has-background\" href=\"https:\/\/fileboom.info\/go\/fileboom\/\" style=\"border-radius:10px\"><strong><span class=\"has-inline-color has-white-color\">Ir a Fileboom &gt;&gt;<\/span><\/strong><\/a><\/div>\n<\/div>\n\n<h2 class=\"wp-block-heading\">V\u00eddeos relevantes sobre Fileboom<\/h2>\n\n<div class=\"wp-block-columns is-layout-flex wp-container-core-columns-is-layout-2 wp-block-columns-is-layout-flex\">\n<div class=\"wp-block-column is-layout-flow wp-block-column-is-layout-flow\">\n<figure class=\"wp-block-image size-large\"><a href=\"https:\/\/www.youtube.com\/embed\/CuXqwaUPgOM?feature=oembed&amp;autoplay=1&amp;rel=0&amp;controls=0\" target=\"_blank\" rel=\"noopener\"><img loading=\"lazy\" decoding=\"async\" width=\"400\" height=\"250\" src=\"https:\/\/fileboom.info\/wp-content\/uploads\/2020\/07\/FILEBOOM-VIDEO1.jpg\" alt=\"V&#xED;deo n&#xBA; 1\" class=\"wp-image-125\" srcset=\"https:\/\/fileboom.info\/wp-content\/uploads\/2020\/07\/FILEBOOM-VIDEO1.jpg 400w, https:\/\/fileboom.info\/wp-content\/uploads\/2020\/07\/FILEBOOM-VIDEO1-300x188.jpg 300w\" sizes=\"(max-width: 400px) 100vw, 400px\" \/><\/a><figcaption>V\u00eddeo 1<\/figcaption><\/figure>\n<\/div>\n\n\n\n<div class=\"wp-block-column is-layout-flow wp-block-column-is-layout-flow\">\n<figure class=\"wp-block-image size-large\"><a href=\"https:\/\/www.youtube.com\/embed\/UAQlEPPeYZQ?feature=oembed&amp;autoplay=1&amp;rel=0&amp;controls=0\" target=\"_blank\" rel=\"noopener\"><img loading=\"lazy\" decoding=\"async\" width=\"400\" height=\"250\" src=\"https:\/\/fileboom.info\/wp-content\/uploads\/2020\/07\/FILEBOOM-VIDEO2.jpg\" alt=\"V&#xED;deo n&#xBA; 2\" class=\"wp-image-126\" srcset=\"https:\/\/fileboom.info\/wp-content\/uploads\/2020\/07\/FILEBOOM-VIDEO2.jpg 400w, https:\/\/fileboom.info\/wp-content\/uploads\/2020\/07\/FILEBOOM-VIDEO2-300x188.jpg 300w\" sizes=\"(max-width: 400px) 100vw, 400px\" \/><\/a><figcaption>V\u00eddeo 2<\/figcaption><\/figure>\n<\/div>\n\n\n\n<div class=\"wp-block-column is-layout-flow wp-block-column-is-layout-flow\">\n<figure class=\"wp-block-image size-large\"><a href=\"https:\/\/www.youtube.com\/embed\/CuXqwaUPgOM?feature=oembed&amp;autoplay=1&amp;rel=0&amp;controls=0\" target=\"_blank\" rel=\"noopener\"><img loading=\"lazy\" decoding=\"async\" width=\"400\" height=\"250\" src=\"https:\/\/fileboom.info\/wp-content\/uploads\/2020\/07\/FILEBOOM-VIDEO3.jpg\" alt=\"V&#xED;deo n&#xBA; 3\" class=\"wp-image-127\" srcset=\"https:\/\/fileboom.info\/wp-content\/uploads\/2020\/07\/FILEBOOM-VIDEO3.jpg 400w, https:\/\/fileboom.info\/wp-content\/uploads\/2020\/07\/FILEBOOM-VIDEO3-300x188.jpg 300w\" sizes=\"(max-width: 400px) 100vw, 400px\" \/><\/a><figcaption>V\u00eddeo 3<\/figcaption><\/figure>\n<\/div>\n<\/div>\n\n<h2 class=\"wp-block-heading\">Fileboom FAQ &#8211; perguntas frequentes<\/h2>\n<div id=\"rank-math-faq\" class=\"rank-math-block\">\n<div class=\"rank-math-list \">\n<div id=\"faq-question-1617026611607\" class=\"rank-math-list-item\">\n<h3 class=\"rank-math-question \">Quanto custa o Fileboom?<\/h3>\n<div class=\"rank-math-answer \">\n\n<p>Fileboom \u00e9 gratuito na vers\u00e3o b\u00e1sica. Al\u00e9m disso, existem as contas premium que custam algo:<br \/>30 dias por $19.95<br \/>90 dias por $49.95<br \/>365 dias por $129.95<\/p>\n\n<\/div>\n<\/div>\n<div id=\"faq-question-1617026643406\" class=\"rank-math-list-item\">\n<h3 class=\"rank-math-question \">Qu\u00e3o seguro \u00e9 o Fileboom?<\/h3>\n<div class=\"rank-math-answer \">\n\n<p>A Fileboom \u00e9 um dos fornecedores mais seguros do mercado e colocou regulamentos adequados de prote\u00e7\u00e3o de dados. Existem tamb\u00e9m orienta\u00e7\u00f5es para os direitos de autor e a propriedade dos dados.<\/p>\n\n<\/div>\n<\/div>\n<div id=\"faq-question-1617026661351\" class=\"rank-math-list-item\">\n<h3 class=\"rank-math-question \">O que \u00e9 Fileboom?<\/h3>\n<div class=\"rank-math-answer \">\n\n<p>Fileboom \u00e9 um chamado File Hoster no qual os dados podem ser armazenados e partilhados se necess\u00e1rio.<\/p>\n\n<\/div>\n<\/div>\n<\/div>\n<\/div>\n<p><\/p>\n<div style='text-align:center' class='yasr-auto-insert-overall'><!--Yasr Overall Rating Shortcode--><div class='yasr-custom-text-before-overall' id='yasr-custom-text-before-overall'>Our Score<\/div><div class=\"yasr-overall-rating\"><div class=' yasr-rater-stars'\r\n                           id='yasr-overall-rating-rater-dbed2d0f693b4'\r\n                           data-rating='4.8'\r\n                           data-rater-starsize='24'>\r\n                       <\/div><\/div><!--End Yasr Overall Rating Shortcode--><\/div><div style='text-align:center' class='yasr-auto-insert-visitor'><!--Yasr Visitor Votes Shortcode--><div id='yasr_visitor_votes_8909d2d6fbb38' class='yasr-visitor-votes'><div class=\"yasr-custom-text-vv-before yasr-custom-text-vv-before-477\">Click to rate this post!<\/div><div id='yasr-vv-second-row-container-8909d2d6fbb38'\r\n                                        class='yasr-vv-second-row-container'><div id='yasr-visitor-votes-rater-8909d2d6fbb38'\r\n                                      class='yasr-rater-stars-vv'\r\n                                      data-rater-postid='477'\r\n                                      data-rating='5'\r\n                                      data-rater-starsize='24'\r\n                                      data-rater-readonly='false'\r\n                                      data-rater-nonce='d5ed42997d'\r\n                                      data-issingular='false'\r\n                                    ><\/div><div class=\"yasr-vv-stats-text-container\" id=\"yasr-vv-stats-text-container-8909d2d6fbb38\"><svg xmlns=\"https:\/\/www.w3.org\/2000\/svg\" width=\"20\" height=\"20\"\r\n                                   class=\"yasr-dashicons-visitor-stats\"\r\n                                   data-postid=\"477\"\r\n                                   id=\"yasr-stats-dashicon-8909d2d6fbb38\">\r\n                                   <path d=\"M18 18v-16h-4v16h4zM12 18v-11h-4v11h4zM6 18v-8h-4v8h4z\"><\/path>\r\n                               <\/svg><span id=\"yasr-vv-text-container-8909d2d6fbb38\" class=\"yasr-vv-text-container\">[Total: <span id=\"yasr-vv-votes-number-container-8909d2d6fbb38\">1<\/span>  Average: <span id=\"yasr-vv-average-container-8909d2d6fbb38\">5<\/span>]<\/span><\/div><div id='yasr-vv-loader-8909d2d6fbb38' class='yasr-vv-container-loader'><\/div><\/div><div id='yasr-vv-bottom-container-8909d2d6fbb38' class='yasr-vv-bottom-container'><\/div><\/div><!--End Yasr Visitor Votes Shortcode--><\/div>","protected":false},"excerpt":{"rendered":"<p>O Premium Filehoster Fileboom.me tem sido uma plataforma de hospedagem de ficheiros com um n\u00famero cada vez maior de utilizadores e grande popularidade h\u00e1 v\u00e1rios anos. Mas ser\u00e1 que realmente cumpre o que promete? Quais s\u00e3o as vantagens? E qu\u00e3o segura e s\u00e9ria \u00e9 a oferta? Fizemos o teste detalhado e colocamos Fileboom \u00e0 prova &#8230; <a title=\"Fileboom experi\u00eancias e Testes\" class=\"read-more\" href=\"https:\/\/fileboom.info\/pt-pt\/\" aria-label=\"Leia mais sobre Fileboom experi\u00eancias e Testes\">Ler mais<\/a><\/p>\n","protected":false},"author":1,"featured_media":0,"parent":0,"menu_order":0,"comment_status":"closed","ping_status":"closed","template":"","meta":{"yasr_overall_rating":4.8,"yasr_post_is_review":"","yasr_auto_insert_disabled":"","yasr_review_type":"BlogPosting","footnotes":""},"class_list":["post-477","page","type-page","status-publish"],"yasr_visitor_votes":{"stars_attributes":{"read_only":false,"span_bottom":false},"number_of_votes":1,"sum_votes":5},"_links":{"self":[{"href":"https:\/\/fileboom.info\/pt-pt\/wp-json\/wp\/v2\/pages\/477"}],"collection":[{"href":"https:\/\/fileboom.info\/pt-pt\/wp-json\/wp\/v2\/pages"}],"about":[{"href":"https:\/\/fileboom.info\/pt-pt\/wp-json\/wp\/v2\/types\/page"}],"author":[{"embeddable":true,"href":"https:\/\/fileboom.info\/pt-pt\/wp-json\/wp\/v2\/users\/1"}],"replies":[{"embeddable":true,"href":"https:\/\/fileboom.info\/pt-pt\/wp-json\/wp\/v2\/comments?post=477"}],"version-history":[{"count":11,"href":"https:\/\/fileboom.info\/pt-pt\/wp-json\/wp\/v2\/pages\/477\/revisions"}],"predecessor-version":[{"id":730,"href":"https:\/\/fileboom.info\/pt-pt\/wp-json\/wp\/v2\/pages\/477\/revisions\/730"}],"wp:attachment":[{"href":"https:\/\/fileboom.info\/pt-pt\/wp-json\/wp\/v2\/media?parent=477"}],"curies":[{"name":"wp","href":"https:\/\/api.w.org\/{rel}","templated":true}]}}