{"id":424,"date":"2021-05-05T17:25:33","date_gmt":"2021-05-05T15:25:33","guid":{"rendered":"https:\/\/fileboom.info\/fileboom-upplevelser-och-testning\/"},"modified":"2023-10-18T20:06:36","modified_gmt":"2023-10-18T18:06:36","slug":"fileboom-upplevelser-och-testning","status":"publish","type":"page","link":"https:\/\/fileboom.info\/sv\/","title":{"rendered":"Fileboom upplevelser och testning"},"content":{"rendered":"\n<div class=\"wp-block-columns is-layout-flex wp-container-core-columns-is-layout-1 wp-block-columns-is-layout-flex\">\n<div class=\"wp-block-column is-layout-flow wp-block-column-is-layout-flow\" style=\"flex-basis:33.33%\">\n<figure class=\"wp-block-image size-full\"><img loading=\"lazy\" decoding=\"async\" width=\"512\" height=\"512\" src=\"https:\/\/fileboom.info\/wp-content\/uploads\/2021\/11\/fileboom.jpg\" alt=\"Fileboom\" class=\"wp-image-598\" srcset=\"https:\/\/fileboom.info\/wp-content\/uploads\/2021\/11\/fileboom.jpg 512w, https:\/\/fileboom.info\/wp-content\/uploads\/2021\/11\/fileboom-300x300.jpg 300w, https:\/\/fileboom.info\/wp-content\/uploads\/2021\/11\/fileboom-150x150.jpg 150w\" sizes=\"(max-width: 512px) 100vw, 512px\" \/><\/figure>\n<\/div>\n\n\n\n<div class=\"wp-block-column is-layout-flow wp-block-column-is-layout-flow\" style=\"flex-basis:66.66%\">\n<p>Premium Filehoster Fileboom.me har varit en filhotellplattform med ett st\u00e4ndigt \u00f6kande antal anv\u00e4ndare och stor popularitet i flera \u00e5r. Men h\u00e5ller den verkligen vad den lovar? Vilka \u00e4r f\u00f6rdelarna? Och hur s\u00e4kert och seri\u00f6st \u00e4r erbjudandet? Vi gjorde det detaljerade testet och satte Fileboom p\u00e5 prov med alla funktioner och premiumtillskott.<\/p>\n\n\n\n<div class=\"wp-block-buttons is-layout-flex wp-block-buttons-is-layout-flex\">\n<div class=\"wp-block-button\"><a class=\"wp-block-button__link has-white-color has-vivid-cyan-blue-background-color has-text-color has-background\" href=\"https:\/\/fileboom.info\/go\/fileboom\/\" style=\"border-radius:10px\" rel=\"sponsored\"><strong><span class=\"has-inline-color has-white-color\">G\u00e5 till Fileboom &gt;&gt;<\/span><\/strong><\/a><\/div>\n<\/div>\n<\/div>\n<\/div>\n\n<h2 class=\"wp-block-heading\">Fileboom kortfattat presenterad<\/h2>\n\n<p>Fileboom \u00e4r en premium fil v\u00e4rd som specialiserat sig p\u00e5 s\u00e4ker lagring av data. Leverant\u00f6ren fr\u00e5n Edinburgh, Storbritannien, som har blandat ihop filv\u00e4rdsmarknaden sedan 2014, erbjuder inte bara lagring utan ocks\u00e5 nedladdning av filer och data. Fileboom erbjuder ett gratis konto. Om du vill njuta av 5 GB lagringsvolym och en blixtsnabb upp- och nedladdningstid rekommenderar vi det kostnadseffektiva premiumpaketet. Filv\u00e4rden f\u00f6ljer de senaste s\u00e4kerhetsstandarderna och sekretessbest\u00e4mmelserna. Betalning sker via PayPal och med alla st\u00f6rre kreditkort.<\/p>\n\n<h2 class=\"wp-block-heading\">Alla 4 konton och erbjudanden<\/h2>\n\n<p>Premium\u00e5tkomst finns i 4 varianter. Skillnaderna \u00e4r i varaktigheten och ett f\u00f6rskjutet pris. P\u00e5 l\u00e4ngre sikt kan du spara avsev\u00e4rt. De mest attraktiva paketen kommer sannolikt att vara 90 dagar f\u00f6r $ 49.95 eller till och med det \u00e5rliga medlemskapet f\u00f6r $ 129.95.<\/p>\n\n<p>En <a href=\"#Fileboom-Kosten\" class=\"rank-math-link\">detaljerad \u00f6versikt \u00f6ver kostnaderna hittar du h\u00e4r<\/a>.<\/p>\n\n<figure class=\"wp-block-image size-full\"><img loading=\"lazy\" decoding=\"async\" width=\"800\" height=\"600\" src=\"https:\/\/fileboom.info\/wp-content\/uploads\/2022\/09\/Fileboom-Screenshot-Kosten.jpg\" alt=\"Fileboom-konton\" class=\"wp-image-658\" srcset=\"https:\/\/fileboom.info\/wp-content\/uploads\/2022\/09\/Fileboom-Screenshot-Kosten.jpg 800w, https:\/\/fileboom.info\/wp-content\/uploads\/2022\/09\/Fileboom-Screenshot-Kosten-300x225.jpg 300w, https:\/\/fileboom.info\/wp-content\/uploads\/2022\/09\/Fileboom-Screenshot-Kosten-768x576.jpg 768w\" sizes=\"(max-width: 800px) 100vw, 800px\" \/><\/figure>\n\n<div class=\"wp-block-buttons is-layout-flex wp-block-buttons-is-layout-flex\">\n<div class=\"wp-block-button\"><a class=\"wp-block-button__link has-white-color has-vivid-cyan-blue-background-color has-text-color has-background\" href=\"https:\/\/fileboom.info\/go\/fileboom\/\" style=\"border-radius:10px\"><strong><span class=\"has-inline-color has-white-color\">G\u00e5 till Fileboom &gt;&gt;<\/span><\/strong><\/a><\/div>\n<\/div>\n\n<h2 class=\"wp-block-heading\">Fileboom Premium-konto i korthet<\/h2>\n\n<p>Premium\u00e5tkomst kommer att vara meningsfullt f\u00f6r de flesta anv\u00e4ndare. F\u00f6rdelarna med standard\u00e5tkomsten \u00e4r fr\u00e4mst i nedladdningshastigheten, filstorleken och m\u00f6jligheten att k\u00f6ra flera nedladdningar parallellt. Vi har testat Fileboom Premium \u00e5t dig och satt ihop alla f\u00f6rdelar, funktioner och tips om integritet och anv\u00e4ndargr\u00e4nssnittet.<\/p>\n\n<h3 class=\"wp-block-heading\">F\u00f6rdelar med Fileboom Premium<\/h3>\n\n<p><b style=\"background-color: transparent; letter-spacing: 0.2px;\">Snabb nedladdning<\/b><br\/>Med premium\u00e5tkomst kan anv\u00e4ndare dra full nytta av den obetitlade nedladdningshastigheten. \u00c4ven om det f\u00f6r n\u00e4rvarande inte finns n\u00e5got neutralt hastighetstest, \u00e4r priserna i v\u00e5ra egna anv\u00e4ndartester i gratisversionen p\u00e5 ca 50 kb\/s och i premiumversionen i ett intervall <b>mellan 750 kb\/s till 1,5 Mb\/s<\/b>.<\/p>\n\n<p><b>Maximal filstorlek<\/b><br\/>Fileboom Premium till\u00e5ter mycket st\u00f6rre filer att laddas ner och laddas ner upp till h\u00f6gst <b>5 GB.<\/b> F\u00f6r fri anv\u00e4ndning anger providern en gr\u00e4ns p\u00e5 500 Mb.<\/p>\n\n<p><b>Ladda <br\/> ner chef<\/b> Externa nedladdningshanterare, .B finns h\u00e4r p\u00e5 Heise, kan anv\u00e4ndas utan problem. <b>JDownloader<\/b> fungerar ocks\u00e5 liksom applikationen under <b>olika VPN och proxyservrar<\/b>. Hastigheten f\u00f6rv\u00e4ntas dock minska.<\/p>\n\n<p>Till exempel kan VPNS med proxyservrar som erbjuds hittas h\u00e4r:<\/p>\n\n<ul class=\"wp-block-list\"><li>Pia<\/li><li>S\u00e4ker VPN<\/li><li>Nvpn (nvpn)<\/li><li>Ovpn (p\u00e5 andra)<\/li><li>Perfekt integritet<\/li><li>J\u00e4rnsocket<\/li><\/ul>\n\n<p><b>L\u00e4ngre <br\/> lagring<\/b> Ofullst\u00e4ndiga nedladdningar eller inaktiva filer lagras i upp till tre m\u00e5nader, s\u00e5 att ingenting g\u00e5r f\u00f6rlorat \u00e4ven under en paus.<\/p>\n\n<p><b>Flera <br\/> nedladdningar parallellt<\/b> En inte obetydlig faktor som talar f\u00f6r premium\u00e5tkomst: du kan starta flera nedladdningar samtidigt. Detta \u00e4r inte m\u00f6jligt i gratisversionen.<\/p>\n\n<p><b>Ingen <br\/> v\u00e4ntetid<\/b> P\u00e5 Premium-kontot finns ingen v\u00e4ntetid p\u00e5 30 sekunder innan en nedladdning startar. Nedladdningarna startar omedelbart och utan dr\u00f6jsm\u00e5l.<\/p>\n\n<figure class=\"wp-block-image\"><img decoding=\"async\" src=\"https:\/\/fileboom.info\/wp-content\/uploads\/2020\/07\/Fileboom-Screenshot-Funktionen.jpg\" alt=\"Sk&#xE4;rmbildsfunktioner f&#xF6;r filv&#xE4;rding\"\/><\/figure>\n\n<h3 class=\"wp-block-heading\">\u00c4nnu mer prestanda med Premium Pro<\/h3>\n\n<p>Premiumkontot kan ocks\u00e5 optimeras ytterligare genom att v\u00e4lja uppgraderingen till Premium Pro. Filebooms nya Premium Pro-konto erbjuder \u00e4nnu mer prestanda \u00e4n det vanliga Premium-kontot. Dessutom finns det f\u00f6ljande plus f\u00f6r funktionerna:<\/p>\n\n<ul class=\"wp-block-list\"><li>50 GB ist\u00e4llet f\u00f6r 20 GB daglig trafik<\/li><li>Ingen mer begr\u00e4nsning av hastigheten<\/li><li>Videor kan ocks\u00e5 ses online<\/li><li>Nedladdningar \u00e4r 100% anonymiserade<\/li><li>Den maximala filstorleken \u00e4r 10 GB i st\u00e4llet f\u00f6r 5 GB<\/li><\/ul>\n\n<figure class=\"wp-block-image size-full\"><img loading=\"lazy\" decoding=\"async\" width=\"950\" height=\"310\" src=\"https:\/\/fileboom.info\/wp-content\/uploads\/2021\/03\/Fileboom-Premium-Pro-Features.jpg\" alt=\"Fileboom Premium Pro-funktioner\" class=\"wp-image-320\" srcset=\"https:\/\/fileboom.info\/wp-content\/uploads\/2021\/03\/Fileboom-Premium-Pro-Features.jpg 950w, https:\/\/fileboom.info\/wp-content\/uploads\/2021\/03\/Fileboom-Premium-Pro-Features-300x98.jpg 300w, https:\/\/fileboom.info\/wp-content\/uploads\/2021\/03\/Fileboom-Premium-Pro-Features-768x251.jpg 768w\" sizes=\"(max-width: 950px) 100vw, 950px\" \/><\/figure>\n\n<div class=\"wp-block-buttons is-layout-flex wp-block-buttons-is-layout-flex\">\n<div class=\"wp-block-button\"><a class=\"wp-block-button__link has-white-color has-vivid-cyan-blue-background-color has-text-color has-background\" href=\"https:\/\/fileboom.info\/go\/fileboom\/\" style=\"border-radius:10px\"><strong><span class=\"has-inline-color has-white-color\">G\u00e5 till Fileboom &gt;&gt;<\/span><\/strong><\/a><\/div>\n<\/div>\n\n<h3 class=\"wp-block-heading\">Andra funktioner<\/h3>\n\n<p><strong>Ladda upp via FTP och HTTP<\/strong><br\/>Uppladdningar kan n\u00e4r som helst initieras bekv\u00e4mt via FTP och HTTP.<\/p>\n\n<p><strong>Rapportfunktion<\/strong><br\/>F\u00f6rdefinierade rapporter kan h\u00e4mtas i kontot. P\u00e5 s\u00e5 s\u00e4tt har du alltid en \u00f6versikt \u00f6ver tidigare uppladdningar och nedladdningar efter dagar, veckor och m\u00e5nader.<\/p>\n\n<h3 class=\"wp-block-heading\">anv\u00e4ndbarhet<\/h3>\n\n<p>Fileboom har byggts av utvecklarna p\u00e5 en intuitiv anv\u00e4ndarupplevelse. Medvetet avskaffades en besv\u00e4rlig och obegriplig anv\u00e4ndarv\u00e4gledning, s\u00e5 att man inte sl\u00f6sar on\u00f6dig tid f\u00f6r att f\u00f6rst\u00e5 Filehoster-verktyget.<\/p>\n\n<h3 class=\"wp-block-heading\">registrering<\/h3>\n\n<p>I motsats till andra filv\u00e4rdar uppm\u00e4rksammades anv\u00e4ndarv\u00e4nligheten: registreringen g\u00f6rs helt enkelt via Googles eller Facebooks konton. Om du inte vill l\u00e4nka kontona till Fileboom kan du ange valfri e-postadress och l\u00f6senord. Du kan redan komma till anv\u00e4ndargr\u00e4nssnittet, d\u00e4r du kan b\u00f6rja ladda upp data direkt.<\/p>\n\n<h3 class=\"wp-block-heading\">Integritet, s\u00e4kerhet och dataskydd<\/h3>\n\n<p>S\u00e4kerhet och dataskydd \u00e4r f\u00f6rmodligen de viktigaste anledningarna till att du best\u00e4mmer dig f\u00f6r eller emot en filv\u00e4rd. Det \u00e4r d\u00e4rf\u00f6r vi tittade n\u00e4rmare p\u00e5 dessa aspekter och satte dem genom sina steg med IT-experter. Fileboom f\u00f6rlitar sig p\u00e5 den senaste s\u00e4kerhets- och krypteringstekniken. S\u00e5ledes lagras data helt s\u00e4kert p\u00e5 Filebooms servrar. Alla betalningar \u00e4r s\u00e4kra fr\u00e5n \u00e5tkomst fr\u00e5n tredje part tack vare den senaste krypteringstekniken.<\/p>\n\n<div class=\"wp-block-buttons is-layout-flex wp-block-buttons-is-layout-flex\">\n<div class=\"wp-block-button\"><a class=\"wp-block-button__link has-white-color has-vivid-cyan-blue-background-color has-text-color has-background\" href=\"https:\/\/fileboom.info\/go\/fileboom\/\" style=\"border-radius:10px\"><strong><span class=\"has-inline-color has-white-color\">G\u00e5 till Fileboom &gt;&gt;<\/span><\/strong><\/a><\/div>\n<\/div>\n\n<h2 class=\"wp-block-heading\" id=\"Fileboom-1\">Fileboom Kostnader och betalning<\/h2>\n\n<p>Kostnaderna \u00e4r hanterbara. Filv\u00e4rden anses vara en av de billigaste l\u00f6sningarna p\u00e5 marknaden. Kostnaderna minskas med l\u00e4ngre l\u00f6ptider. Du kan f\u00e5 en hel m\u00e5nad f\u00f6r $ 19.95. F\u00f6r bara $ 49.95 \u00e4r 3-m\u00e5naderserbjudandet f\u00f6rmodligen det b\u00e4sta v\u00e4rdet f\u00f6r de flesta anv\u00e4ndare. F\u00f6r $ 129.95 f\u00e5r du ett helt \u00e5r med Fileboom Premium-\u00e5tkomst och f\u00e5r det billigaste.<\/p>\n\n<p><strong>Alla Fileboom Premium-konton i korthet:<\/strong><\/p>\n\n<figure class=\"wp-block-table is-style-regular\"><table><thead><tr><th>30 dagar<\/th><th>90 dagar<\/th><th>365 dagar<\/th><\/tr><\/thead><tbody><tr><td>Inga dolda kostnader<br\/><strong>$ 19.95<\/strong><br\/>(Premium PRO: $ 29.95)<br\/>i 30 dagar<\/td><td>Inga dolda kostnader<br\/><strong>$ 49.95<\/strong><br\/>(Premium PRO: $ 69.95)<br\/>i 90 dagar<\/td><td>Inga dolda kostnader<br\/><strong>$ 129,95<\/strong><br\/>(Premium PRO: $ 179.95)<br\/>i 1 \u00e5r<\/td><\/tr><tr><td>$0.67\/dag<\/td><td>$0.55\/dag<\/td><td>$0.36\/dag<\/td><\/tr><tr><td><a href=\"https:\/\/fileboom.info\/go\/fileboom\/\">v\u00e4lja<\/a><\/td><td><a href=\"https:\/\/fileboom.info\/go\/fileboom\/\">v\u00e4lja<\/a><\/td><td><a class=\"rank-math-link\" href=\"https:\/\/fileboom.info\/go\/fileboom\/\">v\u00e4lja<\/a><\/td><\/tr><tr><td>100% s\u00e4ker betalning<\/td><td>100% s\u00e4ker betalning<\/td><td>100% s\u00e4ker betalning<\/td><\/tr><\/tbody><\/table><\/figure>\n\n<h3 class=\"wp-block-heading\">Fileboom-kupong och rabatt<\/h3>\n\n<p>P\u00e5 grund av sin tydliga prisstruktur och l\u00e5ga avgifter \u00e4r Fileboom en av de billigaste leverant\u00f6rerna p\u00e5 filv\u00e4rdmarknaden. F\u00f6ljaktligen avst\u00e5r filv\u00e4rden fr\u00e5n utf\u00e4rdandet av kupongkoder eller rabatter, vilket andra konkurrenter i sin tur priss\u00e4tter. P\u00e5 detta s\u00e4tt f\u00e5r anv\u00e4ndaren ett transparent och r\u00e4ttvist pris.<\/p>\n\n<h3 class=\"wp-block-heading\">Accepterade betalningsalternativ<\/h3>\n\n<p>P\u00e5 leverant\u00f6rssidan erbjuds de stora kreditkorten Visa, Mastercard, American Express samt Discover och JCB. Du kan ocks\u00e5 betala i Bitcoin. Lokala betalningsmedel omfattas ocks\u00e5 av motsvarande \u00e5terf\u00f6rs\u00e4ljarl\u00e4nkar, inklusive PayPal.<\/p>\n\n<p><strong>Alla betalningsalternativ i korthet:<\/strong><\/p>\n<div class=\"wp-block-image\">\n<figure class=\"aligncenter size-full\"><img loading=\"lazy\" decoding=\"async\" width=\"900\" height=\"290\" src=\"https:\/\/fileboom.info\/wp-content\/uploads\/2021\/03\/Fileboom-Payments.jpg\" alt=\"Betalningar f&#xF6;r Fileboom\" class=\"wp-image-333\" srcset=\"https:\/\/fileboom.info\/wp-content\/uploads\/2021\/03\/Fileboom-Payments.jpg 900w, https:\/\/fileboom.info\/wp-content\/uploads\/2021\/03\/Fileboom-Payments-300x97.jpg 300w, https:\/\/fileboom.info\/wp-content\/uploads\/2021\/03\/Fileboom-Payments-768x247.jpg 768w\" sizes=\"(max-width: 900px) 100vw, 900px\" \/><\/figure><\/div>\n<h3 class=\"wp-block-heading\">Anv\u00e4nd Fileboom gratis<\/h3>\n\n<p>Den grundl\u00e4ggande versionen av Fileboom \u00e4r gratis. Om du gillar att acceptera n\u00e5gra begr\u00e4nsningar j\u00e4mf\u00f6rt med premiumversionen rekommenderas grundversionen. Begr\u00e4nsningarna best\u00e5r av f\u00f6ljande punkter:<\/p>\n\n<ul class=\"wp-block-list\"><li>Endast en nedladdning: Grundversionen har inte parallella nedladdningar p\u00e5<\/li><li>L\u00e4ngre v\u00e4ntetid: Man m\u00e5ste v\u00e4nta lite p\u00e5 att nedladdningen ska b\u00f6rja, men upp till 30 sekunder<\/li><li>Begr\u00e4nsningshastighet: Fileboom i grundversionen \u00e4r l\u00e5ngsammare \u00e4n i premiumversionen<\/li><li>Kortare lagringstid: Inaktiva data lagras i endast 30 dagar<\/li><li>Annonsering och Captcha-fr\u00e5gor: F\u00f6r att erbjuda gratisversionen visar Fileboom Internetannonsering. Dessutom sker Captcha-fr\u00e5gor regelbundet<\/li><li>Ingen nedladdningshanterare: Gratisversionen erbjuder inte en nedladdningshanterare.<\/li><\/ul>\n\n<div class=\"wp-block-buttons is-layout-flex wp-block-buttons-is-layout-flex\">\n<div class=\"wp-block-button\"><a class=\"wp-block-button__link has-white-color has-vivid-cyan-blue-background-color has-text-color has-background\" href=\"https:\/\/fileboom.info\/go\/fileboom\/\" style=\"border-radius:10px\"><strong><span class=\"has-inline-color has-white-color\">G\u00e5 till Fileboom &gt;&gt;<\/span><\/strong><\/a><\/div>\n<\/div>\n\n<p>S\u00e5 om du beh\u00f6ver lite mer kraft \u00e4r du v\u00e4l rekommenderad med den betalda men billiga premiumversionen.<\/p>\n\n<h2 class=\"wp-block-heading\">Support och kundservice<\/h2>\n\n<p>Filebooms kundtj\u00e4nst tillhandah\u00e5ller ett nedsagt hj\u00e4lpomr\u00e5de f\u00f6r vanliga fr\u00e5gor, som b\u00f6r svara p\u00e5 95% av anv\u00e4ndarnas fr\u00e5gor. Om problemet \u00e4r lite sv\u00e5rare kan du anv\u00e4nda din beg\u00e4ran direkt till leverant\u00f6ren. Vi har l\u00e4rt oss att Fimeboom \u00e4r tillbaka med en l\u00f6sning p\u00e5 nolltid. Hj\u00e4lpomr\u00e5det finns under HJ\u00c4LP i fotfoten p\u00e5 platsen.<\/p>\n\n<h2 class=\"wp-block-heading\">Fileboom-alternativ<\/h2>\n\n<p>Det finns en mycket l\u00e5ng lista med olika filv\u00e4rdar. Eftersom Fileboom kommer fr\u00e5n samma hus som Keep 2 Share \u00e4r det definitivt v\u00e4rt en titt p\u00e5 &#8221;storebror&#8221;. En annan fil v\u00e4rd portal f\u00f6r leverant\u00f6ren finns under TezFiles. <\/p>\n\n<p><a role=\"button\" class=\"rank-math-link\" href=\"https:\/\/fileboom.info\/go\/keep2share\/\"><br\/>G\u00e5 till Beh\u00e5ll 2 Dela<br\/><\/a><br\/><a role=\"button\" class=\"rank-math-link\" href=\"https:\/\/fileboom.info\/go\/tezfiles\/\"><br\/>G\u00e5 till TezFiles<br\/><\/a><\/p>\n\n<h2 class=\"wp-block-heading\">V\u00e5r slutsats om Fileboom<\/h2>\n\n<p>V\u00e5r erfarenhet av Fileboom \u00e4r genomg\u00e5ende positiv. N\u00e4r det g\u00e4ller anv\u00e4ndarv\u00e4nlighet, priss\u00e4ttning, s\u00e4kerhet och dataskydd har filv\u00e4rden ingenting att g\u00f6ra med Skottland. Vi \u00f6vertygades av det kostnadsfria grundpaketet, s\u00e5 att du kan prova Fileboom och dess funktioner i fred. Om du beh\u00f6ver en mycket h\u00f6g nedladdningshastighet och k\u00f6r nedladdningar samtidigt, \u00e4r du mycket v\u00e4l levererad med premiumpaketet. Vi gillade den enkla registreringsprocessen s\u00e5v\u00e4l som anv\u00e4ndarv\u00e4nligheten i daglig anv\u00e4ndning, som avst\u00e5r fr\u00e5n on\u00f6diga och tidskr\u00e4vande prylar. Erbjudandet avrundas av Filebooms kompromissl\u00f6sa ambition att ge dina kunder de modernaste och s\u00e4kraste krypteringsprotokollen.<\/p>\n\n<div class=\"wp-block-buttons is-layout-flex wp-block-buttons-is-layout-flex\">\n<div class=\"wp-block-button\"><a class=\"wp-block-button__link has-white-color has-vivid-cyan-blue-background-color has-text-color has-background\" href=\"https:\/\/fileboom.info\/go\/fileboom\/\" style=\"border-radius:10px\"><strong><span class=\"has-inline-color has-white-color\">G\u00e5 till Fileboom &gt;&gt;<\/span><\/strong><\/a><\/div>\n<\/div>\n\n<h2 class=\"wp-block-heading\">Relevanta videor om Fileboom<\/h2>\n\n<div class=\"wp-block-columns is-layout-flex wp-container-core-columns-is-layout-2 wp-block-columns-is-layout-flex\">\n<div class=\"wp-block-column is-layout-flow wp-block-column-is-layout-flow\">\n<figure class=\"wp-block-image size-large\"><a href=\"https:\/\/www.youtube.com\/embed\/CuXqwaUPgOM?feature=oembed&amp;autoplay=1&amp;rel=0&amp;controls=0\" target=\"_blank\" rel=\"noopener\"><img loading=\"lazy\" decoding=\"async\" width=\"400\" height=\"250\" src=\"https:\/\/fileboom.info\/wp-content\/uploads\/2020\/07\/FILEBOOM-VIDEO1.jpg\" alt=\"Video nr 1\" class=\"wp-image-125\" srcset=\"https:\/\/fileboom.info\/wp-content\/uploads\/2020\/07\/FILEBOOM-VIDEO1.jpg 400w, https:\/\/fileboom.info\/wp-content\/uploads\/2020\/07\/FILEBOOM-VIDEO1-300x188.jpg 300w\" sizes=\"(max-width: 400px) 100vw, 400px\" \/><\/a><figcaption>Video 1<\/figcaption><\/figure>\n<\/div>\n\n\n\n<div class=\"wp-block-column is-layout-flow wp-block-column-is-layout-flow\">\n<figure class=\"wp-block-image size-large\"><a href=\"https:\/\/www.youtube.com\/embed\/UAQlEPPeYZQ?feature=oembed&amp;autoplay=1&amp;rel=0&amp;controls=0\" target=\"_blank\" rel=\"noopener\"><img loading=\"lazy\" decoding=\"async\" width=\"400\" height=\"250\" src=\"https:\/\/fileboom.info\/wp-content\/uploads\/2020\/07\/FILEBOOM-VIDEO2.jpg\" alt=\"Video nr 2\" class=\"wp-image-126\" srcset=\"https:\/\/fileboom.info\/wp-content\/uploads\/2020\/07\/FILEBOOM-VIDEO2.jpg 400w, https:\/\/fileboom.info\/wp-content\/uploads\/2020\/07\/FILEBOOM-VIDEO2-300x188.jpg 300w\" sizes=\"(max-width: 400px) 100vw, 400px\" \/><\/a><figcaption>Video 2<\/figcaption><\/figure>\n<\/div>\n\n\n\n<div class=\"wp-block-column is-layout-flow wp-block-column-is-layout-flow\">\n<figure class=\"wp-block-image size-large\"><a href=\"https:\/\/www.youtube.com\/embed\/CuXqwaUPgOM?feature=oembed&amp;autoplay=1&amp;rel=0&amp;controls=0\" target=\"_blank\" rel=\"noopener\"><img loading=\"lazy\" decoding=\"async\" width=\"400\" height=\"250\" src=\"https:\/\/fileboom.info\/wp-content\/uploads\/2020\/07\/FILEBOOM-VIDEO3.jpg\" alt=\"Video nr 3\" class=\"wp-image-127\" srcset=\"https:\/\/fileboom.info\/wp-content\/uploads\/2020\/07\/FILEBOOM-VIDEO3.jpg 400w, https:\/\/fileboom.info\/wp-content\/uploads\/2020\/07\/FILEBOOM-VIDEO3-300x188.jpg 300w\" sizes=\"(max-width: 400px) 100vw, 400px\" \/><\/a><figcaption>Video 3<\/figcaption><\/figure>\n<\/div>\n<\/div>\n\n<h2 class=\"wp-block-heading\">Vanliga fr\u00e5gor och svar om Fileboom \u2013 vanliga fr\u00e5gor och svar<\/h2>\n<div id=\"rank-math-faq\" class=\"rank-math-block\">\n<div class=\"rank-math-list \">\n<div id=\"faq-question-1617026611607\" class=\"rank-math-list-item\">\n<h3 class=\"rank-math-question \">Hur mycket kostar Fileboom?<\/h3>\n<div class=\"rank-math-answer \">\n\n<p>Fileboom \u00e4r gratis i grundversionen. Dessutom finns det premiumkonton som kostar n\u00e5got:<br \/>30 dagar f\u00f6r $ 19.95<br \/>90 dagar f\u00f6r $ 49.95<br \/>365 dagar f\u00f6r $129.95<\/p>\n\n<\/div>\n<\/div>\n<div id=\"faq-question-1617026643406\" class=\"rank-math-list-item\">\n<h3 class=\"rank-math-question \">Hur s\u00e4ker \u00e4r Fileboom?<\/h3>\n<div class=\"rank-math-answer \">\n\n<p>Fileboom \u00e4r en av de s\u00e4kraste leverant\u00f6rerna p\u00e5 marknaden och har lagt l\u00e4mpliga dataskyddsbest\u00e4mmelser. Det finns ocks\u00e5 riktlinjer f\u00f6r upphovsr\u00e4tt och \u00e4gande av data.<\/p>\n\n<\/div>\n<\/div>\n<div id=\"faq-question-1617026661351\" class=\"rank-math-list-item\">\n<h3 class=\"rank-math-question \">Vad \u00e4r Fileboom?<\/h3>\n<div class=\"rank-math-answer \">\n\n<p>Fileboom \u00e4r en s\u00e5 kallad File Hoster d\u00e4r data kan lagras och delas vid behov.<\/p>\n\n<\/div>\n<\/div>\n<\/div>\n<\/div>\n<p><\/p>\n<div style='text-align:center' class='yasr-auto-insert-overall'><!--Yasr Overall Rating Shortcode--><div class='yasr-custom-text-before-overall' id='yasr-custom-text-before-overall'>Our Score<\/div><div class=\"yasr-overall-rating\"><div class=' yasr-rater-stars'\r\n                           id='yasr-overall-rating-rater-29b09766393ef'\r\n                           data-rating='4.8'\r\n                           data-rater-starsize='24'>\r\n                       <\/div><\/div><!--End Yasr Overall Rating Shortcode--><\/div><div style='text-align:center' class='yasr-auto-insert-visitor'><!--Yasr Visitor Votes Shortcode--><div id='yasr_visitor_votes_fa76b7313e996' class='yasr-visitor-votes'><div class=\"yasr-custom-text-vv-before yasr-custom-text-vv-before-424\">Click to rate this post!<\/div><div id='yasr-vv-second-row-container-fa76b7313e996'\r\n                                        class='yasr-vv-second-row-container'><div id='yasr-visitor-votes-rater-fa76b7313e996'\r\n                                      class='yasr-rater-stars-vv'\r\n                                      data-rater-postid='424'\r\n                                      data-rating='5'\r\n                                      data-rater-starsize='24'\r\n                                      data-rater-readonly='false'\r\n                                      data-rater-nonce='008beaacc9'\r\n                                      data-issingular='false'\r\n                                    ><\/div><div class=\"yasr-vv-stats-text-container\" id=\"yasr-vv-stats-text-container-fa76b7313e996\"><svg xmlns=\"https:\/\/www.w3.org\/2000\/svg\" width=\"20\" height=\"20\"\r\n                                   class=\"yasr-dashicons-visitor-stats\"\r\n                                   data-postid=\"424\"\r\n                                   id=\"yasr-stats-dashicon-fa76b7313e996\">\r\n                                   <path d=\"M18 18v-16h-4v16h4zM12 18v-11h-4v11h4zM6 18v-8h-4v8h4z\"><\/path>\r\n                               <\/svg><span id=\"yasr-vv-text-container-fa76b7313e996\" class=\"yasr-vv-text-container\">[Total: <span id=\"yasr-vv-votes-number-container-fa76b7313e996\">1<\/span>  Average: <span id=\"yasr-vv-average-container-fa76b7313e996\">5<\/span>]<\/span><\/div><div id='yasr-vv-loader-fa76b7313e996' class='yasr-vv-container-loader'><\/div><\/div><div id='yasr-vv-bottom-container-fa76b7313e996' class='yasr-vv-bottom-container'><\/div><\/div><!--End Yasr Visitor Votes Shortcode--><\/div>","protected":false},"excerpt":{"rendered":"<p>Premium Filehoster Fileboom.me har varit en filhotellplattform med ett st\u00e4ndigt \u00f6kande antal anv\u00e4ndare och stor popularitet i flera \u00e5r. Men h\u00e5ller den verkligen vad den lovar? Vilka \u00e4r f\u00f6rdelarna? Och hur s\u00e4kert och seri\u00f6st \u00e4r erbjudandet? Vi gjorde det detaljerade testet och satte Fileboom p\u00e5 prov med alla funktioner och premiumtillskott. Fileboom kortfattat presenterad Fileboom &#8230; <a title=\"Fileboom upplevelser och testning\" class=\"read-more\" href=\"https:\/\/fileboom.info\/sv\/\" aria-label=\"L\u00e4s mer om Fileboom upplevelser och testning\">L\u00e4s mer<\/a><\/p>\n","protected":false},"author":1,"featured_media":0,"parent":0,"menu_order":0,"comment_status":"closed","ping_status":"closed","template":"","meta":{"yasr_overall_rating":4.8,"yasr_post_is_review":"","yasr_auto_insert_disabled":"","yasr_review_type":"BlogPosting","footnotes":""},"class_list":["post-424","page","type-page","status-publish"],"yasr_visitor_votes":{"stars_attributes":{"read_only":false,"span_bottom":false},"number_of_votes":1,"sum_votes":5},"_links":{"self":[{"href":"https:\/\/fileboom.info\/sv\/wp-json\/wp\/v2\/pages\/424"}],"collection":[{"href":"https:\/\/fileboom.info\/sv\/wp-json\/wp\/v2\/pages"}],"about":[{"href":"https:\/\/fileboom.info\/sv\/wp-json\/wp\/v2\/types\/page"}],"author":[{"embeddable":true,"href":"https:\/\/fileboom.info\/sv\/wp-json\/wp\/v2\/users\/1"}],"replies":[{"embeddable":true,"href":"https:\/\/fileboom.info\/sv\/wp-json\/wp\/v2\/comments?post=424"}],"version-history":[{"count":13,"href":"https:\/\/fileboom.info\/sv\/wp-json\/wp\/v2\/pages\/424\/revisions"}],"predecessor-version":[{"id":739,"href":"https:\/\/fileboom.info\/sv\/wp-json\/wp\/v2\/pages\/424\/revisions\/739"}],"wp:attachment":[{"href":"https:\/\/fileboom.info\/sv\/wp-json\/wp\/v2\/media?parent=424"}],"curies":[{"name":"wp","href":"https:\/\/api.w.org\/{rel}","templated":true}]}}